{"id":72118,"date":"2025-10-09T22:23:45","date_gmt":"2025-10-09T22:23:45","guid":{"rendered":"https:\/\/kasima.lt\/?post_type=product&#038;p=72118"},"modified":"2025-10-29T13:35:04","modified_gmt":"2025-10-29T13:35:04","slug":"hudraulilised-kaarid-ksm-ps55-kopija-kopija","status":"publish","type":"product","link":"https:\/\/kasima.lt\/et\/produktas\/hudraulilised-kaarid-ksm-ps55-kopija-kopija\/","title":{"rendered":"Betooni purustuskraanid KSM SC1000"},"content":{"rendered":"<p>KSM SC1000 on suure j\u00f5udlusega h\u00fcdraulilise rootoriga h\u00fcdrauliline purustuskraan, mis on m\u00f5eldud 12-16-tonnistele ekskavaatoritele. See mudel on ideaalne professionaalseks betooni, tellise ja konstruktsioonide purustamiseks ning armatuuri eraldamiseks, tagades suure tootlikkuse ka k\u00f5ige raskemate lammutus\u00fclesannete puhul. <\/p>\n<p>Tehnilised andmed:<\/p>\n<p>Mudel: KSM SC1000<br \/>\nSoovitatav ekskavaatori kaal: 12-16 t<br \/>\nJuhtimine: elektromagnetiline klapp<br \/>\nRootor: h\u00fcdrauliline<br \/>\nKaal (s\u00f5ltuvalt varustusest): ca 950 kg<br \/>\nH\u00fcdraulika t\u00f6\u00f6r\u00f5hk: kuni 300 bar<br \/>\nMax. K\u00e4\u00e4ride avanemine: 535 mm<br \/>\nK\u00e4\u00e4ride k\u00f5rgus: 1820 mm<br \/>\nK\u00e4\u00e4ride laius: 440 mm<br \/>\nKlambrite kandev\u00f5ime: 165 t <\/p>\n","protected":false},"excerpt":{"rendered":"<p>Hind ilma k\u00e4ibemaksuta<\/p>\n<p>Tootja: KSM Attachments<br \/>\nMudel: SC1000<br \/>\nHelista: <a href=\"tel:+37067607071\">+37067607071<\/a><br \/>\nE-post: <a href=\"mailto:sales@kasima.lt\">sales@kasima.lt<\/a><\/p>\n","protected":false},"featured_media":72108,"template":"","meta":{"_et_pb_use_builder":"","_et_pb_old_content":"","_et_gb_content_width":"","_monsterinsights_skip_tracking":false,"_monsterinsights_sitenote_active":false,"_monsterinsights_sitenote_note":"","_monsterinsights_sitenote_category":0},"product_brand":[],"product_cat":[201,212,688,165,234,167],"product_tag":[],"class_list":{"0":"post-72118","1":"product","2":"type-product","3":"status-publish","4":"has-post-thumbnail","6":"product_cat-10-13-tonni","7":"product_cat-13-16-tonni","8":"product_cat-lisaseadmed","9":"product_cat-uus","10":"product_cat-muud-lisaseadmed","11":"product_cat-ekskavaator","13":"first","14":"instock","15":"shipping-taxable","16":"purchasable","17":"product-type-simple"},"aioseo_notices":[],"_links":{"self":[{"href":"https:\/\/kasima.lt\/et\/wp-json\/wp\/v2\/product\/72118","targetHints":{"allow":["GET"]}}],"collection":[{"href":"https:\/\/kasima.lt\/et\/wp-json\/wp\/v2\/product"}],"about":[{"href":"https:\/\/kasima.lt\/et\/wp-json\/wp\/v2\/types\/product"}],"wp:featuredmedia":[{"embeddable":true,"href":"https:\/\/kasima.lt\/et\/wp-json\/wp\/v2\/media\/72108"}],"wp:attachment":[{"href":"https:\/\/kasima.lt\/et\/wp-json\/wp\/v2\/media?parent=72118"}],"wp:term":[{"taxonomy":"product_brand","embeddable":true,"href":"https:\/\/kasima.lt\/et\/wp-json\/wp\/v2\/product_brand?post=72118"},{"taxonomy":"product_cat","embeddable":true,"href":"https:\/\/kasima.lt\/et\/wp-json\/wp\/v2\/product_cat?post=72118"},{"taxonomy":"product_tag","embeddable":true,"href":"https:\/\/kasima.lt\/et\/wp-json\/wp\/v2\/product_tag?post=72118"}],"curies":[{"name":"wp","href":"https:\/\/api.w.org\/{rel}","templated":true}]}}