{"id":72063,"date":"2025-10-09T22:17:11","date_gmt":"2025-10-09T22:17:11","guid":{"rendered":"https:\/\/kasima.lt\/?post_type=product&#038;p=72063"},"modified":"2025-10-29T13:35:04","modified_gmt":"2025-10-29T13:35:04","slug":"hudraulilised-kaarid-ksm-ps55-kopija","status":"publish","type":"product","link":"https:\/\/kasima.lt\/et\/produktas\/hudraulilised-kaarid-ksm-ps55-kopija\/","title":{"rendered":"Betooni purustuskraanid KSM SC500"},"content":{"rendered":"<p>KSM SC 500 on kompaktne, kuid samas v\u00f5imas h\u00fcdrauliline purustuskraan h\u00fcdraulilise rootoriga ekskavaatoritele alates 4-10 tonnist. See on ette n\u00e4htud betooni, tellise ja konstruktsioonide t\u00f5husaks purustamiseks ja eraldamiseks armatuurist lammutus- ja taaskasutust\u00f6\u00f6del. <\/p>\n<p>Tehnilised andmed:<\/p>\n<p>Mudel: KSM SC 500<br \/>\nSoovitatav ekskavaatori kaal: 4-10 t<br \/>\nJuhtimine: elektromagnetiline klapp<br \/>\nRootor: h\u00fcdrauliline<br \/>\nKaal: ca 380 kg<br \/>\nH\u00fcdrauliline t\u00f6\u00f6r\u00f5hk: kuni 230 bar<br \/>\nMax. K\u00e4\u00e4ride avanemine: 415 mm<br \/>\nK\u00e4\u00e4ride k\u00f5rgus: 1350 mm<br \/>\nK\u00e4\u00e4ride laius: 330 mm<br \/>\nKlambrite kandev\u00f5ime: 126 t <\/p>\n","protected":false},"excerpt":{"rendered":"<p>Hind ilma k\u00e4ibemaksuta<\/p>\n<p>Tootja: KSM Attachments<br \/>\nMudel: SC500<br \/>\nHelista: <a href=\"tel:+37067607071\">+37067607071<\/a><br \/>\nEmail: <a href=\"mailto:sales@kasima.lt\">sales@kasima.lt<\/a><\/p>\n","protected":false},"featured_media":72008,"template":"","meta":{"_et_pb_use_builder":"","_et_pb_old_content":"","_et_gb_content_width":"","_monsterinsights_skip_tracking":false,"_monsterinsights_sitenote_active":false,"_monsterinsights_sitenote_note":"","_monsterinsights_sitenote_category":0},"product_brand":[],"product_cat":[161,169,172,688,165,234,167],"product_tag":[],"class_list":{"0":"post-72063","1":"product","2":"type-product","3":"status-publish","4":"has-post-thumbnail","6":"product_cat-3-5-tonni","7":"product_cat-5-7-tonni","8":"product_cat-7-10-tonni","9":"product_cat-lisaseadmed","10":"product_cat-uus","11":"product_cat-muud-lisaseadmed","12":"product_cat-ekskavaator","14":"first","15":"instock","16":"shipping-taxable","17":"purchasable","18":"product-type-simple"},"aioseo_notices":[],"_links":{"self":[{"href":"https:\/\/kasima.lt\/et\/wp-json\/wp\/v2\/product\/72063","targetHints":{"allow":["GET"]}}],"collection":[{"href":"https:\/\/kasima.lt\/et\/wp-json\/wp\/v2\/product"}],"about":[{"href":"https:\/\/kasima.lt\/et\/wp-json\/wp\/v2\/types\/product"}],"wp:featuredmedia":[{"embeddable":true,"href":"https:\/\/kasima.lt\/et\/wp-json\/wp\/v2\/media\/72008"}],"wp:attachment":[{"href":"https:\/\/kasima.lt\/et\/wp-json\/wp\/v2\/media?parent=72063"}],"wp:term":[{"taxonomy":"product_brand","embeddable":true,"href":"https:\/\/kasima.lt\/et\/wp-json\/wp\/v2\/product_brand?post=72063"},{"taxonomy":"product_cat","embeddable":true,"href":"https:\/\/kasima.lt\/et\/wp-json\/wp\/v2\/product_cat?post=72063"},{"taxonomy":"product_tag","embeddable":true,"href":"https:\/\/kasima.lt\/et\/wp-json\/wp\/v2\/product_tag?post=72063"}],"curies":[{"name":"wp","href":"https:\/\/api.w.org\/{rel}","templated":true}]}}