{"id":72003,"date":"2025-10-09T22:08:19","date_gmt":"2025-10-09T22:08:19","guid":{"rendered":"https:\/\/kasima.lt\/?post_type=product&#038;p=72003"},"modified":"2025-10-29T13:35:04","modified_gmt":"2025-10-29T13:35:04","slug":"hudraulilised-kaarid-ksm-ps35-kopija","status":"publish","type":"product","link":"https:\/\/kasima.lt\/et\/produktas\/hudraulilised-kaarid-ksm-ps35-kopija\/","title":{"rendered":"H\u00fcdraulilised k\u00e4\u00e4rid KSM PS55"},"content":{"rendered":"<p>KSM PS35 on v\u00f5imas ja usaldusv\u00e4\u00e4rne h\u00fcdraulilise rootoriga h\u00fcdrauliline k\u00e4\u00e4r, mis on m\u00f5eldud kasutamiseks 6-12-tonniste ekskavaatoritega. See pakub suurt t\u00e4psust, tugevat l\u00f5ikev\u00f5imet ja mitmek\u00fclgsust mitmesugustes ehitus-, lammutus- ja taaskasutust\u00f6\u00f6del. <\/p>\n<p>Tehnilised andmed:<\/p>\n<p>Mudel: KSM PS55<br \/>\nSoovitatav ekskavaatori kaal: 6-12 t<br \/>\nJuhtimine: elektromagnetiline<br \/>\nRootor: h\u00fcdrauliline<br \/>\nKaal: ca 550 kg<br \/>\nH\u00fcdrauliline t\u00f6\u00f6r\u00f5hk: kuni 250 bar<br \/>\nMax. Gill avaus: 515 mm<br \/>\nK\u00e4\u00e4ride k\u00f5rgus: 1500 mm<br \/>\nK\u00e4\u00e4ride laius: 840 mm<br \/>\nSulgemisv\u00f5imsus: 610 kN<br \/>\nL\u00f5iketerad: 100 mm <\/p>\n","protected":false},"excerpt":{"rendered":"<p>Hind ilma k\u00e4ibemaksuta<\/p>\n<p>Tootja: KSM Attachments<br \/>\nMudel: PS55<br \/>\nHelista: <a href=\"tel:+37067607071\">+37067607071<\/a><br \/>\nEmail: <a href=\"mailto:sales@kasima.lt\">sales@kasima.lt<\/a><\/p>\n","protected":false},"featured_media":71909,"template":"","meta":{"_et_pb_use_builder":"","_et_pb_old_content":"","_et_gb_content_width":"","_monsterinsights_skip_tracking":false,"_monsterinsights_sitenote_active":false,"_monsterinsights_sitenote_note":"","_monsterinsights_sitenote_category":0},"product_brand":[],"product_cat":[169,172,201,688,165,234,167],"product_tag":[],"class_list":{"0":"post-72003","1":"product","2":"type-product","3":"status-publish","4":"has-post-thumbnail","6":"product_cat-5-7-tonni","7":"product_cat-7-10-tonni","8":"product_cat-10-13-tonni","9":"product_cat-lisaseadmed","10":"product_cat-uus","11":"product_cat-muud-lisaseadmed","12":"product_cat-ekskavaator","14":"first","15":"instock","16":"shipping-taxable","17":"purchasable","18":"product-type-simple"},"aioseo_notices":[],"_links":{"self":[{"href":"https:\/\/kasima.lt\/et\/wp-json\/wp\/v2\/product\/72003","targetHints":{"allow":["GET"]}}],"collection":[{"href":"https:\/\/kasima.lt\/et\/wp-json\/wp\/v2\/product"}],"about":[{"href":"https:\/\/kasima.lt\/et\/wp-json\/wp\/v2\/types\/product"}],"wp:featuredmedia":[{"embeddable":true,"href":"https:\/\/kasima.lt\/et\/wp-json\/wp\/v2\/media\/71909"}],"wp:attachment":[{"href":"https:\/\/kasima.lt\/et\/wp-json\/wp\/v2\/media?parent=72003"}],"wp:term":[{"taxonomy":"product_brand","embeddable":true,"href":"https:\/\/kasima.lt\/et\/wp-json\/wp\/v2\/product_brand?post=72003"},{"taxonomy":"product_cat","embeddable":true,"href":"https:\/\/kasima.lt\/et\/wp-json\/wp\/v2\/product_cat?post=72003"},{"taxonomy":"product_tag","embeddable":true,"href":"https:\/\/kasima.lt\/et\/wp-json\/wp\/v2\/product_tag?post=72003"}],"curies":[{"name":"wp","href":"https:\/\/api.w.org\/{rel}","templated":true}]}}