{"id":71938,"date":"2025-10-09T22:04:55","date_gmt":"2025-10-09T22:04:55","guid":{"rendered":"https:\/\/kasima.lt\/produktas\/hidraulines-zirkles-ksm-ps35\/"},"modified":"2025-10-29T13:35:04","modified_gmt":"2025-10-29T13:35:04","slug":"hidraulines-zirkles-ksm-ps35","status":"publish","type":"product","link":"https:\/\/kasima.lt\/et\/produktas\/hidraulines-zirkles-ksm-ps35\/","title":{"rendered":"H\u00fcdraulilised k\u00e4\u00e4rid KSM PS35"},"content":{"rendered":"<p>KSM PS35 on v\u00f5imas ja usaldusv\u00e4\u00e4rne h\u00fcdrauliline l\u00f5ikur koos h\u00fcdraulilise rootoriga, mis on ette n\u00e4htud 4-8-tonniste ekskavaatoritega t\u00f6\u00f6tamiseks. See pakub suurt t\u00e4psust, tugevat l\u00f5ikev\u00f5imet ja mitmek\u00fclgsust mitmesugustes ehitus-, lammutus- ja taaskasutust\u00f6\u00f6del. <\/p>\n<p>Tehnilised andmed:<\/p>\n<p>Mudel: KSM PS35<br \/>\nSoovitatav ekskavaatori kaal: 4-8 t<br \/>\nJuhtimine: elektromagnetiline<br \/>\nRootor: h\u00fcdrauliline<br \/>\nKaal: ca 350 kg<br \/>\nH\u00fcdrauliline t\u00f6\u00f6r\u00f5hk: kuni 210 bar<br \/>\nMax. Gill avaus: 435 mm<br \/>\nK\u00e4\u00e4ride k\u00f5rgus: 1270 mm<br \/>\nK\u00e4\u00e4ride laius: 700 mm<br \/>\nKlammerdusv\u00f5imsus: 300 kN<br \/>\nL\u00f5iketerad: 90 mm <\/p>\n","protected":false},"excerpt":{"rendered":"<p>Hind ilma k\u00e4ibemaksuta<\/p>\n<p>Tootja: KSM Attachments<br \/>\nMudel: PS35<br \/>\nHelista: <a href=\"tel:+37067607071\">+37067607071<\/a><br \/>\nEmail: <a href=\"mailto:sales@kasima.lt\">sales@kasima.lt<\/a><\/p>\n","protected":false},"featured_media":71818,"template":"","meta":{"_et_pb_use_builder":"","_et_pb_old_content":"","_et_gb_content_width":"","_monsterinsights_skip_tracking":false,"_monsterinsights_sitenote_active":false,"_monsterinsights_sitenote_note":"","_monsterinsights_sitenote_category":0},"product_brand":[],"product_cat":[161,169,172,688,165,234,167],"product_tag":[],"class_list":{"0":"post-71938","1":"product","2":"type-product","3":"status-publish","4":"has-post-thumbnail","6":"product_cat-3-5-tonni","7":"product_cat-5-7-tonni","8":"product_cat-7-10-tonni","9":"product_cat-lisaseadmed","10":"product_cat-uus","11":"product_cat-muud-lisaseadmed","12":"product_cat-ekskavaator","14":"first","15":"instock","16":"shipping-taxable","17":"purchasable","18":"product-type-simple"},"aioseo_notices":[],"_links":{"self":[{"href":"https:\/\/kasima.lt\/et\/wp-json\/wp\/v2\/product\/71938","targetHints":{"allow":["GET"]}}],"collection":[{"href":"https:\/\/kasima.lt\/et\/wp-json\/wp\/v2\/product"}],"about":[{"href":"https:\/\/kasima.lt\/et\/wp-json\/wp\/v2\/types\/product"}],"wp:featuredmedia":[{"embeddable":true,"href":"https:\/\/kasima.lt\/et\/wp-json\/wp\/v2\/media\/71818"}],"wp:attachment":[{"href":"https:\/\/kasima.lt\/et\/wp-json\/wp\/v2\/media?parent=71938"}],"wp:term":[{"taxonomy":"product_brand","embeddable":true,"href":"https:\/\/kasima.lt\/et\/wp-json\/wp\/v2\/product_brand?post=71938"},{"taxonomy":"product_cat","embeddable":true,"href":"https:\/\/kasima.lt\/et\/wp-json\/wp\/v2\/product_cat?post=71938"},{"taxonomy":"product_tag","embeddable":true,"href":"https:\/\/kasima.lt\/et\/wp-json\/wp\/v2\/product_tag?post=71938"}],"curies":[{"name":"wp","href":"https:\/\/api.w.org\/{rel}","templated":true}]}}