{"id":71812,"date":"2025-10-09T07:54:26","date_gmt":"2025-10-09T07:54:26","guid":{"rendered":"https:\/\/kasima.lt\/produktas\/doosan-duslintuvo-vamzdis\/"},"modified":"2025-10-29T13:35:04","modified_gmt":"2025-10-29T13:35:04","slug":"doosan-duslintuvo-vamzdis","status":"publish","type":"product","link":"https:\/\/kasima.lt\/et\/produktas\/doosan-duslintuvo-vamzdis\/","title":{"rendered":"Doosan summuti toru"},"content":{"rendered":"<p>Rohkem osi ja masina komponente on saadaval KASIMA veebilehel.<br \/>\nT\u00e4psema info, lisafotode v\u00f5i transporditeabe saamiseks v\u00f5tke meiega \u00fchendust telefoni v\u00f5i e-posti teel.<br \/>doosan summuti toru 420203-00162, doosan v\u00e4ljalasketoru, doosan dx140 summuti, doosan segamistoru, osta doosan summuti toru, doosan v\u00e4ljalaskeosad, doosan toru 420203-00162, doosan t4i v\u00e4ljalasketoru, doosan mootori summuti, doosan toru asendamine<\/p>\n","protected":false},"excerpt":{"rendered":"<p>Hind ilma k\u00e4ibemaksuta<\/p>\n<p>Tootja: DOOSAN<br \/>\nMudel: DX140LCR036<br \/>\nHelista: <a href=\"tel:+37060842988\">+37060842988<\/a><br \/>\nE-post: <a href=\"mailto:usedparts@kasima.lt\">usedparts@kasima.lt<\/a><\/p>\n","protected":false},"featured_media":71798,"template":"","meta":{"_et_pb_use_builder":"","_et_pb_old_content":"","_et_gb_content_width":"","_monsterinsights_skip_tracking":false,"_monsterinsights_sitenote_active":false,"_monsterinsights_sitenote_note":"","_monsterinsights_sitenote_category":0},"product_brand":[],"product_cat":[876,926,792,319,684,431,720],"product_tag":[],"class_list":{"0":"post-71812","1":"product","2":"type-product","3":"status-publish","4":"has-post-thumbnail","6":"product_cat-dx140lcr-3-2015","7":"product_cat-summutid-ja-ohufiltrid","8":"product_cat-doosan-varuosad","9":"product_cat-kasutatud-varuosade","10":"product_cat-ekskavaatori-osad","11":"product_cat-ehitusmasinad-varuosade","12":"product_cat-mootori-osad","14":"first","15":"instock","16":"shipping-taxable","17":"purchasable","18":"product-type-simple"},"aioseo_notices":[],"_links":{"self":[{"href":"https:\/\/kasima.lt\/et\/wp-json\/wp\/v2\/product\/71812","targetHints":{"allow":["GET"]}}],"collection":[{"href":"https:\/\/kasima.lt\/et\/wp-json\/wp\/v2\/product"}],"about":[{"href":"https:\/\/kasima.lt\/et\/wp-json\/wp\/v2\/types\/product"}],"wp:featuredmedia":[{"embeddable":true,"href":"https:\/\/kasima.lt\/et\/wp-json\/wp\/v2\/media\/71798"}],"wp:attachment":[{"href":"https:\/\/kasima.lt\/et\/wp-json\/wp\/v2\/media?parent=71812"}],"wp:term":[{"taxonomy":"product_brand","embeddable":true,"href":"https:\/\/kasima.lt\/et\/wp-json\/wp\/v2\/product_brand?post=71812"},{"taxonomy":"product_cat","embeddable":true,"href":"https:\/\/kasima.lt\/et\/wp-json\/wp\/v2\/product_cat?post=71812"},{"taxonomy":"product_tag","embeddable":true,"href":"https:\/\/kasima.lt\/et\/wp-json\/wp\/v2\/product_tag?post=71812"}],"curies":[{"name":"wp","href":"https:\/\/api.w.org\/{rel}","templated":true}]}}