{"id":71305,"date":"2025-10-07T07:43:19","date_gmt":"2025-10-07T07:43:19","guid":{"rendered":"https:\/\/kasima.lt\/produktas\/case-mxm-155-2008-dalimis\/"},"modified":"2025-10-29T13:35:02","modified_gmt":"2025-10-29T13:35:02","slug":"case-mxm-155-2008-dalimis","status":"publish","type":"product","link":"https:\/\/kasima.lt\/et\/produktas\/case-mxm-155-2008-dalimis\/","title":{"rendered":"Case MXM 155 (2008) varuosadeks"},"content":{"rendered":"<p>2008. aasta Case MXM 155 traktor.<br \/>\nKabiin sai \u00f5nnetuses kahjustada, kuid k\u00f5ik muud komponendid on t\u00f6\u00f6korras.<br \/>\n\u2022 Mootor<br \/>\n\u2022 K\u00e4igukast<br \/>\n\u2022 Teljed<br \/>\n\u2022 H\u00fcdraulika<br \/>\nIdeaalne varuosadeks. <\/p>\n","protected":false},"excerpt":{"rendered":"<p>Hind ilma k\u00e4ibemaksuta<\/p>\n<p>Tootja: CASE<br \/>\nMudel: MXM 155<br \/>\nHelista: <a href=\"tel:+37060842988\">+37060842988<\/a><br \/>\nE-post: <a href=\"mailto:usedparts@kasima.lt\">usedparts@kasima.lt<\/a><\/p>\n","protected":false},"featured_media":71296,"template":"","meta":{"_et_pb_use_builder":"","_et_pb_old_content":"","_et_gb_content_width":"","_monsterinsights_skip_tracking":false,"_monsterinsights_sitenote_active":false,"_monsterinsights_sitenote_note":"","_monsterinsights_sitenote_category":0},"product_brand":[],"product_cat":[509,837,491,644,319,700,433,704,720,748,672],"product_tag":[],"class_list":{"0":"post-71305","1":"product","2":"type-product","3":"status-publish","4":"has-post-thumbnail","6":"product_cat-case-osad","7":"product_cat-mxm-155-2008","8":"product_cat-elektroonika-osad","9":"product_cat-kabiinid-ja-osad","10":"product_cat-kasutatud-varuosade","11":"product_cat-traktori-osad","12":"product_cat-pollumajandus-varuosade","13":"product_cat-kaigukasti-osad","14":"product_cat-mootori-osad","15":"product_cat-teljed-ja-osad","16":"product_cat-pidurisusteemi-osad","18":"first","19":"instock","20":"shipping-taxable","21":"product-type-simple"},"aioseo_notices":[],"_links":{"self":[{"href":"https:\/\/kasima.lt\/et\/wp-json\/wp\/v2\/product\/71305","targetHints":{"allow":["GET"]}}],"collection":[{"href":"https:\/\/kasima.lt\/et\/wp-json\/wp\/v2\/product"}],"about":[{"href":"https:\/\/kasima.lt\/et\/wp-json\/wp\/v2\/types\/product"}],"wp:featuredmedia":[{"embeddable":true,"href":"https:\/\/kasima.lt\/et\/wp-json\/wp\/v2\/media\/71296"}],"wp:attachment":[{"href":"https:\/\/kasima.lt\/et\/wp-json\/wp\/v2\/media?parent=71305"}],"wp:term":[{"taxonomy":"product_brand","embeddable":true,"href":"https:\/\/kasima.lt\/et\/wp-json\/wp\/v2\/product_brand?post=71305"},{"taxonomy":"product_cat","embeddable":true,"href":"https:\/\/kasima.lt\/et\/wp-json\/wp\/v2\/product_cat?post=71305"},{"taxonomy":"product_tag","embeddable":true,"href":"https:\/\/kasima.lt\/et\/wp-json\/wp\/v2\/product_tag?post=71305"}],"curies":[{"name":"wp","href":"https:\/\/api.w.org\/{rel}","templated":true}]}}