{"id":68442,"date":"2025-09-23T07:52:24","date_gmt":"2025-09-23T07:52:24","guid":{"rendered":"https:\/\/kasima.lt\/produktas\/cat-216b\/"},"modified":"2025-10-29T13:34:48","modified_gmt":"2025-10-29T13:34:48","slug":"cat-216b","status":"publish","type":"product","link":"https:\/\/kasima.lt\/et\/produktas\/cat-216b\/","title":{"rendered":"CAT 216B"},"content":{"rendered":"<p>CAT 216B minilaadur<\/p>\n<p>Aasta: 2007<br \/>\nMootor: CAT C2.2, 4-silindriline, 2,2 l<br \/>\nV\u00f5imsus: 37 kW \/ 50 hj<br \/>\nMootori t\u00f6\u00f6tundide arv: 2 142<br \/>\nSeisund: Kasutatud, v\u00e4ga korralik<\/p>\n<p>Suletud ja k\u00f6etav kabiin<br \/>\nMootor: CAT C2.2, diisel, 4-silindriline<br \/>\nV\u00f5imsus: 37 kW \/ 50 hj<br \/>\nT\u00f6\u00f6kaal: ~2 800 kg<br \/>\nK\u00e4igukast: h\u00fcdrostaatiline ajam<br \/>\nK\u00f5rgus kabiini kohal: ~1,95 m<br \/>\nLaadimisk\u00f5rgus: ~2,17 m<br \/>\nLaius \u00fcle rataste: ~1,52 m<br \/>\nKaasa arvatud kopp ja kaubaaluste kahvel.<\/p>\n<p>CAT 216B minilaadur m\u00fc\u00fcgiks Leedus &#8211; kompaktne ja usaldusv\u00e4\u00e4rne minilaadur, mis sobib paljudeks ehitus-, haljastus- ja p\u00f5llumajandust\u00f6\u00f6deks.  <\/p>\n<p>Kahvelt\u00f5stuk on \u00e4sja saabunud, see on l\u00e4binud tehnilise kontrolli.<br \/>\nKontrollimine ja testimine toimub UAB KASIMA laos.<br \/>\nKohaletoimetamine kogu Leedus.<\/p>\n","protected":false},"excerpt":{"rendered":"<p>Hind ilma k\u00e4ibemaksuta<\/p>\n<p>Tootja: CAT<br \/>\nMudel: 216B<br \/>\nHelista: <a href=\"tel:+37067607071\">+37067607071<\/a><br \/>\nEmail: <a href=\"mailto:sales@kasima.lt\">sales@kasima.lt<\/a><\/p>\n","protected":false},"featured_media":68257,"template":"","meta":{"_et_pb_use_builder":"","_et_pb_old_content":"","_et_gb_content_width":"","_monsterinsights_skip_tracking":false,"_monsterinsights_sitenote_active":false,"_monsterinsights_sitenote_note":"","_monsterinsights_sitenote_category":0},"product_brand":[],"product_cat":[777,147],"product_tag":[],"class_list":{"0":"post-68442","1":"product","2":"type-product","3":"status-publish","4":"has-post-thumbnail","6":"product_cat-masinad","7":"product_cat-ehitus","9":"first","10":"outofstock","11":"shipping-taxable","12":"product-type-simple"},"aioseo_notices":[],"_links":{"self":[{"href":"https:\/\/kasima.lt\/et\/wp-json\/wp\/v2\/product\/68442","targetHints":{"allow":["GET"]}}],"collection":[{"href":"https:\/\/kasima.lt\/et\/wp-json\/wp\/v2\/product"}],"about":[{"href":"https:\/\/kasima.lt\/et\/wp-json\/wp\/v2\/types\/product"}],"wp:featuredmedia":[{"embeddable":true,"href":"https:\/\/kasima.lt\/et\/wp-json\/wp\/v2\/media\/68257"}],"wp:attachment":[{"href":"https:\/\/kasima.lt\/et\/wp-json\/wp\/v2\/media?parent=68442"}],"wp:term":[{"taxonomy":"product_brand","embeddable":true,"href":"https:\/\/kasima.lt\/et\/wp-json\/wp\/v2\/product_brand?post=68442"},{"taxonomy":"product_cat","embeddable":true,"href":"https:\/\/kasima.lt\/et\/wp-json\/wp\/v2\/product_cat?post=68442"},{"taxonomy":"product_tag","embeddable":true,"href":"https:\/\/kasima.lt\/et\/wp-json\/wp\/v2\/product_tag?post=68442"}],"curies":[{"name":"wp","href":"https:\/\/api.w.org\/{rel}","templated":true}]}}