{"id":67931,"date":"2025-09-19T12:25:11","date_gmt":"2025-09-19T12:25:11","guid":{"rendered":"https:\/\/kasima.lt\/produktas\/doosan-dx140lcr-3-parduodamas-dalimis\/"},"modified":"2025-10-29T13:34:47","modified_gmt":"2025-10-29T13:34:47","slug":"doosan-dx140lcr-3-parduodamas-dalimis","status":"publish","type":"product","link":"https:\/\/kasima.lt\/et\/produktas\/doosan-dx140lcr-3-parduodamas-dalimis\/","title":{"rendered":"Doosan DX140LCR-3 m\u00fc\u00fcakse osadena"},"content":{"rendered":"<p>Doosan ekskavaator (2015) on osadeks lahti monteeritud.<br \/>\nMootoril on rike, kuid enamik komponente on heas seisukorras.<br \/>\nSaadaval olevad osad:<br \/>\nK\u00f5ik h\u00fcdraulikas\u00fcsteemid on heas seisukorras,<br \/>\nsilindrid,<br \/>\nroomikud,<br \/>\naluse komponendid,<br \/>\nl\u00f5pp\u00fclekanded,<br \/>\nk\u00e4igukast,<br \/>\njahutuss\u00fcsteem,<br \/>\nkabiinikomponendid,<br \/>\nelektroonika ja muud. <\/p>\n","protected":false},"excerpt":{"rendered":"<p>Hind ilma k\u00e4ibemaksuta<\/p>\n<p>Tootja: DOOSAN<br \/>\nMudel: DX140LCR-3<br \/>Helista: <a href=\"tel:+37060842988\">+37060842988<\/a><br \/>E-post: <a href=\"mailto:usedparts@kasima.lt\">usedparts@kasima.lt<\/a><\/p>\n","protected":false},"featured_media":67882,"template":"","meta":{"_et_pb_use_builder":"","_et_pb_old_content":"","_et_gb_content_width":"","_monsterinsights_skip_tracking":false,"_monsterinsights_sitenote_active":false,"_monsterinsights_sitenote_note":"","_monsterinsights_sitenote_category":0},"product_brand":[],"product_cat":[876,792,491,608,640,428,684,720,744],"product_tag":[],"class_list":{"0":"post-67931","1":"product","2":"type-product","3":"status-publish","4":"has-post-thumbnail","6":"product_cat-dx140lcr-3-2015","7":"product_cat-doosan-varuosad","8":"product_cat-elektroonika-osad","9":"product_cat-hudrosusteemi-osad","10":"product_cat-kere-osad","11":"product_cat-muud-varuosade","12":"product_cat-ekskavaatori-osad","13":"product_cat-mootori-osad","14":"product_cat-sassii-osad","16":"first","17":"instock","18":"shipping-taxable","19":"product-type-simple"},"aioseo_notices":[],"_links":{"self":[{"href":"https:\/\/kasima.lt\/et\/wp-json\/wp\/v2\/product\/67931","targetHints":{"allow":["GET"]}}],"collection":[{"href":"https:\/\/kasima.lt\/et\/wp-json\/wp\/v2\/product"}],"about":[{"href":"https:\/\/kasima.lt\/et\/wp-json\/wp\/v2\/types\/product"}],"wp:featuredmedia":[{"embeddable":true,"href":"https:\/\/kasima.lt\/et\/wp-json\/wp\/v2\/media\/67882"}],"wp:attachment":[{"href":"https:\/\/kasima.lt\/et\/wp-json\/wp\/v2\/media?parent=67931"}],"wp:term":[{"taxonomy":"product_brand","embeddable":true,"href":"https:\/\/kasima.lt\/et\/wp-json\/wp\/v2\/product_brand?post=67931"},{"taxonomy":"product_cat","embeddable":true,"href":"https:\/\/kasima.lt\/et\/wp-json\/wp\/v2\/product_cat?post=67931"},{"taxonomy":"product_tag","embeddable":true,"href":"https:\/\/kasima.lt\/et\/wp-json\/wp\/v2\/product_tag?post=67931"}],"curies":[{"name":"wp","href":"https:\/\/api.w.org\/{rel}","templated":true}]}}