{"id":67590,"date":"2025-08-12T06:03:47","date_gmt":"2025-08-12T06:03:47","guid":{"rendered":"https:\/\/kasima3.bcapps.lt\/produktas\/kiiruhendus-35-180-125-165-mm-mehaaniline\/"},"modified":"2025-10-29T13:34:46","modified_gmt":"2025-10-29T13:34:46","slug":"kiiruhendus-35-180-125-165-mm-mehaaniline","status":"publish","type":"product","link":"https:\/\/kasima.lt\/et\/produktas\/kiiruhendus-35-180-125-165-mm-mehaaniline\/","title":{"rendered":"Kiir\u00fchendus 35-180-125\/165 mm, mehaaniline"},"content":{"rendered":"<p>Usaldusv\u00e4\u00e4rne ja mitmek\u00fclgne kiirkinnitusseadis ekskavaatoritele. Kiireks ja ohutuks lisaseadmete vahetamiseks.   <\/p>\n<p>SPETSIFIKATSIOONID:<br \/>\nLukustust\u00fc\u00fcp: mehaaniline<br \/>\nTolli l\u00e4bim\u00f5\u00f5t (D1=D2): 35mm<br \/>\nNoolestiku keskpunktide vahemaa (A1): 180mm<br \/>\nKaubikukse keskpunktide vahemaa (A2): 180mm<br \/>\nEkskavaatori poomi laius (W): 125\/165mm<br \/>\nKaeva k\u00f5rvadevaheline kaugus (W2): D1 \u00fclemine tapp = 165mm\/D2 \u00fclemine tapp = 125mm<br \/>\nReguleeritav kaeva lukustuse teekond (A2)<\/p>\n<p>Kiirliitmik sobib Case CX20, Case CX22, Case CX22B, Case CX23, Case CX27B, Daewoo Solar 027, Daewoo Solar 030, Doosan DX27Z, Doosan DX35Z, Hanix H26B, Hanix H29A, Hanix H30A, Hyundai R25Z-9A, Hyundai R27Z-9A, New Holland E25-2SR, New Holland E27-2SR, Takeuchi TB125, Takeuchi TB225, Takeuchi TB228, Takeuchi TB230, Takeuchi TB23R, Takeuchi TB28FR ja muud spetsifikatsioonidele vastavad ekskavaatorid.<\/p>\n","protected":false},"excerpt":{"rendered":"<p>Hind ilma k\u00e4ibemaksuta<\/p>\n<p>Tootja: ekskavaatori kiirhaakeseadis<br \/>\nMudel: M 35-180-125\/165<br \/>\nHelista: <a href=\"tel:+37067607071\">+37067607071<\/a><br \/>\nE-post: <a href=\"mailto:sales@kasima.lt\">sales@kasima.lt<\/a><\/p>\n","protected":false},"featured_media":65981,"template":"","meta":{"_et_pb_use_builder":"","_et_pb_old_content":"","_et_gb_content_width":"","_monsterinsights_skip_tracking":false,"_monsterinsights_sitenote_active":false,"_monsterinsights_sitenote_note":"","_monsterinsights_sitenote_category":0},"product_brand":[],"product_cat":[159,165,284,167],"product_tag":[],"class_list":{"0":"post-67590","1":"product","2":"type-product","3":"status-publish","4":"has-post-thumbnail","6":"product_cat-15-3-tonni","7":"product_cat-uus","8":"product_cat-ekskavaatori-kiirkonks","9":"product_cat-ekskavaator","11":"first","12":"instock","13":"shipping-taxable","14":"purchasable","15":"product-type-simple"},"aioseo_notices":[],"_links":{"self":[{"href":"https:\/\/kasima.lt\/et\/wp-json\/wp\/v2\/product\/67590","targetHints":{"allow":["GET"]}}],"collection":[{"href":"https:\/\/kasima.lt\/et\/wp-json\/wp\/v2\/product"}],"about":[{"href":"https:\/\/kasima.lt\/et\/wp-json\/wp\/v2\/types\/product"}],"wp:featuredmedia":[{"embeddable":true,"href":"https:\/\/kasima.lt\/et\/wp-json\/wp\/v2\/media\/65981"}],"wp:attachment":[{"href":"https:\/\/kasima.lt\/et\/wp-json\/wp\/v2\/media?parent=67590"}],"wp:term":[{"taxonomy":"product_brand","embeddable":true,"href":"https:\/\/kasima.lt\/et\/wp-json\/wp\/v2\/product_brand?post=67590"},{"taxonomy":"product_cat","embeddable":true,"href":"https:\/\/kasima.lt\/et\/wp-json\/wp\/v2\/product_cat?post=67590"},{"taxonomy":"product_tag","embeddable":true,"href":"https:\/\/kasima.lt\/et\/wp-json\/wp\/v2\/product_tag?post=67590"}],"curies":[{"name":"wp","href":"https:\/\/api.w.org\/{rel}","templated":true}]}}