{"id":67502,"date":"2025-08-14T11:52:44","date_gmt":"2025-08-14T11:52:44","guid":{"rendered":"https:\/\/kasima3.bcapps.lt\/produktas\/cat-303e-kummist-roomikud\/"},"modified":"2025-10-29T13:34:44","modified_gmt":"2025-10-29T13:34:44","slug":"cat-303e-kummist-roomikud","status":"publish","type":"product","link":"https:\/\/kasima.lt\/et\/produktas\/cat-303e-kummist-roomikud\/","title":{"rendered":"CAT 303E kummist roomikud"},"content":{"rendered":"<p>Kasutatud originaalosa, eemaldatud CAT 303E CR miniekskavaatorilt.<br \/>\nOEM roomikud CAT miniekskavaatoritele.<br \/>\nT\u00e4ielikult kontrollitud ja paigaldamiseks valmis. \u00dchel roomikul on v\u00e4ike kummi t\u00fckk rebenenud (n\u00e4ha fotodel).<br \/>\nMaailma laiaulatuslik transport.<br \/>\nKaalu ja m\u00f5\u00f5tmed saatmiseks:<br \/>\n\u2022 umbes 130 kg<br \/>\n\u2022 300&#215;52,5&#215;84<br \/>\nKataloogi number:<br \/>\n\u2022 153-5982 <\/p>\n","protected":false},"excerpt":{"rendered":"<p>Hind ilma k\u00e4ibemaksuta<\/p>\n<p>Tootja: CAT<br \/>\nMudel: CAT303E008<br \/>\nHelista: <a href=\"tel:+37060842988\">+37060842988<\/a><br \/>\nE-post: <a href=\"mailto:usedparts@kasima.lt\">usedparts@kasima.lt<\/a><\/p>\n","protected":false},"featured_media":66761,"template":"","meta":{"_et_pb_use_builder":"","_et_pb_old_content":"","_et_gb_content_width":"","_monsterinsights_skip_tracking":false,"_monsterinsights_sitenote_active":false,"_monsterinsights_sitenote_note":"","_monsterinsights_sitenote_category":0},"product_brand":[],"product_cat":[881,517,319,684,431,680],"product_tag":[],"class_list":{"0":"post-67502","1":"product","2":"type-product","3":"status-publish","4":"has-post-thumbnail","6":"product_cat-881","7":"product_cat-cat-osad","8":"product_cat-kasutatud-varuosade","9":"product_cat-ekskavaatori-osad","10":"product_cat-ehitusmasinad-varuosade","11":"product_cat-roomikud-ja-osad","13":"first","14":"instock","15":"shipping-taxable","16":"purchasable","17":"product-type-simple"},"aioseo_notices":[],"_links":{"self":[{"href":"https:\/\/kasima.lt\/et\/wp-json\/wp\/v2\/product\/67502","targetHints":{"allow":["GET"]}}],"collection":[{"href":"https:\/\/kasima.lt\/et\/wp-json\/wp\/v2\/product"}],"about":[{"href":"https:\/\/kasima.lt\/et\/wp-json\/wp\/v2\/types\/product"}],"wp:featuredmedia":[{"embeddable":true,"href":"https:\/\/kasima.lt\/et\/wp-json\/wp\/v2\/media\/66761"}],"wp:attachment":[{"href":"https:\/\/kasima.lt\/et\/wp-json\/wp\/v2\/media?parent=67502"}],"wp:term":[{"taxonomy":"product_brand","embeddable":true,"href":"https:\/\/kasima.lt\/et\/wp-json\/wp\/v2\/product_brand?post=67502"},{"taxonomy":"product_cat","embeddable":true,"href":"https:\/\/kasima.lt\/et\/wp-json\/wp\/v2\/product_cat?post=67502"},{"taxonomy":"product_tag","embeddable":true,"href":"https:\/\/kasima.lt\/et\/wp-json\/wp\/v2\/product_tag?post=67502"}],"curies":[{"name":"wp","href":"https:\/\/api.w.org\/{rel}","templated":true}]}}