{"id":57437,"date":"2025-07-31T08:15:30","date_gmt":"2025-07-31T06:15:30","guid":{"rendered":"https:\/\/kasima.lt\/produktas\/zemes-grazto-komplektas-mini-krautuvui-ksm4000\/"},"modified":"2025-10-29T13:34:45","modified_gmt":"2025-10-29T13:34:45","slug":"zemes-grazto-komplektas-mini-krautuvui-ksm4000","status":"publish","type":"product","link":"https:\/\/kasima.lt\/et\/produktas\/zemes-grazto-komplektas-mini-krautuvui-ksm4000\/","title":{"rendered":"Puurikomplekt minilaadurile KSM4000"},"content":{"rendered":"<p>T\u00e4ielik maapuurikomplekt liuglaaduritele &#8211; professionaalseks maaparanduseks. Sobib Bobcatile, Caterpillarile, Gehlile ja teistele sarnastele minilaaduritele. <\/p>\n<p>See komplekt sobib ideaalselt:<br \/>\nvundamendivaiade puurimiseks,<br \/>\naedade, postide v\u00f5i tugede paigaldamiseks,<br \/>\nv\u00e4ikeste puuraukude ettevalmistamiseks,<br \/>\nv\u00e4lisvalgustuse v\u00f5i p\u00e4ikesepaneelide paigaldamiseks,<br \/>\npuude istutamiseks.<\/p>\n<p>Komplekti kuuluvad:<\/p>\n<p>Puurimiss\u00fcsteem &#8211; KSM Attachments KSM4000<br \/>\nP\u00f6\u00f6rdemoment: 1750-5150 Nm<br \/>\nH\u00fcdrauliline r\u00f5hk: 60-200 bar<br \/>\nH\u00fcdrauliline vooluhulk: 40-80 l\/min<br \/>\nRPM: 28-80 rpm<br \/>\nV\u00f5lli: 2&#8243; HEX<br \/>\nVoolikuliitmikud: 1\/2&#8243;<\/p>\n<p>Maapuurid:<br \/>\nKSM Standard 200 mm, pikkus 150 cm<br \/>\nKSM Standard 300 mm, pikkus 150 cm<\/p>\n<p>Pikendus:<br \/>\n90 cm pikkune puurilaiendi pikendus &#8211; s\u00fcgavamale puurimiseks.<\/p>\n<p>Vedrustus libiseva laaduri jaoks<br \/>\nKiir\u00fchendustega h\u00fcdrovoolikud &#8211; lihtsaks \u00fchendamiseks libiseva laaduri h\u00fcdraulikas\u00fcsteemiga.<\/p>\n<p>Lisaks lisatud:<\/p>\n<p>3 tihvti puuride v\u00f5i pikenduste jaoks<br \/>\n4 varuhammast mullatrellile  <\/p>\n<p>Pakume garantiid. M\u00fc\u00fcgij\u00e4rgne teenindus.<br \/>\nMe tarnime varuosasid ja remondime maapuurid ja nende seadmed.<\/p>\n","protected":false},"excerpt":{"rendered":"<p>Hind ilma k\u00e4ibemaksuta<\/p>\n<p>Tootja: KSM Attachments<br \/>\nMudel: KSM4000 Skid Steer kit<br \/>\nHelista: <a href=\"tel:+37067607071\">+37067607071<\/a><br \/>\nEmail: <a href=\"mailto:sales@kasima.lt\">sales@kasima.lt<\/a><\/p>\n","protected":false},"featured_media":57373,"template":"","meta":{"_et_pb_use_builder":"off","_et_pb_old_content":"","_et_gb_content_width":"","_monsterinsights_skip_tracking":false,"_monsterinsights_sitenote_active":false,"_monsterinsights_sitenote_note":"","_monsterinsights_sitenote_category":0},"product_brand":[],"product_cat":[159,161,169,165,156,367],"product_tag":[],"class_list":{"0":"post-57437","1":"product","2":"type-product","3":"status-publish","4":"has-post-thumbnail","6":"product_cat-15-3-tonni","7":"product_cat-3-5-tonni","8":"product_cat-5-7-tonni","9":"product_cat-uus","10":"product_cat-minilaadur","11":"product_cat-hudropuur","13":"first","14":"instock","15":"shipping-taxable","16":"purchasable","17":"product-type-simple"},"aioseo_notices":[],"_links":{"self":[{"href":"https:\/\/kasima.lt\/et\/wp-json\/wp\/v2\/product\/57437","targetHints":{"allow":["GET"]}}],"collection":[{"href":"https:\/\/kasima.lt\/et\/wp-json\/wp\/v2\/product"}],"about":[{"href":"https:\/\/kasima.lt\/et\/wp-json\/wp\/v2\/types\/product"}],"wp:featuredmedia":[{"embeddable":true,"href":"https:\/\/kasima.lt\/et\/wp-json\/wp\/v2\/media\/57373"}],"wp:attachment":[{"href":"https:\/\/kasima.lt\/et\/wp-json\/wp\/v2\/media?parent=57437"}],"wp:term":[{"taxonomy":"product_brand","embeddable":true,"href":"https:\/\/kasima.lt\/et\/wp-json\/wp\/v2\/product_brand?post=57437"},{"taxonomy":"product_cat","embeddable":true,"href":"https:\/\/kasima.lt\/et\/wp-json\/wp\/v2\/product_cat?post=57437"},{"taxonomy":"product_tag","embeddable":true,"href":"https:\/\/kasima.lt\/et\/wp-json\/wp\/v2\/product_tag?post=57437"}],"curies":[{"name":"wp","href":"https:\/\/api.w.org\/{rel}","templated":true}]}}