{"id":56850,"date":"2025-07-28T07:05:41","date_gmt":"2025-07-28T07:05:41","guid":{"rendered":"https:\/\/kasima.lt\/produktas\/terex-ta6\/"},"modified":"2025-10-29T13:34:45","modified_gmt":"2025-10-29T13:34:45","slug":"terex-ta6","status":"publish","type":"product","link":"https:\/\/kasima.lt\/et\/produktas\/terex-ta6\/","title":{"rendered":"Terex TA6"},"content":{"rendered":"<p>Kallur Terex TA6 ei kasutata Leedus<\/p>\n<p>Aasta: 2015<br \/>\nMootor: 74 hj \/ 55 kW, ilma Adblue&#8217;ita<br \/>\nMootori t\u00f6\u00f6tunnid: 2 215 h<br \/>\nSeisund: <\/p>\n<p> Korpuse maht: ~3,8 m\u00b3<br \/>\nK\u00e4igukast: h\u00fcdrostaatiline<br \/>\n\u0160assii: 4&#215;4, liigendatud \u0161assii<br \/>\nTippkiirus: 26 km\/h<br \/>\nKorpuse t\u00fc\u00fcp: eesmine kallutus<br \/>\nPidurid: h\u00fcdraulilised<br \/>\nRehvid: heas korras.<\/p>\n<p>M\u00fc\u00fcgil olev Terex TA6 on kompaktne ja v\u00f5imas 6-tonnine kallur, mis sobib ideaalselt v\u00e4ikeste ja keskmise suurusega ehitust\u00f6\u00f6deks. T\u00e4nu tugevale raamile, neljarattaveole ja ruumikale juhiistmele suudab see t\u00f5husalt t\u00f6\u00f6tada ka rasketes tingimustes. <\/p>\n<p>Kontrollimine ja testimine on v\u00f5imalik UAB KASIMA laos.<br \/>\nKohaletoimetamine kogu Leedus.<\/p>\n<p><iframe loading=\"lazy\" title=\"Terex TA6 \u2502 UAB KASIMA\" width=\"1080\" height=\"608\" src=\"https:\/\/www.youtube.com\/embed\/8HY0g85g4Ws?feature=oembed\"  allow=\"accelerometer; autoplay; clipboard-write; encrypted-media; gyroscope; picture-in-picture; web-share\" referrerpolicy=\"strict-origin-when-cross-origin\" allowfullscreen><\/iframe><\/p>\n","protected":false},"excerpt":{"rendered":"<p>Hind ilma k\u00e4ibemaksuta<\/p>\n<p>Tootja: Terex<br \/>\nMudel: TA6<br \/>\nHelista: <a href=\"tel:+37067607071\">+37067607071<\/a><br \/>\nE-post: <a href=\"mailto:sales@kasima.lt\">sales@kasima.lt<\/a><\/p>\n","protected":false},"featured_media":56721,"template":"","meta":{"_et_pb_use_builder":"","_et_pb_old_content":"","_et_gb_content_width":"","_monsterinsights_skip_tracking":false,"_monsterinsights_sitenote_active":false,"_monsterinsights_sitenote_note":"","_monsterinsights_sitenote_category":0},"product_brand":[],"product_cat":[147],"product_tag":[],"class_list":{"0":"post-56850","1":"product","2":"type-product","3":"status-publish","4":"has-post-thumbnail","6":"product_cat-ehitus","8":"first","9":"outofstock","10":"shipping-taxable","11":"product-type-simple"},"aioseo_notices":[],"_links":{"self":[{"href":"https:\/\/kasima.lt\/et\/wp-json\/wp\/v2\/product\/56850","targetHints":{"allow":["GET"]}}],"collection":[{"href":"https:\/\/kasima.lt\/et\/wp-json\/wp\/v2\/product"}],"about":[{"href":"https:\/\/kasima.lt\/et\/wp-json\/wp\/v2\/types\/product"}],"wp:featuredmedia":[{"embeddable":true,"href":"https:\/\/kasima.lt\/et\/wp-json\/wp\/v2\/media\/56721"}],"wp:attachment":[{"href":"https:\/\/kasima.lt\/et\/wp-json\/wp\/v2\/media?parent=56850"}],"wp:term":[{"taxonomy":"product_brand","embeddable":true,"href":"https:\/\/kasima.lt\/et\/wp-json\/wp\/v2\/product_brand?post=56850"},{"taxonomy":"product_cat","embeddable":true,"href":"https:\/\/kasima.lt\/et\/wp-json\/wp\/v2\/product_cat?post=56850"},{"taxonomy":"product_tag","embeddable":true,"href":"https:\/\/kasima.lt\/et\/wp-json\/wp\/v2\/product_tag?post=56850"}],"curies":[{"name":"wp","href":"https:\/\/api.w.org\/{rel}","templated":true}]}}