{"id":56442,"date":"2025-07-17T07:15:31","date_gmt":"2025-07-17T07:15:31","guid":{"rendered":"https:\/\/kasima.lt\/produktas\/fendt-716-vario\/"},"modified":"2025-12-17T09:19:14","modified_gmt":"2025-12-17T09:19:14","slug":"fendt-716-vario","status":"publish","type":"product","link":"https:\/\/kasima.lt\/et\/produktas\/fendt-716-vario\/","title":{"rendered":"Fendt 716 Vario"},"content":{"rendered":"<p>Fendt 716 Vario, Leedus kasutamata, heas seisukorras.<\/p>\n<p>Aasta: 2002<br \/>\nMootor: 160 hj \/ 118 kW<br \/>\nK\u00e4igukast: astmeta<br \/>\nTundide arv: 12 709<br \/>\nSeisukord: Kasutatav, heas seisukorras.<\/p>\n<p>M\u00fc\u00fca Fendt 716 Vario &#8211; usaldusv\u00e4\u00e4rne, mitmek\u00fclgne ja \u00f6konoomne traktor, millel on astmeta j\u00f5u\u00fclekanne. Ideaalne nii mullaharimis- kui ka transpordit\u00f6\u00f6deks. <\/p>\n<p>Mootor: Deutz 6-silindriline, 6,06 l, turbo<br \/>\nV\u00f5imsus: 160 hj \/ 118 kW<br \/>\nK\u00e4igukast: astmeta k\u00e4igukast<br \/>\nPTO: 540\/540E\/1000 rpm<br \/>\nH\u00fcdraulika: 4 h\u00fcdraulika paari taga<br \/>\nTippkiirus: 50 km\/h<br \/>\nEsivedrustus h\u00fcdrauliliste juhtmetega<br \/>\nEsivedur<br \/>\n\u00d5hu- ja h\u00fcdraulilised pidurid<br \/>\nHeas seisukorras rehvid &#8211; Pirelli<br \/>\nKliimaseadmed<br \/>\nPneumaatiline iste, amortiseeriv kabiin<br \/>\nAmortiseeriv esi telg.<\/p>\n<p>Kontrollimine ja testimine on v\u00f5imalik KASIMA laos<br \/>\nKohaletoimetamine teie aadressile on v\u00f5imalik.<\/p>\n<p><iframe loading=\"lazy\" title=\"Fendt 716 Vario \u2502 UAB KASIMA\" width=\"1080\" height=\"608\" src=\"https:\/\/www.youtube.com\/embed\/IN6P6vzFh3U?feature=oembed\"  allow=\"accelerometer; autoplay; clipboard-write; encrypted-media; gyroscope; picture-in-picture; web-share\" referrerpolicy=\"strict-origin-when-cross-origin\" allowfullscreen><\/iframe><\/p>\n","protected":false},"excerpt":{"rendered":"<p>Hind ilma k\u00e4ibemaksuta<br \/>\n<br \/>Tootja: Fendt<br \/>\nMudel: 716 Vario<br \/>\nHelista: <a href=\"tel:+37067607071\">+37067607071<\/a><br \/>\nE-post: <a href=\"mailto:sales@kasima.lt\">sales@kasima.lt<\/a><\/p>\n","protected":false},"featured_media":56332,"template":"","meta":{"_et_pb_use_builder":"","_et_pb_old_content":"","_et_gb_content_width":"","_monsterinsights_skip_tracking":false,"_monsterinsights_sitenote_active":false,"_monsterinsights_sitenote_note":"","_monsterinsights_sitenote_category":0},"product_brand":[],"product_cat":[162],"product_tag":[],"class_list":{"0":"post-56442","1":"product","2":"type-product","3":"status-publish","4":"has-post-thumbnail","6":"product_cat-pollumajandus","8":"first","9":"outofstock","10":"shipping-taxable","11":"product-type-simple"},"aioseo_notices":[],"_links":{"self":[{"href":"https:\/\/kasima.lt\/et\/wp-json\/wp\/v2\/product\/56442","targetHints":{"allow":["GET"]}}],"collection":[{"href":"https:\/\/kasima.lt\/et\/wp-json\/wp\/v2\/product"}],"about":[{"href":"https:\/\/kasima.lt\/et\/wp-json\/wp\/v2\/types\/product"}],"wp:featuredmedia":[{"embeddable":true,"href":"https:\/\/kasima.lt\/et\/wp-json\/wp\/v2\/media\/56332"}],"wp:attachment":[{"href":"https:\/\/kasima.lt\/et\/wp-json\/wp\/v2\/media?parent=56442"}],"wp:term":[{"taxonomy":"product_brand","embeddable":true,"href":"https:\/\/kasima.lt\/et\/wp-json\/wp\/v2\/product_brand?post=56442"},{"taxonomy":"product_cat","embeddable":true,"href":"https:\/\/kasima.lt\/et\/wp-json\/wp\/v2\/product_cat?post=56442"},{"taxonomy":"product_tag","embeddable":true,"href":"https:\/\/kasima.lt\/et\/wp-json\/wp\/v2\/product_tag?post=56442"}],"curies":[{"name":"wp","href":"https:\/\/api.w.org\/{rel}","templated":true}]}}