{"id":56327,"date":"2025-07-17T06:32:55","date_gmt":"2025-07-17T06:32:55","guid":{"rendered":"https:\/\/kasima.lt\/produktas\/case-puma-traukos-jutiklis-kaistis\/"},"modified":"2025-10-29T13:34:44","modified_gmt":"2025-10-29T13:34:44","slug":"case-puma-traukos-jutiklis-kaistis","status":"publish","type":"product","link":"https:\/\/kasima.lt\/et\/produktas\/case-puma-traukos-jutiklis-kaistis\/","title":{"rendered":"CASE Puma t\u00f5mbeandur\/n\u00f5el"},"content":{"rendered":"<p>See osa on kasutatud, kuid on siiski heas korras<br \/>\nMeil on kaks \u00fchikut. Teise seadme kaabel oli kuumusega kokku puutunud, kuid t\u00f5siseid kahjustusi ei ole tekkinud. Lihtsalt v\u00e4line kate sulas veidi.<br \/>\nEemaldatud Case Puma CVX 185, 2018<br \/>\nKatalooginumber: 47800260  <\/p>\n","protected":false},"excerpt":{"rendered":"<p>Hind ilma k\u00e4ibemaksuta<\/p>\n<p>Tootja: CASE<br \/>\nMudel: CS185PUMA0056<br \/>\nHelista: <a href=\"tel:+37060842988\">+37060842988<\/a><br \/>\nE-post: <a href=\"mailto:usedparts@kasima.lt\">usedparts@kasima.lt<\/a><\/p>\n","protected":false},"featured_media":56273,"template":"","meta":{"_et_pb_use_builder":"","_et_pb_old_content":"","_et_gb_content_width":"","_monsterinsights_skip_tracking":false,"_monsterinsights_sitenote_active":false,"_monsterinsights_sitenote_note":"","_monsterinsights_sitenote_category":0},"product_brand":[],"product_cat":[509,841,491,596,319,433],"product_tag":[],"class_list":{"0":"post-56327","1":"product","2":"type-product","3":"status-publish","4":"has-post-thumbnail","6":"product_cat-case-osad","7":"product_cat-puma-cvx-185-2018","8":"product_cat-elektroonika-osad","9":"product_cat-andurid","10":"product_cat-kasutatud-varuosade","11":"product_cat-pollumajandus-varuosade","13":"first","14":"instock","15":"shipping-taxable","16":"purchasable","17":"product-type-simple"},"aioseo_notices":[],"_links":{"self":[{"href":"https:\/\/kasima.lt\/et\/wp-json\/wp\/v2\/product\/56327","targetHints":{"allow":["GET"]}}],"collection":[{"href":"https:\/\/kasima.lt\/et\/wp-json\/wp\/v2\/product"}],"about":[{"href":"https:\/\/kasima.lt\/et\/wp-json\/wp\/v2\/types\/product"}],"wp:featuredmedia":[{"embeddable":true,"href":"https:\/\/kasima.lt\/et\/wp-json\/wp\/v2\/media\/56273"}],"wp:attachment":[{"href":"https:\/\/kasima.lt\/et\/wp-json\/wp\/v2\/media?parent=56327"}],"wp:term":[{"taxonomy":"product_brand","embeddable":true,"href":"https:\/\/kasima.lt\/et\/wp-json\/wp\/v2\/product_brand?post=56327"},{"taxonomy":"product_cat","embeddable":true,"href":"https:\/\/kasima.lt\/et\/wp-json\/wp\/v2\/product_cat?post=56327"},{"taxonomy":"product_tag","embeddable":true,"href":"https:\/\/kasima.lt\/et\/wp-json\/wp\/v2\/product_tag?post=56327"}],"curies":[{"name":"wp","href":"https:\/\/api.w.org\/{rel}","templated":true}]}}