{"id":55319,"date":"2025-07-09T13:03:04","date_gmt":"2025-07-09T11:03:04","guid":{"rendered":"https:\/\/kasima.lt\/produktas\/vogele-ab340-tv-praplatinimo-modulis-025-m-025-m\/"},"modified":"2025-10-29T13:34:40","modified_gmt":"2025-10-29T13:34:40","slug":"vogele-ab340-tv-praplatinimo-modulis-025-m-025-m","status":"publish","type":"product","link":"https:\/\/kasima.lt\/et\/produktas\/vogele-ab340-tv-praplatinimo-modulis-025-m-025-m\/","title":{"rendered":"V\u00d6GELE AB340 TV pikendusmoodul (0,25 m + 0,25 m)"},"content":{"rendered":"<p>Kasutamata AB340 teleri pikendused (0,25 m + 0,25 m)<\/p>\n<p>M\u00fc\u00fca originaal V\u00f6gele AB340 TV-multipleksi laiendusmoodulid, 2 x 0,25 meetrit, valmistatud 2019. aastal. Moodulid on t\u00e4iesti kasutamata &#8211; ideaalne valik k\u00f5igile, kes otsivad kvaliteetset lahendust asfaldit\u00f6\u00f6taja t\u00f6\u00f6laiuse pikendamiseks. <\/p>\n<p>Omadused:<\/p>\n<p>T\u00f6\u00f6laius: 0,25 m + 0,25 m<br \/>\nAasta: 2019<br \/>\nSeisukord: ei ole kasutatud<br \/>\nSobivus: V\u00f6gele AB340 TV-t\u00fc\u00fcpi tihendajatele.<\/p>\n<p>Eelised:<\/p>\n<p>Kiire ja lihtne paigaldus olemasolevatele sillutistele<br \/>\nTagab kvaliteetse asfalditulemuse ka pikemal laiusel<br \/>\nUsaldusv\u00e4\u00e4rne V\u00f6gele konstruktsioon &#8211; vastupidav ja kestev<\/p>\n","protected":false},"excerpt":{"rendered":"<p>Hind ilma k\u00e4ibemaksuta<\/p>\n<p>Tootja: Wirtgen<br \/>\nMudel: 2159533<br \/>\nHelista: <a href=\"tel:+37063025580\">+37063025580<\/a><br \/>\nE-post: <a href=\"mailto:e-commerce@kasima.lt\">e-commerce@kasima.lt<\/a><\/p>\n","protected":false},"featured_media":55234,"template":"","meta":{"_et_pb_use_builder":"","_et_pb_old_content":"","_et_gb_content_width":"","_monsterinsights_skip_tracking":false,"_monsterinsights_sitenote_active":false,"_monsterinsights_sitenote_note":"","_monsterinsights_sitenote_category":0},"product_brand":[],"product_cat":[165],"product_tag":[],"class_list":{"0":"post-55319","1":"product","2":"type-product","3":"status-publish","4":"has-post-thumbnail","6":"product_cat-uus","8":"first","9":"instock","10":"shipping-taxable","11":"purchasable","12":"product-type-simple"},"aioseo_notices":[],"_links":{"self":[{"href":"https:\/\/kasima.lt\/et\/wp-json\/wp\/v2\/product\/55319","targetHints":{"allow":["GET"]}}],"collection":[{"href":"https:\/\/kasima.lt\/et\/wp-json\/wp\/v2\/product"}],"about":[{"href":"https:\/\/kasima.lt\/et\/wp-json\/wp\/v2\/types\/product"}],"wp:featuredmedia":[{"embeddable":true,"href":"https:\/\/kasima.lt\/et\/wp-json\/wp\/v2\/media\/55234"}],"wp:attachment":[{"href":"https:\/\/kasima.lt\/et\/wp-json\/wp\/v2\/media?parent=55319"}],"wp:term":[{"taxonomy":"product_brand","embeddable":true,"href":"https:\/\/kasima.lt\/et\/wp-json\/wp\/v2\/product_brand?post=55319"},{"taxonomy":"product_cat","embeddable":true,"href":"https:\/\/kasima.lt\/et\/wp-json\/wp\/v2\/product_cat?post=55319"},{"taxonomy":"product_tag","embeddable":true,"href":"https:\/\/kasima.lt\/et\/wp-json\/wp\/v2\/product_tag?post=55319"}],"curies":[{"name":"wp","href":"https:\/\/api.w.org\/{rel}","templated":true}]}}