{"id":54529,"date":"2025-07-04T12:14:32","date_gmt":"2025-07-04T12:14:32","guid":{"rendered":"https:\/\/kasima.lt\/produktas\/hamm-hd-12-vv-asfaltinis-volas\/"},"modified":"2025-10-29T13:34:37","modified_gmt":"2025-10-29T13:34:37","slug":"hamm-hd-12-vv-asfaltinis-volas","status":"publish","type":"product","link":"https:\/\/kasima.lt\/et\/produktas\/hamm-hd-12-vv-asfaltinis-volas\/","title":{"rendered":"Hamm HD 12 VV asfaldivaltser"},"content":{"rendered":"<p>Aasta: 2013<br \/>\nTundide arv: 362 m\/h<br \/>\nOmakaal: 2 510 kg<br \/>\nT\u00f6\u00f6kaal: 2 695 kg<br \/>\nMootor: Kubota diisel, 3-silindriline<br \/>\nV\u00f5imsus: ca. 22,9 kW<br \/>\nSeisukord: Tehniline seisukord: kasutatud, heas tehnilises seisukorras.<\/p>\n<p>Kirjeldus:<\/p>\n<p>Hamm HD 12 VV on usaldusv\u00e4\u00e4rne ja h\u00f5lpsasti juhitav kahetrumliline asfaldivaltser asfaldi ja pinnase t\u00f5husaks tihendamiseks. Ideaalne nii v\u00e4ikesteks kui ka keskmise suurusega projektideks: teed, parklad, jalgrattateed, k\u00f5nniteed ja hoovid. <\/p>\n<p>Tehnilised andmed:<\/p>\n<p>T\u00f6\u00f6laius: 1 200 mm<br \/>\nTrummi l\u00e4bim\u00f5\u00f5t: ca 700 mm<br \/>\nOmakaal: 2 510 kg<br \/>\nT\u00f6\u00f6kaal: 2 695 kg<br \/>\nMootor: Kubota, diisel, 3 silindrit<br \/>\nVibratsioon: esi- + tagatrummid<br \/>\nVeepihustuss\u00fcsteem: mahuti ja pihustitega<br \/>\nLiigendatud juhtimine &#8211; man\u00f6\u00f6verdamisv\u00f5ime kitsastes kohtades.<\/p>\n<p>Peamised eelised:<\/p>\n<p>Kompaktne suurus &#8211; sobib ideaalselt linnakeskkonda<br \/>\nLihtne juhtimine ja ergonoomiline operaatoripind<br \/>\nMadal m\u00fcratase &#8211; sobib ka elamupiirkondadesse<br \/>\nSaksa kvaliteet &#8211; usaldusv\u00e4\u00e4rsus ja vastupidavus<\/p>\n<p>T\u00e4iendav teave:<\/p>\n<p>Kodumasinad UAB KASIMA laos<br \/>\nKodumasinate kohaletoimetamine teie aadressile on v\u00f5imalik.<\/p>\n<p><iframe loading=\"lazy\" title=\"Hamm HD 12 VV \u2502 UAB KASIMA\" width=\"1080\" height=\"608\" src=\"https:\/\/www.youtube.com\/embed\/Pl534Y_aQOg?feature=oembed\"  allow=\"accelerometer; autoplay; clipboard-write; encrypted-media; gyroscope; picture-in-picture; web-share\" referrerpolicy=\"strict-origin-when-cross-origin\" allowfullscreen><\/iframe><\/p>\n","protected":false},"excerpt":{"rendered":"<p>Hind ilma k\u00e4ibemaksuta<\/p>\n<p>Tootja: Hamm<br \/>\nMudel: HD 12 VV<br \/>\nHelista: <a href=\"tel:+37067607071\">+37067607071<\/a><br \/>\nE-post: <a href=\"mailto:sales@kasima.lt\">sales@kasima.lt<\/a><\/p>\n","protected":false},"featured_media":54399,"template":"","meta":{"_et_pb_use_builder":"","_et_pb_old_content":"","_et_gb_content_width":"","_monsterinsights_skip_tracking":false,"_monsterinsights_sitenote_active":false,"_monsterinsights_sitenote_note":"","_monsterinsights_sitenote_category":0},"product_brand":[],"product_cat":[196,147],"product_tag":[],"class_list":{"0":"post-54529","1":"product","2":"type-product","3":"status-publish","4":"has-post-thumbnail","6":"product_cat-tee-ehitusmasinad","7":"product_cat-ehitus","9":"first","10":"outofstock","11":"shipping-taxable","12":"product-type-simple"},"aioseo_notices":[],"_links":{"self":[{"href":"https:\/\/kasima.lt\/et\/wp-json\/wp\/v2\/product\/54529","targetHints":{"allow":["GET"]}}],"collection":[{"href":"https:\/\/kasima.lt\/et\/wp-json\/wp\/v2\/product"}],"about":[{"href":"https:\/\/kasima.lt\/et\/wp-json\/wp\/v2\/types\/product"}],"wp:featuredmedia":[{"embeddable":true,"href":"https:\/\/kasima.lt\/et\/wp-json\/wp\/v2\/media\/54399"}],"wp:attachment":[{"href":"https:\/\/kasima.lt\/et\/wp-json\/wp\/v2\/media?parent=54529"}],"wp:term":[{"taxonomy":"product_brand","embeddable":true,"href":"https:\/\/kasima.lt\/et\/wp-json\/wp\/v2\/product_brand?post=54529"},{"taxonomy":"product_cat","embeddable":true,"href":"https:\/\/kasima.lt\/et\/wp-json\/wp\/v2\/product_cat?post=54529"},{"taxonomy":"product_tag","embeddable":true,"href":"https:\/\/kasima.lt\/et\/wp-json\/wp\/v2\/product_tag?post=54529"}],"curies":[{"name":"wp","href":"https:\/\/api.w.org\/{rel}","templated":true}]}}