{"id":54040,"date":"2025-07-01T07:57:25","date_gmt":"2025-07-01T07:57:25","guid":{"rendered":"https:\/\/kasima.lt\/produktas\/ziauninis-trupinimo-kausas-cm-cbf09\/"},"modified":"2025-10-29T13:34:34","modified_gmt":"2025-10-29T13:34:34","slug":"ziauninis-trupinimo-kausas-cm-cbf09","status":"publish","type":"product","link":"https:\/\/kasima.lt\/et\/produktas\/ziauninis-trupinimo-kausas-cm-cbf09\/","title":{"rendered":"Gill purustuskopp CM CBF09"},"content":{"rendered":"<p>CM CBF09 kurnade purustuskopp<\/p>\n<p>Mudel: CBF09<br \/>\nTootja: CM S.r.l. (Itaalia)<br \/>\nSobib ekskavaatoritele: 20-30 t<br \/>\nKaal: 3500 kg<br \/>\nMaht: ca 0,85 m\u00b3<br \/>\nAvanemise m\u00f5\u00f5tmed: ~900 x 550 mm<\/p>\n<p>Kirjeldus:<\/p>\n<p>CM CBF 09 on h\u00fcdrauliline, kurnav purustuskopp, mis on m\u00f5eldud kasutamiseks 20-30 tonni kaaluvatel ekskavaatoritel. See seade v\u00f5imaldab kohapeal purustada betooni, telliseid, asfalti ja muid materjale. Ideaalne lahendus ehitusplatsidel, lammutust\u00f6\u00f6del ja j\u00e4\u00e4tmek\u00e4itluses.  <\/p>\n<p>Tehnilised omadused:<br \/>\nAva suurus: umbes 900 x 550mm<br \/>\nMahutavus: 0,85m\u00b3<br \/>\nSoovitatav ekskavaatori kaal: 20-30t<br \/>\nKoppide kaal: ~3 500kg<br \/>\nMaksimaalne h\u00fcdrauliline r\u00f5hk: 200bar<br \/>\nTootlikkus: kuni 38m\u00b3\/tunnis (s\u00f5ltuvalt purustatavast materjalist)<br \/>\nEsimesed kaevehambad<br \/>\nReguleeritav v\u00e4ljalaskek\u00f5rgus (murdosa muudetav) 20-140 mm.<\/p>\n<p>Peamised eelised:<\/p>\n<p>Otsene purustamine kohapeal &#8211; madalamad transpordi- ja pr\u00fcgilakulud<br \/>\nVastupidav ja usaldusv\u00e4\u00e4rne konstruktsioon &#8211; kopp on valmistatud kulumiskindlast terasest<br \/>\nKvaliteetne ja kiire varuosade tarne.<\/p>\n<p>T\u00e4iendav teave:<\/p>\n<p>Kontrollida saab UAB KASIMA laos<br \/>\nKohaletoimetamine on v\u00f5imalik teie aadressile.<\/p>\n","protected":false},"excerpt":{"rendered":"<p>Hind ilma k\u00e4ibemaksuta<\/p>\n<p>Tootja: CM<br \/>\nMudel: CBF09<br \/>\nHelista: <a href=\"tel:+37067607071\">+37067607071<\/a><br \/>\nEmail: <a href=\"mailto:sales@kasima.lt\">sales@kasima.lt<\/a><\/p>\n","protected":false},"featured_media":87664,"template":"","meta":{"_et_pb_use_builder":"","_et_pb_old_content":"","_et_gb_content_width":"","_monsterinsights_skip_tracking":false,"_monsterinsights_sitenote_active":false,"_monsterinsights_sitenote_note":"","_monsterinsights_sitenote_category":0},"product_brand":[],"product_cat":[243,244,214,303,167],"product_tag":[],"class_list":{"0":"post-54040","1":"product","2":"type-product","3":"status-publish","4":"has-post-thumbnail","6":"product_cat-20-25-tonni","7":"product_cat-25-tonni-ja-rohkem","8":"product_cat-kasutatud","9":"product_cat-kopad","10":"product_cat-ekskavaator","12":"first","13":"instock","14":"shipping-taxable","15":"purchasable","16":"product-type-simple"},"aioseo_notices":[],"_links":{"self":[{"href":"https:\/\/kasima.lt\/et\/wp-json\/wp\/v2\/product\/54040","targetHints":{"allow":["GET"]}}],"collection":[{"href":"https:\/\/kasima.lt\/et\/wp-json\/wp\/v2\/product"}],"about":[{"href":"https:\/\/kasima.lt\/et\/wp-json\/wp\/v2\/types\/product"}],"wp:featuredmedia":[{"embeddable":true,"href":"https:\/\/kasima.lt\/et\/wp-json\/wp\/v2\/media\/87664"}],"wp:attachment":[{"href":"https:\/\/kasima.lt\/et\/wp-json\/wp\/v2\/media?parent=54040"}],"wp:term":[{"taxonomy":"product_brand","embeddable":true,"href":"https:\/\/kasima.lt\/et\/wp-json\/wp\/v2\/product_brand?post=54040"},{"taxonomy":"product_cat","embeddable":true,"href":"https:\/\/kasima.lt\/et\/wp-json\/wp\/v2\/product_cat?post=54040"},{"taxonomy":"product_tag","embeddable":true,"href":"https:\/\/kasima.lt\/et\/wp-json\/wp\/v2\/product_tag?post=54040"}],"curies":[{"name":"wp","href":"https:\/\/api.w.org\/{rel}","templated":true}]}}