{"id":53779,"date":"2025-06-30T13:01:20","date_gmt":"2025-06-30T13:01:20","guid":{"rendered":"https:\/\/kasima.lt\/produktas\/komatsu-vartomas-planiravimo-kausas-2000mm\/"},"modified":"2025-10-29T13:34:34","modified_gmt":"2025-10-29T13:34:34","slug":"komatsu-vartomas-planiravimo-kausas-2000mm","status":"publish","type":"product","link":"https:\/\/kasima.lt\/et\/produktas\/komatsu-vartomas-planiravimo-kausas-2000mm\/","title":{"rendered":"Komatsu h\u00f6\u00f6velkopp (2000mm)"},"content":{"rendered":"<p>Originaal Komatsu planeerimiskopp 15-18 tonnisele ekskavaatorile:<\/p>\n<p>Koppide laius: 2000mm<br \/>\nKoppide maht: 0,62m\u00b3<br \/>\nKoppide tihvtide l\u00e4bim\u00f5\u00f5t: 60mm<br \/>\nKoppide tihvtide keskpunktide kaugus: 375mm<br \/>\nKoppide k\u00f5rva kaugus: 260mm<\/p>\n","protected":false},"excerpt":{"rendered":"<p>Hind ilma k\u00e4ibemaksuta<\/p>\n<p>Tootja: Komatsu<br \/>\nMudel: PW160-11<br \/>\nHelista: <a href=\"tel:+37067607071\">+37067607071<\/a><br \/>\nE-post: <a href=\"mailto:sales@kasima.lt\">sales@kasima.lt<\/a><\/p>\n","protected":false},"featured_media":53690,"template":"","meta":{"_et_pb_use_builder":"","_et_pb_old_content":"","_et_gb_content_width":"","_monsterinsights_skip_tracking":false,"_monsterinsights_sitenote_active":false,"_monsterinsights_sitenote_note":"","_monsterinsights_sitenote_category":0},"product_brand":[],"product_cat":[212,233,303,167],"product_tag":[],"class_list":{"0":"post-53779","1":"product","2":"type-product","3":"status-publish","4":"has-post-thumbnail","6":"product_cat-13-16-tonni","7":"product_cat-16-20-tonni","8":"product_cat-kopad","9":"product_cat-ekskavaator","11":"first","12":"instock","13":"shipping-taxable","14":"purchasable","15":"product-type-simple"},"aioseo_notices":[],"_links":{"self":[{"href":"https:\/\/kasima.lt\/et\/wp-json\/wp\/v2\/product\/53779","targetHints":{"allow":["GET"]}}],"collection":[{"href":"https:\/\/kasima.lt\/et\/wp-json\/wp\/v2\/product"}],"about":[{"href":"https:\/\/kasima.lt\/et\/wp-json\/wp\/v2\/types\/product"}],"wp:featuredmedia":[{"embeddable":true,"href":"https:\/\/kasima.lt\/et\/wp-json\/wp\/v2\/media\/53690"}],"wp:attachment":[{"href":"https:\/\/kasima.lt\/et\/wp-json\/wp\/v2\/media?parent=53779"}],"wp:term":[{"taxonomy":"product_brand","embeddable":true,"href":"https:\/\/kasima.lt\/et\/wp-json\/wp\/v2\/product_brand?post=53779"},{"taxonomy":"product_cat","embeddable":true,"href":"https:\/\/kasima.lt\/et\/wp-json\/wp\/v2\/product_cat?post=53779"},{"taxonomy":"product_tag","embeddable":true,"href":"https:\/\/kasima.lt\/et\/wp-json\/wp\/v2\/product_tag?post=53779"}],"curies":[{"name":"wp","href":"https:\/\/api.w.org\/{rel}","templated":true}]}}