{"id":53564,"date":"2025-06-27T12:49:05","date_gmt":"2025-06-27T12:49:05","guid":{"rendered":"https:\/\/kasima.lt\/produktas\/vogele-praplatinimo-modulis-06m-06m\/"},"modified":"2025-10-29T13:34:33","modified_gmt":"2025-10-29T13:34:33","slug":"vogele-praplatinimo-modulis-06m-06m","status":"publish","type":"product","link":"https:\/\/kasima.lt\/et\/produktas\/vogele-praplatinimo-modulis-06m-06m\/","title":{"rendered":"V\u00d6GELE pikendusmoodul (0,6m + 0,6m)"},"content":{"rendered":"<p>Originaalne, kruvitav asfaldiplaadi tihendusmoodul (0,6 m + 0,6 m)<\/p>\n<p>Kvaliteetne originaaltootja (OEM) asfaldiplaadi laiendusmoodul t\u00f6\u00f6laiuse pikendamiseks 60 cm v\u00f5rra m\u00f5lemal k\u00fcljel (kokku +1,2 m). See kruvitav moodul sobib ideaalselt V\u00d6GELE \/ VOGELE SUPER 700(i)\/800(i) asfaldit\u00f6\u00f6tlusmasinatele, mille puhul on vaja suuremat laiust ilma lisaseadmeid kasutamata. <\/p>\n<p>Omadused:<br \/>\nEhtsad Wirtgen\/V\u00f6gele osad &#8211; tagatud \u00fchilduvus ja kvaliteet<br \/>\nKruvitav konstruktsioon &#8211; kiire paigaldus<br \/>\nVastupidav teras ja professionaalne t\u00f6\u00f6tlus &#8211; pikk kasutusiga ka intensiivsel kasutamisel.<\/p>\n<p>Kasutamine:<br \/>\nSobib V\u00d6GELE SUPER 700, 700i, 800, 800i ja teistele AB200 v\u00f5i AB12 tihendusplaatidega asfaldiplaatidele.<\/p>\n<p>M\u00f5\u00f5tmed ja \u00fcksikasjad:<br \/>\nLaius: 0,6 m (\u00fchel k\u00fcljel)<br \/>\nTootja kood: 2030914<\/p>\n","protected":false},"excerpt":{"rendered":"<p>Hind ilma k\u00e4ibemaksuta<\/p>\n<p>Tootja: Wirtgen<br \/>\nMudel: 2030914<br \/>\nHelista: <a href=\"tel:+37063025580\">+37063025580<\/a><br \/>\nE-post: <a href=\"mailto:e-commerce@kasima.lt\">e-commerce@kasima.lt<\/a><\/p>\n","protected":false},"featured_media":53480,"template":"","meta":{"_et_pb_use_builder":"","_et_pb_old_content":"","_et_gb_content_width":"","_monsterinsights_skip_tracking":false,"_monsterinsights_sitenote_active":false,"_monsterinsights_sitenote_note":"","_monsterinsights_sitenote_category":0},"product_brand":[],"product_cat":[214,428,319],"product_tag":[],"class_list":{"0":"post-53564","1":"product","2":"type-product","3":"status-publish","4":"has-post-thumbnail","6":"product_cat-kasutatud","7":"product_cat-muud-varuosade","8":"product_cat-kasutatud-varuosade","10":"first","11":"outofstock","12":"shipping-taxable","13":"purchasable","14":"product-type-simple"},"aioseo_notices":[],"_links":{"self":[{"href":"https:\/\/kasima.lt\/et\/wp-json\/wp\/v2\/product\/53564","targetHints":{"allow":["GET"]}}],"collection":[{"href":"https:\/\/kasima.lt\/et\/wp-json\/wp\/v2\/product"}],"about":[{"href":"https:\/\/kasima.lt\/et\/wp-json\/wp\/v2\/types\/product"}],"wp:featuredmedia":[{"embeddable":true,"href":"https:\/\/kasima.lt\/et\/wp-json\/wp\/v2\/media\/53480"}],"wp:attachment":[{"href":"https:\/\/kasima.lt\/et\/wp-json\/wp\/v2\/media?parent=53564"}],"wp:term":[{"taxonomy":"product_brand","embeddable":true,"href":"https:\/\/kasima.lt\/et\/wp-json\/wp\/v2\/product_brand?post=53564"},{"taxonomy":"product_cat","embeddable":true,"href":"https:\/\/kasima.lt\/et\/wp-json\/wp\/v2\/product_cat?post=53564"},{"taxonomy":"product_tag","embeddable":true,"href":"https:\/\/kasima.lt\/et\/wp-json\/wp\/v2\/product_tag?post=53564"}],"curies":[{"name":"wp","href":"https:\/\/api.w.org\/{rel}","templated":true}]}}