{"id":53167,"date":"2025-06-26T07:58:17","date_gmt":"2025-06-26T07:58:17","guid":{"rendered":"https:\/\/kasima.lt\/produktas\/mini-ekskavatorius-komatsu-pc24mr\/"},"modified":"2025-10-29T13:34:31","modified_gmt":"2025-10-29T13:34:31","slug":"mini-ekskavatorius-komatsu-pc24mr","status":"publish","type":"product","link":"https:\/\/kasima.lt\/et\/produktas\/mini-ekskavatorius-komatsu-pc24mr\/","title":{"rendered":"Komatsu PC24MR miniekskavaator"},"content":{"rendered":"<p>Aasta: 2022<br \/>\nT\u00f6\u00f6tundide arv: 223<br \/>\nKaal: umbes 2 500 kg<br \/>\nMootor: Komatsu 3-silindriline diiselmootor<br \/>\nV\u00f5imsus: ~15,8 kW (21 hj)<br \/>\nSeisukord: endine demomudel.<\/p>\n<p>Kirjeldus:<\/p>\n<p>Komatsu PC24MR on kompaktne miniekskavaator, millel on nullp\u00f6\u00f6rdumine, mis v\u00f5imaldab ohutult t\u00f6\u00f6tada kitsastes v\u00f5i piiratud ruumides. Sobib ideaalselt linnaehituseks, kommunaalteenuste, maastikuehituse ja mitmesuguste kaevet\u00f6\u00f6de teostamiseks. <\/p>\n<p>&#8211; H\u00fcdraulilised liinid &#8211; v\u00f5imalus \u00fchendada h\u00fcdrovasar, puur v\u00f5i muud lisaseadmed<br \/>\n&#8211; Kabiini k\u00fcte<br \/>\n&#8211; Kliimaseadmed<br \/>\n&#8211; Kahek\u00e4iguline<\/p>\n<p>T\u00e4iendav teave:<\/p>\n<p>Kodumasinad UAB KASIMA laos<br \/>\nKodumasinate kohaletoimetamine teie aadressile on v\u00f5imalik.<\/p>\n<p><iframe loading=\"lazy\" title=\"Komatsu PC24MR \u2502 UAB KASIMA\" width=\"1080\" height=\"608\" src=\"https:\/\/www.youtube.com\/embed\/3JsbdIxJnEQ?feature=oembed\"  allow=\"accelerometer; autoplay; clipboard-write; encrypted-media; gyroscope; picture-in-picture; web-share\" referrerpolicy=\"strict-origin-when-cross-origin\" allowfullscreen><\/iframe><\/p>\n","protected":false},"excerpt":{"rendered":"<p>Hind ilma k\u00e4ibemaksuta<\/p>\n<p>Tootja: Komatsu<br \/>\nMudel: PC24MR<br \/>\nHelista: <a href=\"tel:+37067607071\">+37067607071<\/a><br \/>\nE-post: <a href=\"mailto:sales@kasima.lt\">sales@kasima.lt<\/a><\/p>\n","protected":false},"featured_media":53073,"template":"","meta":{"_et_pb_use_builder":"","_et_pb_old_content":"","_et_gb_content_width":"","_monsterinsights_skip_tracking":false,"_monsterinsights_sitenote_active":false,"_monsterinsights_sitenote_note":"","_monsterinsights_sitenote_category":0},"product_brand":[],"product_cat":[196,147],"product_tag":[],"class_list":{"0":"post-53167","1":"product","2":"type-product","3":"status-publish","4":"has-post-thumbnail","6":"product_cat-tee-ehitusmasinad","7":"product_cat-ehitus","9":"first","10":"outofstock","11":"shipping-taxable","12":"product-type-simple"},"aioseo_notices":[],"_links":{"self":[{"href":"https:\/\/kasima.lt\/et\/wp-json\/wp\/v2\/product\/53167","targetHints":{"allow":["GET"]}}],"collection":[{"href":"https:\/\/kasima.lt\/et\/wp-json\/wp\/v2\/product"}],"about":[{"href":"https:\/\/kasima.lt\/et\/wp-json\/wp\/v2\/types\/product"}],"wp:featuredmedia":[{"embeddable":true,"href":"https:\/\/kasima.lt\/et\/wp-json\/wp\/v2\/media\/53073"}],"wp:attachment":[{"href":"https:\/\/kasima.lt\/et\/wp-json\/wp\/v2\/media?parent=53167"}],"wp:term":[{"taxonomy":"product_brand","embeddable":true,"href":"https:\/\/kasima.lt\/et\/wp-json\/wp\/v2\/product_brand?post=53167"},{"taxonomy":"product_cat","embeddable":true,"href":"https:\/\/kasima.lt\/et\/wp-json\/wp\/v2\/product_cat?post=53167"},{"taxonomy":"product_tag","embeddable":true,"href":"https:\/\/kasima.lt\/et\/wp-json\/wp\/v2\/product_tag?post=53167"}],"curies":[{"name":"wp","href":"https:\/\/api.w.org\/{rel}","templated":true}]}}