{"id":52679,"date":"2025-06-16T18:04:13","date_gmt":"2025-06-16T18:04:13","guid":{"rendered":"https:\/\/kasima.lt\/produktas\/fendt-716-vario-tms\/"},"modified":"2025-10-29T13:34:30","modified_gmt":"2025-10-29T13:34:30","slug":"fendt-716-vario-tms","status":"publish","type":"product","link":"https:\/\/kasima.lt\/et\/produktas\/fendt-716-vario-tms\/","title":{"rendered":"Fendt 716 Vario TMS"},"content":{"rendered":"<p>Fendt 716 Vario TMS ei kasutata Leedus.<\/p>\n<p>Aasta: 2005<br \/>\nMootor: 160 hj \/ 118 kW<br \/>\nK\u00e4igukast: Vario TMS (astmeta)<br \/>\nMootor: 13055<br \/>\nSeisukord: Kasutatud, heas seisukorras.<\/p>\n<p>Fendt 716 Vario TMS m\u00fc\u00fcgiks Leedus &#8211; mitmek\u00fclgne, v\u00f5imas ja \u00f6konoomne traktor Vario j\u00f5u\u00fclekande ja TMS (Tractor Management System) s\u00fcsteemiga.<\/p>\n<p>Mootor: Deutz 6-silindriline, 6,06 l, turbo<br \/>\nV\u00f5imsus: 160 hj \/ 118 kW<br \/>\nK\u00e4igukast: Vario astmevaba TMS-juhtimisega<br \/>\nK\u00e4iguvalik: automaat v\u00f5i manuaal<br \/>\nPTO: 540\/540E\/1000 rpm.<br \/>\nH\u00fcdraulikas\u00fcsteemid: 4 h\u00fcdraulilist paari tagaosas<br \/>\nTagumise vedrustuse kandev\u00f5ime: ~7 500 kg<br \/>\nKaal: 11 500 kg<br \/>\nTippkiirus: 50 km\/h<br \/>\nEsivedrustus koos h\u00fcdrauliliste juhtmetega<br \/>\n\u00d5hu- ja h\u00fcdraulilised pidurid<br \/>\nHead Pirelli rehvid<br \/>\nKliimaseadmed<br \/>\nPneumaatiline iste<br \/>\nAmortiseeritav kabiin ja esi telg<br \/>\nCopper TMS s\u00fcsteem &#8211; sujuv ja \u00f6konoomne t\u00f6\u00f6<br \/>\nK\u00e4igukast on vahetatud 11 000 tunni juures<br \/>\nUus turbiin, mis on asendatud 12 000 tunni j\u00e4rel<\/p>\n<p>Kontrollimine ja testimine on v\u00f5imalik KASIMA laos<br \/>\nKohaletoimetamine teie aadressile on v\u00f5imalik.<\/p>\n<p><iframe loading=\"lazy\" title=\"Fendt 716 Vario TMS \u2502 UAB KASIMA\" width=\"1080\" height=\"608\" src=\"https:\/\/www.youtube.com\/embed\/yH3t51MACz8?feature=oembed\"  allow=\"accelerometer; autoplay; clipboard-write; encrypted-media; gyroscope; picture-in-picture; web-share\" referrerpolicy=\"strict-origin-when-cross-origin\" allowfullscreen><\/iframe><\/p>\n","protected":false},"excerpt":{"rendered":"<p>Hind ilma k\u00e4ibemaksuta<br \/>\n<br \/>Tootja: Fendt<br \/>\nMudel: 716 Vario TMS<br \/>\nHelista: <a href=\"tel:+37067607071\">+37067607071<\/a><br \/>\nE-post: <a href=\"mailto:sales@kasima.lt\">sales@kasima.lt<\/a><\/p>\n","protected":false},"featured_media":52558,"template":"","meta":{"_et_pb_use_builder":"","_et_pb_old_content":"","_et_gb_content_width":"","_monsterinsights_skip_tracking":false,"_monsterinsights_sitenote_active":false,"_monsterinsights_sitenote_note":"","_monsterinsights_sitenote_category":0},"product_brand":[],"product_cat":[162],"product_tag":[],"class_list":{"0":"post-52679","1":"product","2":"type-product","3":"status-publish","4":"has-post-thumbnail","6":"product_cat-pollumajandus","8":"first","9":"outofstock","10":"shipping-taxable","11":"product-type-simple"},"aioseo_notices":[],"_links":{"self":[{"href":"https:\/\/kasima.lt\/et\/wp-json\/wp\/v2\/product\/52679","targetHints":{"allow":["GET"]}}],"collection":[{"href":"https:\/\/kasima.lt\/et\/wp-json\/wp\/v2\/product"}],"about":[{"href":"https:\/\/kasima.lt\/et\/wp-json\/wp\/v2\/types\/product"}],"wp:featuredmedia":[{"embeddable":true,"href":"https:\/\/kasima.lt\/et\/wp-json\/wp\/v2\/media\/52558"}],"wp:attachment":[{"href":"https:\/\/kasima.lt\/et\/wp-json\/wp\/v2\/media?parent=52679"}],"wp:term":[{"taxonomy":"product_brand","embeddable":true,"href":"https:\/\/kasima.lt\/et\/wp-json\/wp\/v2\/product_brand?post=52679"},{"taxonomy":"product_cat","embeddable":true,"href":"https:\/\/kasima.lt\/et\/wp-json\/wp\/v2\/product_cat?post=52679"},{"taxonomy":"product_tag","embeddable":true,"href":"https:\/\/kasima.lt\/et\/wp-json\/wp\/v2\/product_tag?post=52679"}],"curies":[{"name":"wp","href":"https:\/\/api.w.org\/{rel}","templated":true}]}}