{"id":52549,"date":"2025-06-15T20:08:17","date_gmt":"2025-06-15T20:08:17","guid":{"rendered":"https:\/\/kasima.lt\/produktas\/manitou-mrt-2150-turbo-privilege\/"},"modified":"2025-10-29T13:34:30","modified_gmt":"2025-10-29T13:34:30","slug":"manitou-mrt-2150-turbo-privilege","status":"publish","type":"product","link":"https:\/\/kasima.lt\/et\/produktas\/manitou-mrt-2150-turbo-privilege\/","title":{"rendered":"Manitou MRT 2150 TURBO Privilege"},"content":{"rendered":"<p>Manitou MRT 2150 TURBO Privilege &#8211; p\u00f6\u00f6rlev teleskooplaadur.<\/p>\n<p>Aasta: 2007<br \/>\nT\u00f6\u00f6tundide arv: 5 122 h<br \/>\nKaal: 16 410 kg<br \/>\nMootor: 110 kW (150 hj) Mercedes-Benz<br \/>\nT\u00f5stev\u00f5ime: 5 000 kg<br \/>\nT\u00f5stek\u00f5rgus: kuni 21 m<br \/>\nSeisukord: Kasutatud, heas seisukorras.<\/p>\n<p>Kirjeldus:<br \/>\nM\u00fc\u00fca Manitou MRT 2150 TURBO Privilege &#8211; multifunktsionaalne 360\u00b0 p\u00f6\u00f6rlev teleskoopt\u00f5stuk. V\u00f5imas, stabiilne ja usaldusv\u00e4\u00e4rne abimees ehitusplatsidel, montaa\u017ei-, logistika-, tootmis- v\u00f5i p\u00f5llumajandust\u00f6\u00f6del.<br \/>\nH\u00e4sti hooldatud, t\u00e4iuslikus t\u00f6\u00f6korras &#8211; s\u00f5iduvalmis.<\/p>\n<p>Tehnilised omadused:<br \/>\nT\u00f5stev\u00f5ime: 5 000 kg<br \/>\nT\u00f5stek\u00f5rgus: kuni 21 m<br \/>\nP\u00f6\u00f6ratavus: 360\u00b0<br \/>\n\u0160assii: 4&#215;4, nelikvedu<br \/>\nK\u00e4igukast: h\u00fcdrostaatiline<br \/>\nStabiils\u00fcsteemid: pikendatavad.<\/p>\n<p>Komplektis:<br \/>\nKahvelt\u00f5stuki eelsoojendus v\u00e4lise 220v v\u00e4ljundiga<br \/>\nAutonoomne soojendus<br \/>\nTeleskoopilised h\u00fcdraulilised kahvlid<br \/>\n5-tonnine h\u00fcdrauliline vints<br \/>\nInimeste t\u00f5stmise ja t\u00f6\u00f6platvorm<br \/>\nT\u00e4iendav t\u00f5stematt<br \/>\nKaugjuhtimispaneel<\/p>\n<p>Eelised:<br \/>\nMultifunktsionaalsus: \u00fcks seade &#8211; kolm funktsiooni (kahvelt\u00f5stuk, t\u00f5stuk, kraana).<\/p>\n<p>Lisainfo:<br \/>\nKontrollimine ja testimine on v\u00f5imalik KASIMA laos<br \/>\nV\u00f5imalik on seadme tarnimine teie poolt m\u00e4\u00e4ratud aadressile<br \/>\nV\u00f5imalik on n\u00f5ustamine kasutamise v\u00f5i hoolduse osas.<\/p>\n<p><iframe loading=\"lazy\" title=\"Manitou MRT 2150 Turbo Privilege \u2502 UAB KASIMA\" width=\"1080\" height=\"608\" src=\"https:\/\/www.youtube.com\/embed\/WOLPLg948XQ?feature=oembed\"  allow=\"accelerometer; autoplay; clipboard-write; encrypted-media; gyroscope; picture-in-picture; web-share\" referrerpolicy=\"strict-origin-when-cross-origin\" allowfullscreen><\/iframe><\/p>\n","protected":false},"excerpt":{"rendered":"<p>Hind ilma k\u00e4ibemaksuta<\/p>\n<p>Tootja: Manitou<br \/>\nMudel: MRT 2150 Turbo Privilege, 2016<br \/>\nHelista: <a href=\"tel:+37067607071\">+37067607071<\/a><br \/>\nE-post: <a href=\"mailto:info@kasima.lt\">info@kasima.lt<\/a><\/p>\n","protected":false},"featured_media":52338,"template":"","meta":{"_et_pb_use_builder":"","_et_pb_old_content":"","_et_gb_content_width":"","_monsterinsights_skip_tracking":false,"_monsterinsights_sitenote_active":false,"_monsterinsights_sitenote_note":"","_monsterinsights_sitenote_category":0},"product_brand":[],"product_cat":[147,307],"product_tag":[],"class_list":{"0":"post-52549","1":"product","2":"type-product","3":"status-publish","4":"has-post-thumbnail","6":"product_cat-ehitus","7":"product_cat-kommunaal","9":"first","10":"outofstock","11":"shipping-taxable","12":"product-type-simple"},"aioseo_notices":[],"_links":{"self":[{"href":"https:\/\/kasima.lt\/et\/wp-json\/wp\/v2\/product\/52549","targetHints":{"allow":["GET"]}}],"collection":[{"href":"https:\/\/kasima.lt\/et\/wp-json\/wp\/v2\/product"}],"about":[{"href":"https:\/\/kasima.lt\/et\/wp-json\/wp\/v2\/types\/product"}],"wp:featuredmedia":[{"embeddable":true,"href":"https:\/\/kasima.lt\/et\/wp-json\/wp\/v2\/media\/52338"}],"wp:attachment":[{"href":"https:\/\/kasima.lt\/et\/wp-json\/wp\/v2\/media?parent=52549"}],"wp:term":[{"taxonomy":"product_brand","embeddable":true,"href":"https:\/\/kasima.lt\/et\/wp-json\/wp\/v2\/product_brand?post=52549"},{"taxonomy":"product_cat","embeddable":true,"href":"https:\/\/kasima.lt\/et\/wp-json\/wp\/v2\/product_cat?post=52549"},{"taxonomy":"product_tag","embeddable":true,"href":"https:\/\/kasima.lt\/et\/wp-json\/wp\/v2\/product_tag?post=52549"}],"curies":[{"name":"wp","href":"https:\/\/api.w.org\/{rel}","templated":true}]}}