{"id":50430,"date":"2025-05-30T08:48:52","date_gmt":"2025-05-30T08:48:52","guid":{"rendered":"https:\/\/kasima.lt\/produktas\/case-rele\/"},"modified":"2025-10-29T13:34:24","modified_gmt":"2025-10-29T13:34:24","slug":"case-rele","status":"publish","type":"product","link":"https:\/\/kasima.lt\/et\/produktas\/case-rele\/","title":{"rendered":"CASE relee"},"content":{"rendered":"<p>See osa on kasutatud, saanud m\u00f5ningase kokkupuute tulega<br \/>\nKontrollitud professionaalide poolt, k\u00f5ik t\u00f6\u00f6tab<br \/>\nEemaldatud CASE Puma CVX 185, 2018<br \/>\nOsa number:<br \/>\n84576869<br \/>\n08070400<\/p>\n","protected":false},"excerpt":{"rendered":"<p>Hind ilma k\u00e4ibemaksuta<\/p>\n<p>Tootja: CASE<br \/>\nMudel: CS185PUMA0036<br \/>\nHelista: <a href=\"tel:+37060842988\">+37060842988<\/a><br \/>\nE-post: <a href=\"mailto:usedparts@kasima.lt\">usedparts@kasima.lt<\/a><\/p>\n","protected":false},"featured_media":50416,"template":"","meta":{"_et_pb_use_builder":"","_et_pb_old_content":"","_et_gb_content_width":"","_monsterinsights_skip_tracking":false,"_monsterinsights_sitenote_active":false,"_monsterinsights_sitenote_note":"","_monsterinsights_sitenote_category":0},"product_brand":[],"product_cat":[509,841,491,596,319,433],"product_tag":[],"class_list":{"0":"post-50430","1":"product","2":"type-product","3":"status-publish","4":"has-post-thumbnail","6":"product_cat-case-osad","7":"product_cat-puma-cvx-185-2018","8":"product_cat-elektroonika-osad","9":"product_cat-andurid","10":"product_cat-kasutatud-varuosade","11":"product_cat-pollumajandus-varuosade","13":"first","14":"instock","15":"shipping-taxable","16":"purchasable","17":"product-type-simple"},"aioseo_notices":[],"_links":{"self":[{"href":"https:\/\/kasima.lt\/et\/wp-json\/wp\/v2\/product\/50430","targetHints":{"allow":["GET"]}}],"collection":[{"href":"https:\/\/kasima.lt\/et\/wp-json\/wp\/v2\/product"}],"about":[{"href":"https:\/\/kasima.lt\/et\/wp-json\/wp\/v2\/types\/product"}],"wp:featuredmedia":[{"embeddable":true,"href":"https:\/\/kasima.lt\/et\/wp-json\/wp\/v2\/media\/50416"}],"wp:attachment":[{"href":"https:\/\/kasima.lt\/et\/wp-json\/wp\/v2\/media?parent=50430"}],"wp:term":[{"taxonomy":"product_brand","embeddable":true,"href":"https:\/\/kasima.lt\/et\/wp-json\/wp\/v2\/product_brand?post=50430"},{"taxonomy":"product_cat","embeddable":true,"href":"https:\/\/kasima.lt\/et\/wp-json\/wp\/v2\/product_cat?post=50430"},{"taxonomy":"product_tag","embeddable":true,"href":"https:\/\/kasima.lt\/et\/wp-json\/wp\/v2\/product_tag?post=50430"}],"curies":[{"name":"wp","href":"https:\/\/api.w.org\/{rel}","templated":true}]}}