{"id":49561,"date":"2025-05-28T12:10:51","date_gmt":"2025-05-28T12:10:51","guid":{"rendered":"https:\/\/kasima.lt\/produktas\/asfaltinis-volas-dynapac-cc900s-2006-metu\/"},"modified":"2025-10-29T13:34:21","modified_gmt":"2025-10-29T13:34:21","slug":"asfaltinis-volas-dynapac-cc900s-2006-metu","status":"publish","type":"product","link":"https:\/\/kasima.lt\/et\/produktas\/asfaltinis-volas-dynapac-cc900s-2006-metu\/","title":{"rendered":"Asfaldivaltser Dynapac CC900S, 2006"},"content":{"rendered":"<p>V\u00e4ga heas seisukorras Dynapac CC900S asfaldivalts.<br \/>\nSee on kompaktne kahetrumliline vibratsioonivalts v\u00e4ikesemahulisteks asfaldit\u00f6\u00f6deks ja pinnase tihendamiseks, n\u00e4iteks k\u00f5nniteede, jalgrattateede, v\u00e4ikeste m\u00e4nguv\u00e4ljakute ja teede tihendamiseks.<\/p>\n<p>Ehitatud 2006,<br \/>\nAinult 1845 moto tundi<br \/>\nKaal: 1660 kg &#8211; 1705 kg.<\/p>\n<p>Trummi laius: 900 mm<br \/>\nPikkus: 2,10 m<br \/>\nLaius: 0,97 m<br \/>\nK\u00f5rgus ROPSiga: 1,58-2,30 m<\/p>\n<p>Trummi l\u00e4bim\u00f5\u00f5t: 584 mm<br \/>\nMaksimaalne kiirus: kuni 9 km\/h<br \/>\nMaksimaalne m\u00e4kket\u00f5us: 50%<\/p>\n<p>Mootor Perkins 17,3 kw.<br \/>\nK\u00fctuse t\u00fc\u00fcp: diisel.<\/p>\n<p>\u00dchepoolne eesmine trummel: v\u00f5imaldab tihendamist seinte v\u00f5i k\u00f5nniteede l\u00e4hedal<br \/>\n60 mm trumli nihe: parandab servade tihendamist<br \/>\nVibratsioonis\u00fcsteem<br \/>\nTrumli niisutuss\u00fcsteem<\/p>\n<p>Lisateabe saamiseks helistage v\u00f5i saatke e-kiri. e-posti teel aadressil<\/p>\n<p><iframe loading=\"lazy\" title=\"Dynapac CC900S For sale!\" width=\"1080\" height=\"608\" src=\"https:\/\/www.youtube.com\/embed\/lwLNoTPuSlE?feature=oembed\"  allow=\"accelerometer; autoplay; clipboard-write; encrypted-media; gyroscope; picture-in-picture; web-share\" referrerpolicy=\"strict-origin-when-cross-origin\" allowfullscreen><\/iframe><\/p>\n","protected":false},"excerpt":{"rendered":"<p>Hind ilma k\u00e4ibemaksuta<\/p>\n<p>Tootja: Dynapac<br \/>\nMudel: CC900S<br \/>\nHelista: <a href=\"tel:+37067607071\">+37067607071<\/a><br \/>\nE-post: <a href=\"mailto:sales@kasima.lt\">sales@kasima.lt<\/a><\/p>\n","protected":false},"featured_media":49491,"template":"","meta":{"_et_pb_use_builder":"","_et_pb_old_content":"","_et_gb_content_width":"","_monsterinsights_skip_tracking":false,"_monsterinsights_sitenote_active":false,"_monsterinsights_sitenote_note":"","_monsterinsights_sitenote_category":0},"product_brand":[],"product_cat":[196],"product_tag":[],"class_list":{"0":"post-49561","1":"product","2":"type-product","3":"status-publish","4":"has-post-thumbnail","6":"product_cat-tee-ehitusmasinad","8":"first","9":"outofstock","10":"shipping-taxable","11":"product-type-simple"},"aioseo_notices":[],"_links":{"self":[{"href":"https:\/\/kasima.lt\/et\/wp-json\/wp\/v2\/product\/49561","targetHints":{"allow":["GET"]}}],"collection":[{"href":"https:\/\/kasima.lt\/et\/wp-json\/wp\/v2\/product"}],"about":[{"href":"https:\/\/kasima.lt\/et\/wp-json\/wp\/v2\/types\/product"}],"wp:featuredmedia":[{"embeddable":true,"href":"https:\/\/kasima.lt\/et\/wp-json\/wp\/v2\/media\/49491"}],"wp:attachment":[{"href":"https:\/\/kasima.lt\/et\/wp-json\/wp\/v2\/media?parent=49561"}],"wp:term":[{"taxonomy":"product_brand","embeddable":true,"href":"https:\/\/kasima.lt\/et\/wp-json\/wp\/v2\/product_brand?post=49561"},{"taxonomy":"product_cat","embeddable":true,"href":"https:\/\/kasima.lt\/et\/wp-json\/wp\/v2\/product_cat?post=49561"},{"taxonomy":"product_tag","embeddable":true,"href":"https:\/\/kasima.lt\/et\/wp-json\/wp\/v2\/product_tag?post=49561"}],"curies":[{"name":"wp","href":"https:\/\/api.w.org\/{rel}","templated":true}]}}