{"id":49448,"date":"2025-05-28T08:25:33","date_gmt":"2025-05-28T06:25:33","guid":{"rendered":"https:\/\/kasima.lt\/produktas\/case-priekine-pakaba\/"},"modified":"2025-10-29T13:34:21","modified_gmt":"2025-10-29T13:34:21","slug":"case-priekine-pakaba","status":"publish","type":"product","link":"https:\/\/kasima.lt\/et\/produktas\/case-priekine-pakaba\/","title":{"rendered":"CASE esiotsak"},"content":{"rendered":"<p>See osa on kasutatud, kuid on heas seisukorras.<br \/>\nM\u00f5ned osad on kuumusega kokku puutunud, kuid see ei m\u00f5juta t\u00f6\u00f6seisundit.<br \/>\nEemaldatud CASE Puma CVX 185, 2018<br \/>\nOsade numbrid:<br \/>\n2270301RH<br \/>\n84486252<br \/>\n84470637<br \/>\n84290006<br \/>\n84481192<br \/>\n84474138<br \/>\n84474136<br \/>\n84470290<br \/>\n84470407<\/p>\n","protected":false},"excerpt":{"rendered":"<p>Hind ilma k\u00e4ibemaksuta<\/p>\n<p>Tootja: CASE<br \/>\nMudel: CS185PUMA0013<br \/>\nHelista: <a href=\"tel:+37060842988\">+37060842988<\/a><br \/>\nE-post: <a href=\"mailto:usedparts@kasima.lt\">usedparts@kasima.lt<\/a><\/p>\n","protected":false},"featured_media":49399,"template":"","meta":{"_et_pb_use_builder":"","_et_pb_old_content":"","_et_gb_content_width":"","_monsterinsights_skip_tracking":false,"_monsterinsights_sitenote_active":false,"_monsterinsights_sitenote_note":"","_monsterinsights_sitenote_category":0},"product_brand":[],"product_cat":[866,509,841,319,700,433,752],"product_tag":[],"class_list":{"0":"post-49448","1":"product","2":"type-product","3":"status-publish","4":"has-post-thumbnail","6":"product_cat-haakeseadmed-ja-osad","7":"product_cat-case-osad","8":"product_cat-puma-cvx-185-2018","9":"product_cat-kasutatud-varuosade","10":"product_cat-traktori-osad","11":"product_cat-pollumajandus-varuosade","12":"product_cat-vedrustuse-osad","14":"first","15":"instock","16":"shipping-taxable","17":"purchasable","18":"product-type-simple"},"aioseo_notices":[],"_links":{"self":[{"href":"https:\/\/kasima.lt\/et\/wp-json\/wp\/v2\/product\/49448","targetHints":{"allow":["GET"]}}],"collection":[{"href":"https:\/\/kasima.lt\/et\/wp-json\/wp\/v2\/product"}],"about":[{"href":"https:\/\/kasima.lt\/et\/wp-json\/wp\/v2\/types\/product"}],"wp:featuredmedia":[{"embeddable":true,"href":"https:\/\/kasima.lt\/et\/wp-json\/wp\/v2\/media\/49399"}],"wp:attachment":[{"href":"https:\/\/kasima.lt\/et\/wp-json\/wp\/v2\/media?parent=49448"}],"wp:term":[{"taxonomy":"product_brand","embeddable":true,"href":"https:\/\/kasima.lt\/et\/wp-json\/wp\/v2\/product_brand?post=49448"},{"taxonomy":"product_cat","embeddable":true,"href":"https:\/\/kasima.lt\/et\/wp-json\/wp\/v2\/product_cat?post=49448"},{"taxonomy":"product_tag","embeddable":true,"href":"https:\/\/kasima.lt\/et\/wp-json\/wp\/v2\/product_tag?post=49448"}],"curies":[{"name":"wp","href":"https:\/\/api.w.org\/{rel}","templated":true}]}}