{"id":49288,"date":"2025-05-27T10:58:16","date_gmt":"2025-05-27T10:58:16","guid":{"rendered":"https:\/\/kasima.lt\/produktas\/teleskopinis-krautuvas-jcb-535-95-agri-super\/"},"modified":"2026-01-20T14:48:42","modified_gmt":"2026-01-20T12:48:42","slug":"teleskopinis-krautuvas-jcb-535-95-agri-super","status":"publish","type":"product","link":"https:\/\/kasima.lt\/et\/produktas\/teleskopinis-krautuvas-jcb-535-95-agri-super\/","title":{"rendered":"Teleskopinis krautuvas JCB 535-95 AGRI SUPER"},"content":{"rendered":"<p>Parduodamas labai geros b\u016bkl\u0117s JCB 535-95 Agri Super<br \/>\nSkirtas \u017eem\u0117s \u016bkiui<br \/>\nPagaminimo metai 2010<br \/>\nVariklis 132 AG<br \/>\nMoto valandos 6240<br \/>\nLietuvoje neeksploatuotas<\/p>\n<p>K\u0117limo galia: 3500 kg.<br \/>\nK\u0117limo auk\u0161tis 9 metrai<br \/>\nGreitis 40 km\/h<br \/>\nOrin\u0117 s\u0117dyn\u0117<br \/>\nStr\u0117l\u0117s amortizacija (JCB smooth ride system)<br \/>\nHidraulinis u\u017ekabinimas<br \/>\nHidraulin\u0117s linijos priekyje ir gale<br \/>\nHidraulinis priekabos kablys gale<br \/>\nHidrauliniai stabd\u017eiai gale<br \/>\nOro kondicionierius,<br \/>\nPaletin\u0117s \u0161ak\u0117s<\/p>\n<p><iframe loading=\"lazy\" title=\"JCB 535-95 Agri Super for sale!\" width=\"1080\" height=\"608\" src=\"https:\/\/www.youtube.com\/embed\/PAINGQLFOIo?feature=oembed\"  allow=\"accelerometer; autoplay; clipboard-write; encrypted-media; gyroscope; picture-in-picture; web-share\" referrerpolicy=\"strict-origin-when-cross-origin\" allowfullscreen><\/iframe><\/p>\n","protected":false},"excerpt":{"rendered":"<p>Kaina be PVM<\/p>\n<p>Gamintojas: JCB<br \/>\nModelis: 535-95 AGRI SUPER<br \/>\nSkambinkite: <a href=\"tel:+37067607071\">+37067607071<\/a><br \/>\nRa\u0161ykite: <a href=\"mailto:sales@kasima.lt\">sales@kasima.lt<\/a><\/p>\n","protected":false},"featured_media":49094,"template":"","meta":{"_et_pb_use_builder":"","_et_pb_old_content":"","_et_gb_content_width":"","_monsterinsights_skip_tracking":false,"_monsterinsights_sitenote_active":false,"_monsterinsights_sitenote_note":"","_monsterinsights_sitenote_category":0},"product_brand":[],"product_cat":[162],"product_tag":[],"class_list":{"0":"post-49288","1":"product","2":"type-product","3":"status-publish","4":"has-post-thumbnail","6":"product_cat-pollumajandus","8":"first","9":"outofstock","10":"shipping-taxable","11":"product-type-simple"},"aioseo_notices":[],"_links":{"self":[{"href":"https:\/\/kasima.lt\/et\/wp-json\/wp\/v2\/product\/49288","targetHints":{"allow":["GET"]}}],"collection":[{"href":"https:\/\/kasima.lt\/et\/wp-json\/wp\/v2\/product"}],"about":[{"href":"https:\/\/kasima.lt\/et\/wp-json\/wp\/v2\/types\/product"}],"wp:featuredmedia":[{"embeddable":true,"href":"https:\/\/kasima.lt\/et\/wp-json\/wp\/v2\/media\/49094"}],"wp:attachment":[{"href":"https:\/\/kasima.lt\/et\/wp-json\/wp\/v2\/media?parent=49288"}],"wp:term":[{"taxonomy":"product_brand","embeddable":true,"href":"https:\/\/kasima.lt\/et\/wp-json\/wp\/v2\/product_brand?post=49288"},{"taxonomy":"product_cat","embeddable":true,"href":"https:\/\/kasima.lt\/et\/wp-json\/wp\/v2\/product_cat?post=49288"},{"taxonomy":"product_tag","embeddable":true,"href":"https:\/\/kasima.lt\/et\/wp-json\/wp\/v2\/product_tag?post=49288"}],"curies":[{"name":"wp","href":"https:\/\/api.w.org\/{rel}","templated":true}]}}