{"id":47150,"date":"2025-05-15T13:25:49","date_gmt":"2025-05-15T13:25:49","guid":{"rendered":"https:\/\/kasima.lt\/produktas\/hidraulinis-krastovaizdzio-greblys-wolverine-hr18\/"},"modified":"2025-10-29T13:34:14","modified_gmt":"2025-10-29T13:34:14","slug":"hidraulinis-krastovaizdzio-greblys-wolverine-hr18","status":"publish","type":"product","link":"https:\/\/kasima.lt\/et\/produktas\/hidraulinis-krastovaizdzio-greblys-wolverine-hr18\/","title":{"rendered":"Wolverine HR18 h\u00fcdrauliline maastikuharveste"},"content":{"rendered":"<p>M\u00fc\u00fca maastikuharveste minilaadurile &#8211; Wolverine HR18<\/p>\n<p>Tootja: Wolverine<br \/>\nMudel: HR18<\/p>\n<p>Kaal: 650 kg<br \/>\n\u00dcldlaius: 200 cm<br \/>\nT\u00f6\u00f6laius: 170 cm<br \/>\nPikkus: 170 cm<br \/>\nK\u00f5rgus: 98 cm<br \/>\nM\u00f5eldud standardsele h\u00fcdraulilisele voolule.<\/p>\n<p>Paigaldus: libisevale laadurile (standardne libisevale laadurile m\u00f5eldud \u00fchendus)<\/p>\n<p>Wolverine HR18 on professionaalne maastikuharras erinevate pindade tasandamiseks, kivide v\u00f5i prahi kogumiseks ja pinnase ettevalmistamiseks. Sobib ideaalselt haljastus-, ehitus- ja p\u00f5llumajandust\u00f6\u00f6deks. Vastupidav ja tugev konstruktsioon t\u00f5husaks t\u00f6\u00f6ks minilaaduriga.  <\/p>\n<p><iframe loading=\"lazy\" title=\"Skid steer rake\" width=\"1080\" height=\"608\" src=\"https:\/\/www.youtube.com\/embed\/H0uix54a4XU?feature=oembed\"  allow=\"accelerometer; autoplay; clipboard-write; encrypted-media; gyroscope; picture-in-picture; web-share\" referrerpolicy=\"strict-origin-when-cross-origin\" allowfullscreen><\/iframe><\/p>\n","protected":false},"excerpt":{"rendered":"<p>Hind ilma k\u00e4ibemaksuta<\/p>\n<p>Tootja: Wolverine<br \/>\nMudel: HR18<br \/>\nHelista: <a href=\"tel:+37067607071\">+37067607071<\/a><br \/>\nE-post: <a href=\"mailto:sales@kasima.lt\">sales@kasima.lt<\/a><\/p>\n","protected":false},"featured_media":47070,"template":"","meta":{"_et_pb_use_builder":"","_et_pb_old_content":"","_et_gb_content_width":"","_monsterinsights_skip_tracking":false,"_monsterinsights_sitenote_active":false,"_monsterinsights_sitenote_note":"","_monsterinsights_sitenote_category":0},"product_brand":[],"product_cat":[159,161,169,165,234,156,193],"product_tag":[],"class_list":{"0":"post-47150","1":"product","2":"type-product","3":"status-publish","4":"has-post-thumbnail","6":"product_cat-15-3-tonni","7":"product_cat-3-5-tonni","8":"product_cat-5-7-tonni","9":"product_cat-uus","10":"product_cat-muud-lisaseadmed","11":"product_cat-minilaadur","12":"product_cat-kultivaatorid","14":"first","15":"instock","16":"shipping-taxable","17":"purchasable","18":"product-type-simple"},"aioseo_notices":[],"_links":{"self":[{"href":"https:\/\/kasima.lt\/et\/wp-json\/wp\/v2\/product\/47150","targetHints":{"allow":["GET"]}}],"collection":[{"href":"https:\/\/kasima.lt\/et\/wp-json\/wp\/v2\/product"}],"about":[{"href":"https:\/\/kasima.lt\/et\/wp-json\/wp\/v2\/types\/product"}],"wp:featuredmedia":[{"embeddable":true,"href":"https:\/\/kasima.lt\/et\/wp-json\/wp\/v2\/media\/47070"}],"wp:attachment":[{"href":"https:\/\/kasima.lt\/et\/wp-json\/wp\/v2\/media?parent=47150"}],"wp:term":[{"taxonomy":"product_brand","embeddable":true,"href":"https:\/\/kasima.lt\/et\/wp-json\/wp\/v2\/product_brand?post=47150"},{"taxonomy":"product_cat","embeddable":true,"href":"https:\/\/kasima.lt\/et\/wp-json\/wp\/v2\/product_cat?post=47150"},{"taxonomy":"product_tag","embeddable":true,"href":"https:\/\/kasima.lt\/et\/wp-json\/wp\/v2\/product_tag?post=47150"}],"curies":[{"name":"wp","href":"https:\/\/api.w.org\/{rel}","templated":true}]}}