{"id":46784,"date":"2025-05-15T07:37:53","date_gmt":"2025-05-15T07:37:53","guid":{"rendered":"https:\/\/kasima.lt\/produktas\/mini-ekskavatorius-komatsu-pc30mr-2\/"},"modified":"2025-10-29T13:33:45","modified_gmt":"2025-10-29T13:33:45","slug":"mini-ekskavatorius-komatsu-pc30mr-2","status":"publish","type":"product","link":"https:\/\/kasima.lt\/et\/produktas\/mini-ekskavatorius-komatsu-pc30mr-2\/","title":{"rendered":"Komatsu PC30MR-2 miniekskavaator"},"content":{"rendered":"<p>Komatsu PC30MR-2 miniekskavaator m\u00fc\u00fcgiks Leedus<\/p>\n<p>Aasta: 2006<br \/>\nMootoritunnid: 3 630 h<br \/>\nT\u00f6\u00f6kaal: 3 300 kg<br \/>\nMootor: Yanmar 20,6 kw<\/p>\n<p>Pikk poom &#8211; suurem kaevamiss\u00fcgavus ja t\u00f6\u00f6kaugus<br \/>\nKopp &#8211; kaasas<br \/>\nSMP h\u00fcdrauliline kiir\u00fchendus &#8211; t\u00f6\u00f6vahendite kiireks vahetamiseks<br \/>\nEngcon rototilt &#8211; v\u00f5imaldab koppi p\u00f6\u00f6rata ja kallutada, ideaalne raskete kaevet\u00f6\u00f6de tegemiseks<br \/>\nT\u00e4iendavad t\u00f6\u00f6tuled<\/p>\n<p>Saab varustada mullatorude, kaubaaluste kahvlite v\u00f5i muude t\u00f6\u00f6vahenditega.<\/p>\n<p><iframe loading=\"lazy\" title=\"Komatsu PC30MR-2, 2006\" width=\"1080\" height=\"608\" src=\"https:\/\/www.youtube.com\/embed\/rfPTwqfpVI0?feature=oembed\"  allow=\"accelerometer; autoplay; clipboard-write; encrypted-media; gyroscope; picture-in-picture; web-share\" referrerpolicy=\"strict-origin-when-cross-origin\" allowfullscreen><\/iframe><\/p>\n","protected":false},"excerpt":{"rendered":"<p>Hind ilma k\u00e4ibemaksuta<\/p>\n<p>Tootja: Komatsu<br \/>\nMudel: PC30MR-2<br \/>\nHelista: <a href=\"tel:+37067607071\">+37067607071<\/a><br \/>\nE-post: <a href=\"mailto:sales@kasima.lt\">sales@kasima.lt<\/a><\/p>\n","protected":false},"featured_media":46751,"template":"","meta":{"_et_pb_use_builder":"","_et_pb_old_content":"","_et_gb_content_width":"","_monsterinsights_skip_tracking":false,"_monsterinsights_sitenote_active":false,"_monsterinsights_sitenote_note":"","_monsterinsights_sitenote_category":0},"product_brand":[],"product_cat":[147],"product_tag":[],"class_list":{"0":"post-46784","1":"product","2":"type-product","3":"status-publish","4":"has-post-thumbnail","6":"product_cat-ehitus","8":"first","9":"outofstock","10":"shipping-taxable","11":"product-type-simple"},"aioseo_notices":[],"_links":{"self":[{"href":"https:\/\/kasima.lt\/et\/wp-json\/wp\/v2\/product\/46784","targetHints":{"allow":["GET"]}}],"collection":[{"href":"https:\/\/kasima.lt\/et\/wp-json\/wp\/v2\/product"}],"about":[{"href":"https:\/\/kasima.lt\/et\/wp-json\/wp\/v2\/types\/product"}],"wp:featuredmedia":[{"embeddable":true,"href":"https:\/\/kasima.lt\/et\/wp-json\/wp\/v2\/media\/46751"}],"wp:attachment":[{"href":"https:\/\/kasima.lt\/et\/wp-json\/wp\/v2\/media?parent=46784"}],"wp:term":[{"taxonomy":"product_brand","embeddable":true,"href":"https:\/\/kasima.lt\/et\/wp-json\/wp\/v2\/product_brand?post=46784"},{"taxonomy":"product_cat","embeddable":true,"href":"https:\/\/kasima.lt\/et\/wp-json\/wp\/v2\/product_cat?post=46784"},{"taxonomy":"product_tag","embeddable":true,"href":"https:\/\/kasima.lt\/et\/wp-json\/wp\/v2\/product_tag?post=46784"}],"curies":[{"name":"wp","href":"https:\/\/api.w.org\/{rel}","templated":true}]}}