{"id":46132,"date":"2025-05-13T12:56:16","date_gmt":"2025-05-13T12:56:16","guid":{"rendered":"https:\/\/kasima.lt\/produktas\/asfalto-freza-wirtgen-w200i-2\/"},"modified":"2025-10-29T13:33:43","modified_gmt":"2025-10-29T13:33:43","slug":"asfalto-freza-wirtgen-w200i-2","status":"publish","type":"product","link":"https:\/\/kasima.lt\/et\/produktas\/asfalto-freza-wirtgen-w200i-2\/","title":{"rendered":"Asfaldifreesimismasin Wirtgen W200i"},"content":{"rendered":"<p>Asfaldifrees Wirtgen W200i (2013) &#8211; ei kasutata Leedus<\/p>\n<p>Tehnilised andmed:<br \/>\nTootja: Wirtgen<br \/>\nMudel: W200i<br \/>\nValmistamise aasta: 2013<br \/>\nT\u00f6\u00f6tundide arv: 7363<br \/>\nMootor: Cummins, 433 kW<br \/>\nKaal: 25,350 kg<br \/>\nFreesimistrummel: FB2200<br \/>\nFreesimiss\u00fcgavus: 0 kuni 330 mm.<\/p>\n<p>Omadused ja funktsioonid:<br \/>\nLevel Pro juhtimiss\u00fcsteem &#8211; automaatne l\u00f5ikes\u00fcgavuse reguleerimine t\u00e4pse ja t\u00f5husa t\u00f6\u00f6voolu tagamiseks.<br \/>\nLeica\/MOBA GAZ kontroller koos kallutusm\u00f5\u00f5turiga &#8211; t\u00e4iustatud 2D kallutus- ja p\u00f6\u00f6rlemisjuhtimine.<br \/>\nT\u00f6\u00f6protsessi j\u00e4lgimise kaamerad<br \/>\nVCS &#8211; vaakumfreesimise s\u00fcsteem &#8211; v\u00e4hendab tolmu t\u00f6\u00f6 ajal ja parandab t\u00f6\u00f6tingimusi.<br \/>\nJahutuss\u00fcsteem freeselementide jaoks &#8211; koormustundliku veepumba abil, mis suurendab komponentide vastupidavust.<br \/>\nH\u00fcdrauliline veepaagi t\u00e4itepump &#8211; kiire ja mugav paagi t\u00e4itmine.<br \/>\nK\u00f5rgsurve k\u00e4tepesus\u00fcsteem &#8211; seadmete puhtana hoidmiseks.<br \/>\nSurvepesus\u00fcsteem &#8211; tagab hea jahutuse ja freespinna puhastamise.<br \/>\nKokkupandav ja h\u00fcdrauliliselt p\u00f6\u00f6rlev konveier materjalide lihtsamaks transportimiseks ja mahalaadimiseks.<br \/>\nH\u00fcdrauliliselt kokkupandav varikatus &#8211; lihtne k\u00e4sitsemine ja transport.<br \/>\n1700 kg lisaraskus parema veoj\u00f5u ja t\u00f6\u00f6stabiilsuse tagamiseks.<br \/>\nMonitoris\u00fcsteem &#8211; selge ja \u00fcksikasjalik kabiinisisene j\u00e4relevalve l\u00f5ikuri t\u00f6\u00f6parameetrite \u00fcle.<\/p>\n<p>Peamised eelised:<br \/>\nLeedus ei ole kasutatud &#8211; heas seisukorras.<br \/>\nVarustatud t\u00e4iustatud k\u00f5rgus- ja s\u00fcgavusjuhtimiss\u00fcsteemidega.<br \/>\nSobib nii suuremahuliste teede freesimiseks kui ka t\u00e4psust\u00f6\u00f6deks linnades.<\/p>\n<p><iframe loading=\"lazy\" title=\"Wirtgen W200i, 2013 for sale!\" width=\"1080\" height=\"608\" src=\"https:\/\/www.youtube.com\/embed\/MYMKQNgoPIM?feature=oembed\"  allow=\"accelerometer; autoplay; clipboard-write; encrypted-media; gyroscope; picture-in-picture; web-share\" referrerpolicy=\"strict-origin-when-cross-origin\" allowfullscreen><\/iframe><\/p>\n","protected":false},"excerpt":{"rendered":"<p>Hind ilma k\u00e4ibemaksuta<\/p>\n<p>Tootja: Wirtgen<br \/>\nMudel: W200i<br \/>\nHelista: <a href=\"tel:+37067607071\">+37067607071<\/a><br \/>\nE-post: <a href=\"mailto:sales@kasima.lt\">sales@kasima.lt<\/a><\/p>\n","protected":false},"featured_media":57628,"template":"","meta":{"_et_pb_use_builder":"","_et_pb_old_content":"","_et_gb_content_width":"","_monsterinsights_skip_tracking":false,"_monsterinsights_sitenote_active":false,"_monsterinsights_sitenote_note":"","_monsterinsights_sitenote_category":0},"product_brand":[],"product_cat":[196],"product_tag":[],"class_list":{"0":"post-46132","1":"product","2":"type-product","3":"status-publish","4":"has-post-thumbnail","6":"product_cat-tee-ehitusmasinad","8":"first","9":"outofstock","10":"shipping-taxable","11":"product-type-simple"},"aioseo_notices":[],"_links":{"self":[{"href":"https:\/\/kasima.lt\/et\/wp-json\/wp\/v2\/product\/46132","targetHints":{"allow":["GET"]}}],"collection":[{"href":"https:\/\/kasima.lt\/et\/wp-json\/wp\/v2\/product"}],"about":[{"href":"https:\/\/kasima.lt\/et\/wp-json\/wp\/v2\/types\/product"}],"wp:featuredmedia":[{"embeddable":true,"href":"https:\/\/kasima.lt\/et\/wp-json\/wp\/v2\/media\/57628"}],"wp:attachment":[{"href":"https:\/\/kasima.lt\/et\/wp-json\/wp\/v2\/media?parent=46132"}],"wp:term":[{"taxonomy":"product_brand","embeddable":true,"href":"https:\/\/kasima.lt\/et\/wp-json\/wp\/v2\/product_brand?post=46132"},{"taxonomy":"product_cat","embeddable":true,"href":"https:\/\/kasima.lt\/et\/wp-json\/wp\/v2\/product_cat?post=46132"},{"taxonomy":"product_tag","embeddable":true,"href":"https:\/\/kasima.lt\/et\/wp-json\/wp\/v2\/product_tag?post=46132"}],"curies":[{"name":"wp","href":"https:\/\/api.w.org\/{rel}","templated":true}]}}