{"id":45349,"date":"2025-04-25T12:01:13","date_gmt":"2025-04-25T12:01:13","guid":{"rendered":"https:\/\/kasima.lt\/produktas\/mini-krautuvas-bobcat-s76\/"},"modified":"2025-10-29T13:33:42","modified_gmt":"2025-10-29T13:33:42","slug":"mini-krautuvas-bobcat-s76","status":"publish","type":"product","link":"https:\/\/kasima.lt\/et\/produktas\/mini-krautuvas-bobcat-s76\/","title":{"rendered":"Bobcat S76 minilaadur"},"content":{"rendered":"<p>M\u00fc\u00fca suurep\u00e4rases seisukorras Bobcat S76 ratastega liuglaadur,<\/p>\n<p>Ehitatud 2022. aastal, vaid 360 s\u00f5idutunniga.<\/p>\n<p>See mitmek\u00fclgne ja v\u00f5imas masin sobib ideaalselt ehitus-, p\u00f5llumajandus- ja munitsipaalt\u00f6\u00f6deks.<\/p>\n<p>Tehnilised andmed:<br \/>\nMootori v\u00f5imsus: 74 hj (55,2 kW)<br \/>\nT\u00f6\u00f6kaal: 3 750 kg<br \/>\nKahek\u00e4iguline k\u00e4igukast, tippkiirus kuni 19 km\/h<br \/>\nH\u00fcdros\u00fcsteemi v\u00f5imsus:<br \/>\nStandardne vooluhulk: 88,1 l\/min<br \/>\nSuur vooluhulk: 114,7 l\/min<\/p>\n<p>M\u00f5\u00f5tmed:<br \/>\nPikkus ilma \u00e4mbrita: 2,893 m<br \/>\nPikkus koos \u00e4mbriga: 3,735 m<br \/>\nLaius ilma \u00e4mbrita: 1,829 m<br \/>\nLaius koos \u00e4mbriga: 1,880 m<br \/>\nK\u00f5rgus kabiini \u00fclaosani: 2,078 m<br \/>\nK\u00f5rgus \u00e4mbri hingedeni: 3,259 m<\/p>\n<p>Lisavarustus:<br \/>\n2 kiirust<br \/>\nBob-Tach h\u00fcdrauliline lisaseadme vahetus<br \/>\nHigh Flow s\u00fcsteem<br \/>\nKiir\u00fchendusega h\u00fcdrauliline s\u00fcsteem r\u00f5hu kaitsega<\/p>\n<p>Eelised:<br \/>\nV\u00e4he kasutatud &#8211; ainult 360 s\u00f5idutundi<br \/>\nUsaldusv\u00e4\u00e4rne, v\u00f5imas ja \u00f6konoomne mootor<br \/>\nSuurep\u00e4rane man\u00f6\u00f6verdusv\u00f5ime ja t\u00f5stev\u00f5ime<br \/>\nSaadaval mitmesuguste lisaseadmetega, nagu kopp, kahvlid, puurid jne.<br \/>\nValmis t\u00f6\u00f6ks!<\/p>\n<p><iframe loading=\"lazy\" title=\"Bobcat S76, 2022 for sale!\" width=\"1080\" height=\"608\" src=\"https:\/\/www.youtube.com\/embed\/KjT2SXwjCQY?feature=oembed\"  allow=\"accelerometer; autoplay; clipboard-write; encrypted-media; gyroscope; picture-in-picture; web-share\" referrerpolicy=\"strict-origin-when-cross-origin\" allowfullscreen><\/iframe><\/p>\n","protected":false},"excerpt":{"rendered":"<p>Hind ilma k\u00e4ibemaksuta<\/p>\n<p>Tootja: Bobcat<br \/>\nMudel: S76<br \/>\nHelista: <a href=\"tel:+37067607071\">+37067607071<\/a><br \/>\nE-post: <a href=\"mailto:sales@kasima.lt\">sales@kasima.lt<\/a><\/p>\n","protected":false},"featured_media":45220,"template":"","meta":{"_et_pb_use_builder":"","_et_pb_old_content":"","_et_gb_content_width":"","_monsterinsights_skip_tracking":false,"_monsterinsights_sitenote_active":false,"_monsterinsights_sitenote_note":"","_monsterinsights_sitenote_category":0},"product_brand":[],"product_cat":[196,147],"product_tag":[],"class_list":{"0":"post-45349","1":"product","2":"type-product","3":"status-publish","4":"has-post-thumbnail","6":"product_cat-tee-ehitusmasinad","7":"product_cat-ehitus","9":"first","10":"outofstock","11":"shipping-taxable","12":"product-type-simple"},"aioseo_notices":[],"_links":{"self":[{"href":"https:\/\/kasima.lt\/et\/wp-json\/wp\/v2\/product\/45349","targetHints":{"allow":["GET"]}}],"collection":[{"href":"https:\/\/kasima.lt\/et\/wp-json\/wp\/v2\/product"}],"about":[{"href":"https:\/\/kasima.lt\/et\/wp-json\/wp\/v2\/types\/product"}],"wp:featuredmedia":[{"embeddable":true,"href":"https:\/\/kasima.lt\/et\/wp-json\/wp\/v2\/media\/45220"}],"wp:attachment":[{"href":"https:\/\/kasima.lt\/et\/wp-json\/wp\/v2\/media?parent=45349"}],"wp:term":[{"taxonomy":"product_brand","embeddable":true,"href":"https:\/\/kasima.lt\/et\/wp-json\/wp\/v2\/product_brand?post=45349"},{"taxonomy":"product_cat","embeddable":true,"href":"https:\/\/kasima.lt\/et\/wp-json\/wp\/v2\/product_cat?post=45349"},{"taxonomy":"product_tag","embeddable":true,"href":"https:\/\/kasima.lt\/et\/wp-json\/wp\/v2\/product_tag?post=45349"}],"curies":[{"name":"wp","href":"https:\/\/api.w.org\/{rel}","templated":true}]}}