{"id":45203,"date":"2025-04-24T12:37:53","date_gmt":"2025-04-24T12:37:53","guid":{"rendered":"https:\/\/kasima.lt\/produktas\/sandarinimo-irenginys-crafco-super-shot-60\/"},"modified":"2025-10-29T13:33:42","modified_gmt":"2025-10-29T13:33:42","slug":"sandarinimo-irenginys-crafco-super-shot-60","status":"publish","type":"product","link":"https:\/\/kasima.lt\/et\/produktas\/sandarinimo-irenginys-crafco-super-shot-60\/","title":{"rendered":"CRAFCO Super Shot 60 tihendus\u00fcksus"},"content":{"rendered":"<p>Crafco SS60 Super Shot m\u00fc\u00fcgiks professionaalseks kuumsulavhermeetikaks ja pragude t\u00e4itmiseks.<br \/>\nUsaldusv\u00e4\u00e4rne, t\u00f5hus ja t\u00f6\u00f6valmis!<\/p>\n<p>Tehnilised andmed:<br \/>\nTootja CRAFCO<br \/>\nMudel: Super Shot 60<br \/>\nAasta: 2009<br \/>\nSeisund:<br \/>\n K\u00fcte: Propaangaas &#8211; \u00f6konoomne ja kiire k\u00fctmine<br \/>\nMahutavus: 60 galloni (ca 227 l) tihendimismahuti<br \/>\nJuhtimine: Elektrooniline temperatuurikontroll<br \/>\nH\u00fcdraulikas\u00fcsteem: juhib segisti (segisti) ja pumpa, et tagada tihendimismaterjali \u00f5ige konsistentsus ja t\u00f5hus toimetamine pinnale.<\/p>\n<p>Kasutamine: pragude, vuukide ja vuukide t\u00e4itmine asfaldil ja muudel teekattematerjalidel.<\/p>\n<p>Miks valida see mudel?<\/p>\n<p>Sobib nii v\u00e4ikeste kui ka keskmise suurusega projektide jaoks<\/p>\n<p>T\u00f5estatud tootja &#8211; Crafco, teehooldusseadmete liider<\/p>\n<p>Kiire soojenemine ja lihtne t\u00f6\u00f6<\/p>\n<p><iframe loading=\"lazy\" title=\"Crack Sealing: The Foundation For Effective Pavement Preservation | Crafco\" width=\"1080\" height=\"608\" src=\"https:\/\/www.youtube.com\/embed\/m14mKT4gTVQ?feature=oembed\"  allow=\"accelerometer; autoplay; clipboard-write; encrypted-media; gyroscope; picture-in-picture; web-share\" referrerpolicy=\"strict-origin-when-cross-origin\" allowfullscreen><\/iframe><\/p>\n","protected":false},"excerpt":{"rendered":"<p>Hind ilma k\u00e4ibemaksuta<\/p>\n<p>Tootja: CRAFCO<br \/>\nMudel: SS60<br \/>\nHelista: <a href=\"tel:+37067607071\">+37067607071<\/a><br \/>\nE-post: <a href=\"mailto:sales@kasima.lt\">sales@kasima.lt<\/a><\/p>\n","protected":false},"featured_media":45109,"template":"","meta":{"_et_pb_use_builder":"","_et_pb_old_content":"","_et_gb_content_width":"","_monsterinsights_skip_tracking":false,"_monsterinsights_sitenote_active":false,"_monsterinsights_sitenote_note":"","_monsterinsights_sitenote_category":0},"product_brand":[],"product_cat":[196],"product_tag":[],"class_list":{"0":"post-45203","1":"product","2":"type-product","3":"status-publish","4":"has-post-thumbnail","6":"product_cat-tee-ehitusmasinad","8":"first","9":"outofstock","10":"shipping-taxable","11":"product-type-simple"},"aioseo_notices":[],"_links":{"self":[{"href":"https:\/\/kasima.lt\/et\/wp-json\/wp\/v2\/product\/45203","targetHints":{"allow":["GET"]}}],"collection":[{"href":"https:\/\/kasima.lt\/et\/wp-json\/wp\/v2\/product"}],"about":[{"href":"https:\/\/kasima.lt\/et\/wp-json\/wp\/v2\/types\/product"}],"wp:featuredmedia":[{"embeddable":true,"href":"https:\/\/kasima.lt\/et\/wp-json\/wp\/v2\/media\/45109"}],"wp:attachment":[{"href":"https:\/\/kasima.lt\/et\/wp-json\/wp\/v2\/media?parent=45203"}],"wp:term":[{"taxonomy":"product_brand","embeddable":true,"href":"https:\/\/kasima.lt\/et\/wp-json\/wp\/v2\/product_brand?post=45203"},{"taxonomy":"product_cat","embeddable":true,"href":"https:\/\/kasima.lt\/et\/wp-json\/wp\/v2\/product_cat?post=45203"},{"taxonomy":"product_tag","embeddable":true,"href":"https:\/\/kasima.lt\/et\/wp-json\/wp\/v2\/product_tag?post=45203"}],"curies":[{"name":"wp","href":"https:\/\/api.w.org\/{rel}","templated":true}]}}