{"id":42860,"date":"2025-04-05T11:35:00","date_gmt":"2025-04-05T11:35:00","guid":{"rendered":"https:\/\/kasima.lt\/produktas\/ziauninis-trupintuvas-powerscreen-premiertrak-420e\/"},"modified":"2025-10-29T13:33:32","modified_gmt":"2025-10-29T13:33:32","slug":"ziauninis-trupintuvas-powerscreen-premiertrak-420e","status":"publish","type":"product","link":"https:\/\/kasima.lt\/et\/produktas\/ziauninis-trupintuvas-powerscreen-premiertrak-420e\/","title":{"rendered":"L\u00f5ugpurustid Powerscreen Premiertrak 420E"},"content":{"rendered":"<p>Powerscreen Premiertrak 420E jaamamurusti,<br \/>\nPowerscreen&#8217;i jaamamurustid on m\u00f5eldud \u00fcletama esmase purustamise vajadusi<br \/>\nklientidele kaevandamise, karj\u00e4\u00e4ri ja ringlussev\u00f5tu t\u00f6\u00f6stuses.<br \/>\nNeed masinad on \u00fched k\u00f5ige arenenumad ja usaldusv\u00e4\u00e4rsemad turul.<br \/>\nTootmisaasta 2022<br \/>\nT\u00f6\u00f6leviimine 2023<br \/>\nT\u00f6\u00f6tundide arv 579.<br \/>\nDiisel\/elektriline<br \/>\nTootmisv\u00f5imsus: 420 tonni tunnis<br \/>\nKoppeli maht: 9 m3<br \/>\nPurusti: 1070 mm x 760 mm<br \/>\nJ\u00f5useade (sisseehitatud generaator):<br \/>\nScania DC9 &#8211; 257 kW (350 hj) mootor<br \/>\nKaal: 58 000 kg.<\/p>\n<p>\u00dclemine s\u00f5elumisaste &#8211; 75 mm (3&#8243;) nominaalvahega s\u00f5elpadrunid<br \/>\nTraatv\u00f5rk alumise s\u00f5elumisastme jaoks &#8211; 38 mm<br \/>\nPurusti avamiss\u00fcsteem VSD kontrolleri kaudu<br \/>\nHammastega plaat<br \/>\nSuperhambaga l\u00f5uaplaadid standardprofiiliga<br \/>\nLaiendatud tootmiskonveier: Mahalaadimisk\u00f5rgus<br \/>\nH\u00fcdrauliline konveieri t\u00f5stmine ja langetamine<br \/>\nTopeltmagnet koos magneti, voolikute, kaitseplaadi ja kinnituskettidega<br \/>\nScania DC9 Stage V mootor, 257 kW (350 hj)<br \/>\nK\u00fclmakindlad m\u00e4\u00e4rdeained &#8211; (soovitatav kasutada v\u00e4listemperatuuril vahemikus -20 kuni +30 \u00b0C). Ainult h\u00fcdraulika- ja m\u00e4\u00e4rimisrasvad.<br \/>\nMootori k\u00e4ivitamise viivitus ja signaal<br \/>\nHoiatussignaal masina liikumise ja k\u00e4ivitamise kohta<br \/>\nTolmueemaldussprinklerid<br \/>\nJuhtpaneel koos kaabliga (n\u00f6\u00f6rijuhtimine)<br \/>\nRaadiojuhtimisega juhtpaneel: ELi versioon<br \/>\nKahepoolne liikumiskiirus<br \/>\nValgustusmast<br \/>\nAutomaatne \u00f5lituss\u00fcsteem<br \/>\nPinge\u00fchendus 50 Hz &#8211; rihmaratas (masinale paigaldatud, standard)<br \/>\nPinge\u00fchendus 60 Hz &#8211; rihmaratas (tarnitakse eraldi)<\/p>\n<p><iframe loading=\"lazy\" title=\"Powerscreen Premiertrak 420E Electric Jaw Crusher\" width=\"1080\" height=\"608\" src=\"https:\/\/www.youtube.com\/embed\/BVKuzJZZ09s?feature=oembed\"  allow=\"accelerometer; autoplay; clipboard-write; encrypted-media; gyroscope; picture-in-picture; web-share\" referrerpolicy=\"strict-origin-when-cross-origin\" allowfullscreen><\/iframe><\/p>\n","protected":false},"excerpt":{"rendered":"<p>Hind ilma k\u00e4ibemaksuta<\/p>\n<p>Tootja: Powerscreen<br \/>\nMudel: Premiertrak 420E<br \/>\nHelista: <a href=\"tel:+37067607071\">+37067607071<\/a><br \/>\nE-post: <a href=\"mailto:sales@kasima.lt\">sales@kasima.lt<\/a><\/p>\n","protected":false},"featured_media":42701,"template":"","meta":{"_et_pb_use_builder":"","_et_pb_old_content":"","_et_gb_content_width":"","_monsterinsights_skip_tracking":false,"_monsterinsights_sitenote_active":false,"_monsterinsights_sitenote_note":"","_monsterinsights_sitenote_category":0},"product_brand":[],"product_cat":[147],"product_tag":[],"class_list":{"0":"post-42860","1":"product","2":"type-product","3":"status-publish","4":"has-post-thumbnail","6":"product_cat-ehitus","8":"first","9":"outofstock","10":"shipping-taxable","11":"product-type-simple"},"aioseo_notices":[],"_links":{"self":[{"href":"https:\/\/kasima.lt\/et\/wp-json\/wp\/v2\/product\/42860","targetHints":{"allow":["GET"]}}],"collection":[{"href":"https:\/\/kasima.lt\/et\/wp-json\/wp\/v2\/product"}],"about":[{"href":"https:\/\/kasima.lt\/et\/wp-json\/wp\/v2\/types\/product"}],"wp:featuredmedia":[{"embeddable":true,"href":"https:\/\/kasima.lt\/et\/wp-json\/wp\/v2\/media\/42701"}],"wp:attachment":[{"href":"https:\/\/kasima.lt\/et\/wp-json\/wp\/v2\/media?parent=42860"}],"wp:term":[{"taxonomy":"product_brand","embeddable":true,"href":"https:\/\/kasima.lt\/et\/wp-json\/wp\/v2\/product_brand?post=42860"},{"taxonomy":"product_cat","embeddable":true,"href":"https:\/\/kasima.lt\/et\/wp-json\/wp\/v2\/product_cat?post=42860"},{"taxonomy":"product_tag","embeddable":true,"href":"https:\/\/kasima.lt\/et\/wp-json\/wp\/v2\/product_tag?post=42860"}],"curies":[{"name":"wp","href":"https:\/\/api.w.org\/{rel}","templated":true}]}}