{"id":40226,"date":"2025-03-17T09:53:48","date_gmt":"2025-03-17T09:53:48","guid":{"rendered":"https:\/\/kasima.lt\/produktas\/viksrinis-ekskavatorius-kobelco-sk210lc-9-2014\/"},"modified":"2025-10-29T13:33:22","modified_gmt":"2025-10-29T13:33:22","slug":"viksrinis-ekskavatorius-kobelco-sk210lc-9-2014","status":"publish","type":"product","link":"https:\/\/kasima.lt\/et\/produktas\/viksrinis-ekskavatorius-kobelco-sk210lc-9-2014\/","title":{"rendered":"Kobelco SK210LC-9 roomikekskavaator, 2014"},"content":{"rendered":"<p>Kobelco SK210LC-9 roomikekskavaator, mida Leedus ei kasutata.<br \/>\nValmistatud 2014. aastal.<br \/>\nT\u00f6\u00f6aeg 11 920,<br \/>\nKaal 22500 kg.<br \/>\nMootori v\u00f5imsus 124 kw.<br \/>\nEkskavaatori laius 299 cm.<br \/>\nKliimaseadmed<br \/>\nKeskne m\u00e4\u00e4rimine<br \/>\nH\u00fcdraulikaliinid<br \/>\nK\u00fctuse t\u00e4itepump<br \/>\nH\u00fcdrauliline S-70 kiirliitmik<br \/>\nSeirekaamera<br \/>\nT\u00e4iendavad t\u00f6\u00f6tuled<\/p>\n<p>Lisainfo telefoni v\u00f5i e-posti teel<\/p>\n<p><iframe loading=\"lazy\" title=\"Kobelco SK210LC-9, 2014 for sale!\" width=\"1080\" height=\"608\" src=\"https:\/\/www.youtube.com\/embed\/tErgdOfguzo?feature=oembed\"  allow=\"accelerometer; autoplay; clipboard-write; encrypted-media; gyroscope; picture-in-picture; web-share\" referrerpolicy=\"strict-origin-when-cross-origin\" allowfullscreen><\/iframe><\/p>\n","protected":false},"excerpt":{"rendered":"<p>Hind ilma k\u00e4ibemaksuta<\/p>\n<p>Tootja: KOBELCO<br \/>\nMudel: SK210LC-9<br \/>\nHelista: <a href=\"tel:+37067607071\">+37067607071<br \/>\n<\/a>E-post: <a href=\"mailto:sales@kasima.lt\">sales@kasima.lt<\/a><\/p>\n","protected":false},"featured_media":39987,"template":"","meta":{"_et_pb_use_builder":"","_et_pb_old_content":"","_et_gb_content_width":"","_monsterinsights_skip_tracking":false,"_monsterinsights_sitenote_active":false,"_monsterinsights_sitenote_note":"","_monsterinsights_sitenote_category":0},"product_brand":[],"product_cat":[147],"product_tag":[],"class_list":{"0":"post-40226","1":"product","2":"type-product","3":"status-publish","4":"has-post-thumbnail","6":"product_cat-ehitus","8":"first","9":"outofstock","10":"shipping-taxable","11":"product-type-simple"},"aioseo_notices":[],"_links":{"self":[{"href":"https:\/\/kasima.lt\/et\/wp-json\/wp\/v2\/product\/40226","targetHints":{"allow":["GET"]}}],"collection":[{"href":"https:\/\/kasima.lt\/et\/wp-json\/wp\/v2\/product"}],"about":[{"href":"https:\/\/kasima.lt\/et\/wp-json\/wp\/v2\/types\/product"}],"wp:featuredmedia":[{"embeddable":true,"href":"https:\/\/kasima.lt\/et\/wp-json\/wp\/v2\/media\/39987"}],"wp:attachment":[{"href":"https:\/\/kasima.lt\/et\/wp-json\/wp\/v2\/media?parent=40226"}],"wp:term":[{"taxonomy":"product_brand","embeddable":true,"href":"https:\/\/kasima.lt\/et\/wp-json\/wp\/v2\/product_brand?post=40226"},{"taxonomy":"product_cat","embeddable":true,"href":"https:\/\/kasima.lt\/et\/wp-json\/wp\/v2\/product_cat?post=40226"},{"taxonomy":"product_tag","embeddable":true,"href":"https:\/\/kasima.lt\/et\/wp-json\/wp\/v2\/product_tag?post=40226"}],"curies":[{"name":"wp","href":"https:\/\/api.w.org\/{rel}","templated":true}]}}