{"id":39658,"date":"2025-03-12T13:19:04","date_gmt":"2025-03-12T11:19:04","guid":{"rendered":"https:\/\/kasima.lt\/produktas\/volvo-sukamoji-pavara\/"},"modified":"2026-01-09T11:49:58","modified_gmt":"2026-01-09T11:49:58","slug":"volvo-sukamoji-pavara","status":"publish","type":"product","link":"https:\/\/kasima.lt\/et\/produktas\/volvo-sukamoji-pavara\/","title":{"rendered":"Volvo p\u00f6\u00f6rdering"},"content":{"rendered":"<p>See originaalosa on kasutatud, kuid suurep\u00e4rases seisukorras.<br \/>\nEemaldatud Volvo EC210BLC-st, 2003.<br \/>\nOsanumber:<br \/>\nVOE14563328<br \/>\nVOE14505766<br \/>\nVOE14563326<br \/>\nVOE14577177<br \/>\nVOE14530323<\/p>\n","protected":false},"excerpt":{"rendered":"<p>Hind ilma k\u00e4ibemaksuta<\/p>\n<p>Tootja: VOLVO<br \/>\nMudel: EC210BLC0007<br \/>\nHelista: <a href=\"tel:+37060842988\">+37060842988<\/a><br \/>Kirjuta: <a href=\"mailto:usedparts@kasima.lt\">usedparts@kasima.lt<\/a><\/p>\n","protected":false},"featured_media":39629,"template":"","meta":{"_et_pb_use_builder":"","_et_pb_old_content":"","_et_gb_content_width":"","_monsterinsights_skip_tracking":false,"_monsterinsights_sitenote_active":false,"_monsterinsights_sitenote_note":"","_monsterinsights_sitenote_category":0},"product_brand":[],"product_cat":[397,811,319,684,431,756],"product_tag":[],"class_list":{"0":"post-39658","1":"product","2":"type-product","3":"status-publish","4":"has-post-thumbnail","6":"product_cat-volvo-varuosade","7":"product_cat-ec210blc","8":"product_cat-kasutatud-varuosade","9":"product_cat-ekskavaatori-osad","10":"product_cat-ehitusmasinad-varuosade","11":"product_cat-poordesusteemi-osad","13":"first","14":"instock","15":"shipping-taxable","16":"purchasable","17":"product-type-simple"},"aioseo_notices":[],"_links":{"self":[{"href":"https:\/\/kasima.lt\/et\/wp-json\/wp\/v2\/product\/39658","targetHints":{"allow":["GET"]}}],"collection":[{"href":"https:\/\/kasima.lt\/et\/wp-json\/wp\/v2\/product"}],"about":[{"href":"https:\/\/kasima.lt\/et\/wp-json\/wp\/v2\/types\/product"}],"wp:featuredmedia":[{"embeddable":true,"href":"https:\/\/kasima.lt\/et\/wp-json\/wp\/v2\/media\/39629"}],"wp:attachment":[{"href":"https:\/\/kasima.lt\/et\/wp-json\/wp\/v2\/media?parent=39658"}],"wp:term":[{"taxonomy":"product_brand","embeddable":true,"href":"https:\/\/kasima.lt\/et\/wp-json\/wp\/v2\/product_brand?post=39658"},{"taxonomy":"product_cat","embeddable":true,"href":"https:\/\/kasima.lt\/et\/wp-json\/wp\/v2\/product_cat?post=39658"},{"taxonomy":"product_tag","embeddable":true,"href":"https:\/\/kasima.lt\/et\/wp-json\/wp\/v2\/product_tag?post=39658"}],"curies":[{"name":"wp","href":"https:\/\/api.w.org\/{rel}","templated":true}]}}