{"id":37748,"date":"2025-02-25T12:32:29","date_gmt":"2025-02-25T12:32:29","guid":{"rendered":"https:\/\/kasima.lt\/produktas\/volvo-irankiu-skydelis-dangtis\/"},"modified":"2025-10-29T13:33:14","modified_gmt":"2025-10-29T13:33:14","slug":"volvo-irankiu-skydelis-dangtis","status":"publish","type":"product","link":"https:\/\/kasima.lt\/et\/produktas\/volvo-irankiu-skydelis-dangtis\/","title":{"rendered":"Volvo t\u00f6\u00f6riistapaneel , kate"},"content":{"rendered":"<p>See osa on kasutatud, kuid t\u00e4iesti t\u00f6\u00f6korras, ilma pragudeta, eemaldatud Volvo EC210BLC ekskavaatorist.<br \/>\nOsa number:<br \/>\nVOE 14508090<br \/>\nVOE 14508101<\/p>\n","protected":false},"excerpt":{"rendered":"<p>Hind ilma k\u00e4ibemaksuta<\/p>\n<p>Tootja: VOLVO<br \/>\nMudel: EC210BLC0070<br \/>\nHelista: <a href=\"tel:+37060842988\">+37060842988<br \/><\/a>E-post: <a href=\"mailto:usedparts@kasima.lt\">usedparts@kasima.lt<\/a><\/p>\n","protected":false},"featured_media":37734,"template":"","meta":{"_et_pb_use_builder":"","_et_pb_old_content":"","_et_gb_content_width":"","_monsterinsights_skip_tracking":false,"_monsterinsights_sitenote_active":false,"_monsterinsights_sitenote_note":"","_monsterinsights_sitenote_category":0},"product_brand":[],"product_cat":[397,811,644,319,684,431],"product_tag":[],"class_list":{"0":"post-37748","1":"product","2":"type-product","3":"status-publish","4":"has-post-thumbnail","6":"product_cat-volvo-varuosade","7":"product_cat-ec210blc","8":"product_cat-kabiinid-ja-osad","9":"product_cat-kasutatud-varuosade","10":"product_cat-ekskavaatori-osad","11":"product_cat-ehitusmasinad-varuosade","13":"first","14":"instock","15":"shipping-taxable","16":"purchasable","17":"product-type-simple"},"aioseo_notices":[],"_links":{"self":[{"href":"https:\/\/kasima.lt\/et\/wp-json\/wp\/v2\/product\/37748","targetHints":{"allow":["GET"]}}],"collection":[{"href":"https:\/\/kasima.lt\/et\/wp-json\/wp\/v2\/product"}],"about":[{"href":"https:\/\/kasima.lt\/et\/wp-json\/wp\/v2\/types\/product"}],"wp:featuredmedia":[{"embeddable":true,"href":"https:\/\/kasima.lt\/et\/wp-json\/wp\/v2\/media\/37734"}],"wp:attachment":[{"href":"https:\/\/kasima.lt\/et\/wp-json\/wp\/v2\/media?parent=37748"}],"wp:term":[{"taxonomy":"product_brand","embeddable":true,"href":"https:\/\/kasima.lt\/et\/wp-json\/wp\/v2\/product_brand?post=37748"},{"taxonomy":"product_cat","embeddable":true,"href":"https:\/\/kasima.lt\/et\/wp-json\/wp\/v2\/product_cat?post=37748"},{"taxonomy":"product_tag","embeddable":true,"href":"https:\/\/kasima.lt\/et\/wp-json\/wp\/v2\/product_tag?post=37748"}],"curies":[{"name":"wp","href":"https:\/\/api.w.org\/{rel}","templated":true}]}}