{"id":37662,"date":"2025-02-21T12:52:42","date_gmt":"2025-02-21T12:52:42","guid":{"rendered":"https:\/\/kasima.lt\/produktas\/sanden-sd5h14-kompresorius\/"},"modified":"2025-10-29T13:33:13","modified_gmt":"2025-10-29T13:33:13","slug":"sanden-sd5h14-kompresorius","status":"publish","type":"product","link":"https:\/\/kasima.lt\/et\/produktas\/sanden-sd5h14-kompresorius\/","title":{"rendered":"Sanden SD5H14 kompressor"},"content":{"rendered":"<p>See kompressor on kasutatud, kuid t\u00e4iesti t\u00f6\u00f6korras, eemaldatud Atlas 1604 ekskavaatorist.<br \/>\nOsa number:<br \/>\n3798903880<br \/>\nS6664<\/p>\n","protected":false},"excerpt":{"rendered":"<p>Hind ilma k\u00e4ibemaksuta<\/p>\n<p>Tootja: SANDEN<br \/>\nMudel: AT16040057<br \/>\nHelista: <a href=\"tel:+37060842988\">+37060842988<br \/><\/a>E-post: <a href=\"mailto:usedparts@kasima.lt\">usedparts@kasima.lt<\/a><\/p>\n","protected":false},"featured_media":37653,"template":"","meta":{"_et_pb_use_builder":"","_et_pb_old_content":"","_et_gb_content_width":"","_monsterinsights_skip_tracking":false,"_monsterinsights_sitenote_active":false,"_monsterinsights_sitenote_note":"","_monsterinsights_sitenote_category":0},"product_brand":[],"product_cat":[871,941,485,491,319,684,431,720,806],"product_tag":[],"class_list":{"0":"post-37662","1":"product","2":"type-product","3":"status-publish","4":"has-post-thumbnail","6":"product_cat-1604-2003","7":"product_cat-kompressorid","8":"product_cat-atlas-osad","9":"product_cat-elektroonika-osad","10":"product_cat-kasutatud-varuosade","11":"product_cat-ekskavaatori-osad","12":"product_cat-ehitusmasinad-varuosade","13":"product_cat-mootori-osad","14":"product_cat-jahutussusteemid-ja-nende-komponendid","16":"first","17":"instock","18":"shipping-taxable","19":"purchasable","20":"product-type-simple"},"aioseo_notices":[],"_links":{"self":[{"href":"https:\/\/kasima.lt\/et\/wp-json\/wp\/v2\/product\/37662","targetHints":{"allow":["GET"]}}],"collection":[{"href":"https:\/\/kasima.lt\/et\/wp-json\/wp\/v2\/product"}],"about":[{"href":"https:\/\/kasima.lt\/et\/wp-json\/wp\/v2\/types\/product"}],"wp:featuredmedia":[{"embeddable":true,"href":"https:\/\/kasima.lt\/et\/wp-json\/wp\/v2\/media\/37653"}],"wp:attachment":[{"href":"https:\/\/kasima.lt\/et\/wp-json\/wp\/v2\/media?parent=37662"}],"wp:term":[{"taxonomy":"product_brand","embeddable":true,"href":"https:\/\/kasima.lt\/et\/wp-json\/wp\/v2\/product_brand?post=37662"},{"taxonomy":"product_cat","embeddable":true,"href":"https:\/\/kasima.lt\/et\/wp-json\/wp\/v2\/product_cat?post=37662"},{"taxonomy":"product_tag","embeddable":true,"href":"https:\/\/kasima.lt\/et\/wp-json\/wp\/v2\/product_tag?post=37662"}],"curies":[{"name":"wp","href":"https:\/\/api.w.org\/{rel}","templated":true}]}}