{"id":37230,"date":"2025-02-17T13:13:13","date_gmt":"2025-02-17T13:13:13","guid":{"rendered":"https:\/\/kasima.lt\/produktas\/volvo-hidrauline-pagalbine-sklende\/"},"modified":"2025-10-29T13:32:47","modified_gmt":"2025-10-29T13:32:47","slug":"volvo-hidrauline-pagalbine-sklende","status":"publish","type":"product","link":"https:\/\/kasima.lt\/et\/produktas\/volvo-hidrauline-pagalbine-sklende\/","title":{"rendered":"Volvo h\u00fcdrauliline abiventiil"},"content":{"rendered":"<p>See ehtne Volvo osa on kasutatud, kuid t\u00e4iesti t\u00f6\u00f6korras.<br \/>\nOsa number: VOE 14508069<\/p>\n","protected":false},"excerpt":{"rendered":"<p>Hind ilma k\u00e4ibemaksuta<\/p>\n<p>Tootja: VOLVO<br \/>\nMudel: EC210BLC0026<br \/>\nHelista: <a href=\"tel:+37060842988\">+37060842988<br \/><\/a>E-post: <a href=\"mailto:usedparts@kasima.lt\">usedparts@kasima.lt<\/a><\/p>\n","protected":false},"featured_media":37201,"template":"","meta":{"_et_pb_use_builder":"","_et_pb_old_content":"","_et_gb_content_width":"","_monsterinsights_skip_tracking":false,"_monsterinsights_sitenote_active":false,"_monsterinsights_sitenote_note":"","_monsterinsights_sitenote_category":0},"product_brand":[],"product_cat":[397,811,632,319,684,431],"product_tag":[],"class_list":{"0":"post-37230","1":"product","2":"type-product","3":"status-publish","4":"has-post-thumbnail","6":"product_cat-volvo-varuosade","7":"product_cat-ec210blc","8":"product_cat-hudroventiilid","9":"product_cat-kasutatud-varuosade","10":"product_cat-ekskavaatori-osad","11":"product_cat-ehitusmasinad-varuosade","13":"first","14":"instock","15":"shipping-taxable","16":"purchasable","17":"product-type-simple"},"aioseo_notices":[],"_links":{"self":[{"href":"https:\/\/kasima.lt\/et\/wp-json\/wp\/v2\/product\/37230","targetHints":{"allow":["GET"]}}],"collection":[{"href":"https:\/\/kasima.lt\/et\/wp-json\/wp\/v2\/product"}],"about":[{"href":"https:\/\/kasima.lt\/et\/wp-json\/wp\/v2\/types\/product"}],"wp:featuredmedia":[{"embeddable":true,"href":"https:\/\/kasima.lt\/et\/wp-json\/wp\/v2\/media\/37201"}],"wp:attachment":[{"href":"https:\/\/kasima.lt\/et\/wp-json\/wp\/v2\/media?parent=37230"}],"wp:term":[{"taxonomy":"product_brand","embeddable":true,"href":"https:\/\/kasima.lt\/et\/wp-json\/wp\/v2\/product_brand?post=37230"},{"taxonomy":"product_cat","embeddable":true,"href":"https:\/\/kasima.lt\/et\/wp-json\/wp\/v2\/product_cat?post=37230"},{"taxonomy":"product_tag","embeddable":true,"href":"https:\/\/kasima.lt\/et\/wp-json\/wp\/v2\/product_tag?post=37230"}],"curies":[{"name":"wp","href":"https:\/\/api.w.org\/{rel}","templated":true}]}}