{"id":36950,"date":"2025-02-14T12:11:34","date_gmt":"2025-02-14T12:11:34","guid":{"rendered":"https:\/\/kasima.lt\/produktas\/volvo-ec210blc-virsutiniai-begiu-ritineliai\/"},"modified":"2025-10-29T13:32:46","modified_gmt":"2025-10-29T13:32:46","slug":"volvo-ec210blc-virsutiniai-begiu-ritineliai","status":"publish","type":"product","link":"https:\/\/kasima.lt\/et\/produktas\/volvo-ec210blc-virsutiniai-begiu-ritineliai\/","title":{"rendered":"Volvo EC210BLC \u00fclemine r\u00f6\u00f6pmel jaoks"},"content":{"rendered":"<p>See ehtne Volvo EC210BLC \u00fclemine r\u00f6\u00f6basrull on kasutatud, kuid t\u00e4iesti t\u00f6\u00f6korras.<br \/>\nOsa number: SA 1181-00020<br \/>\nHind \u00fchiku kohta<\/p>\n","protected":false},"excerpt":{"rendered":"<p>Hind ilma k\u00e4ibemaksuta<\/p>\n<p>Tootja: VOLVO<br \/>\nMudel: EC210BLC0023<br \/>\nHelista: <a href=\"tel:+37060842988\">+37060842988<br \/><\/a>E-post: <a href=\"mailto:usedparts@kasima.lt\">usedparts@kasima.lt<\/a><\/p>\n","protected":false},"featured_media":36946,"template":"","meta":{"_et_pb_use_builder":"","_et_pb_old_content":"","_et_gb_content_width":"","_monsterinsights_skip_tracking":false,"_monsterinsights_sitenote_active":false,"_monsterinsights_sitenote_note":"","_monsterinsights_sitenote_category":0},"product_brand":[],"product_cat":[397,811,319,684,431,680],"product_tag":[],"class_list":{"0":"post-36950","1":"product","2":"type-product","3":"status-publish","4":"has-post-thumbnail","6":"product_cat-volvo-varuosade","7":"product_cat-ec210blc","8":"product_cat-kasutatud-varuosade","9":"product_cat-ekskavaatori-osad","10":"product_cat-ehitusmasinad-varuosade","11":"product_cat-roomikud-ja-osad","13":"first","14":"instock","15":"shipping-taxable","16":"purchasable","17":"product-type-simple"},"aioseo_notices":[],"_links":{"self":[{"href":"https:\/\/kasima.lt\/et\/wp-json\/wp\/v2\/product\/36950","targetHints":{"allow":["GET"]}}],"collection":[{"href":"https:\/\/kasima.lt\/et\/wp-json\/wp\/v2\/product"}],"about":[{"href":"https:\/\/kasima.lt\/et\/wp-json\/wp\/v2\/types\/product"}],"wp:featuredmedia":[{"embeddable":true,"href":"https:\/\/kasima.lt\/et\/wp-json\/wp\/v2\/media\/36946"}],"wp:attachment":[{"href":"https:\/\/kasima.lt\/et\/wp-json\/wp\/v2\/media?parent=36950"}],"wp:term":[{"taxonomy":"product_brand","embeddable":true,"href":"https:\/\/kasima.lt\/et\/wp-json\/wp\/v2\/product_brand?post=36950"},{"taxonomy":"product_cat","embeddable":true,"href":"https:\/\/kasima.lt\/et\/wp-json\/wp\/v2\/product_cat?post=36950"},{"taxonomy":"product_tag","embeddable":true,"href":"https:\/\/kasima.lt\/et\/wp-json\/wp\/v2\/product_tag?post=36950"}],"curies":[{"name":"wp","href":"https:\/\/api.w.org\/{rel}","templated":true}]}}