{"id":36478,"date":"2025-02-12T07:09:18","date_gmt":"2025-02-12T07:09:18","guid":{"rendered":"https:\/\/kasima.lt\/produktas\/volvo-ec210blc-radiatorius\/"},"modified":"2025-10-29T13:32:44","modified_gmt":"2025-10-29T13:32:44","slug":"volvo-ec210blc-radiatorius","status":"publish","type":"product","link":"https:\/\/kasima.lt\/et\/produktas\/volvo-ec210blc-radiatorius\/","title":{"rendered":"Radiaator Volvo EC210BLC jaoks"},"content":{"rendered":"<p>Radiaator, paisupaak ja ventilaatorivarjund on jahutuss\u00fcsteemi olulised komponendid, need originaalvaruosad Volvo EC210BLC on kasutatud, kuid t\u00e4iesti t\u00f6\u00f6korras.<br \/>\nOsanumbrid:<br \/>\nVOE 14517535 &#8211; radiaator<br \/>\nVOE 14531222 &#8211; Alternatiiv\/asendusradiaator<br \/>\nVOE 14505951 &#8211; Jahutusvedeliku paisupaak<br \/>\nVOE 14505924 &#8211; Ventilaatori katteplaat<\/p>\n","protected":false},"excerpt":{"rendered":"<p>Hind ilma k\u00e4ibemaksuta<\/p>\n<p>Tootja: VOLVO<br \/>\nMudel: EC210BLC0035<br \/>\nHelista: <a href=\"tel:+37060842988\">+37060842988<\/a><br \/>E-post: <a href=\"mailto:usedparts@kasima.lt\">usedparts@kasima.lt<\/a><\/p>\n","protected":false},"featured_media":36424,"template":"","meta":{"_et_pb_use_builder":"","_et_pb_old_content":"","_et_gb_content_width":"","_monsterinsights_skip_tracking":false,"_monsterinsights_sitenote_active":false,"_monsterinsights_sitenote_note":"","_monsterinsights_sitenote_category":0},"product_brand":[],"product_cat":[397,811,319,684,431,720,806],"product_tag":[],"class_list":{"0":"post-36478","1":"product","2":"type-product","3":"status-publish","4":"has-post-thumbnail","6":"product_cat-volvo-varuosade","7":"product_cat-ec210blc","8":"product_cat-kasutatud-varuosade","9":"product_cat-ekskavaatori-osad","10":"product_cat-ehitusmasinad-varuosade","11":"product_cat-mootori-osad","12":"product_cat-jahutussusteemid-ja-nende-komponendid","14":"first","15":"instock","16":"shipping-taxable","17":"purchasable","18":"product-type-simple"},"aioseo_notices":[],"_links":{"self":[{"href":"https:\/\/kasima.lt\/et\/wp-json\/wp\/v2\/product\/36478","targetHints":{"allow":["GET"]}}],"collection":[{"href":"https:\/\/kasima.lt\/et\/wp-json\/wp\/v2\/product"}],"about":[{"href":"https:\/\/kasima.lt\/et\/wp-json\/wp\/v2\/types\/product"}],"wp:featuredmedia":[{"embeddable":true,"href":"https:\/\/kasima.lt\/et\/wp-json\/wp\/v2\/media\/36424"}],"wp:attachment":[{"href":"https:\/\/kasima.lt\/et\/wp-json\/wp\/v2\/media?parent=36478"}],"wp:term":[{"taxonomy":"product_brand","embeddable":true,"href":"https:\/\/kasima.lt\/et\/wp-json\/wp\/v2\/product_brand?post=36478"},{"taxonomy":"product_cat","embeddable":true,"href":"https:\/\/kasima.lt\/et\/wp-json\/wp\/v2\/product_cat?post=36478"},{"taxonomy":"product_tag","embeddable":true,"href":"https:\/\/kasima.lt\/et\/wp-json\/wp\/v2\/product_tag?post=36478"}],"curies":[{"name":"wp","href":"https:\/\/api.w.org\/{rel}","templated":true}]}}