{"id":36418,"date":"2025-02-12T06:15:54","date_gmt":"2025-02-12T06:15:54","guid":{"rendered":"https:\/\/kasima.lt\/produktas\/volvo-ec210blc-oro-filtras\/"},"modified":"2025-10-29T13:32:43","modified_gmt":"2025-10-29T13:32:43","slug":"volvo-ec210blc-oro-filtras","status":"publish","type":"product","link":"https:\/\/kasima.lt\/et\/produktas\/volvo-ec210blc-oro-filtras\/","title":{"rendered":"\u00d5hufilter Volvo EC210BLC jaoks"},"content":{"rendered":"<p>Kasutatud ehtne Volvo EC210BLC \u00f5hufilter, mis on t\u00e4ielikult t\u00f6\u00f6korras ja tagab puhta \u00f5huvoolu.<br \/>\nOsanumbrid:<br \/>\nVOE 14510586 &#8211; \u00d5hupuhasti korpus.<br \/>\nVOE 11110175 &#8211; Esmane \u00f5hufilter.<br \/>\nVOE 11110176 &#8211; turva\u00f5hufilter.<\/p>\n","protected":false},"excerpt":{"rendered":"<p>Hind ilma k\u00e4ibemaksuta<\/p>\n<p>Tootja: VOLVO<br \/>\nMudel: EC210BLC0034<br \/>\nHelista: <a href=\"tel:+37060842988\">+37060842988<\/a><br \/>E-post: <a href=\"mailto:usedparts@kasima.lt\">usedparts@kasima.lt<\/a><\/p>\n","protected":false},"featured_media":36399,"template":"","meta":{"_et_pb_use_builder":"","_et_pb_old_content":"","_et_gb_content_width":"","_monsterinsights_skip_tracking":false,"_monsterinsights_sitenote_active":false,"_monsterinsights_sitenote_note":"","_monsterinsights_sitenote_category":0},"product_brand":[],"product_cat":[926,397,811,319,684,431,720],"product_tag":[],"class_list":{"0":"post-36418","1":"product","2":"type-product","3":"status-publish","4":"has-post-thumbnail","6":"product_cat-summutid-ja-ohufiltrid","7":"product_cat-volvo-varuosade","8":"product_cat-ec210blc","9":"product_cat-kasutatud-varuosade","10":"product_cat-ekskavaatori-osad","11":"product_cat-ehitusmasinad-varuosade","12":"product_cat-mootori-osad","14":"first","15":"instock","16":"shipping-taxable","17":"purchasable","18":"product-type-simple"},"aioseo_notices":[],"_links":{"self":[{"href":"https:\/\/kasima.lt\/et\/wp-json\/wp\/v2\/product\/36418","targetHints":{"allow":["GET"]}}],"collection":[{"href":"https:\/\/kasima.lt\/et\/wp-json\/wp\/v2\/product"}],"about":[{"href":"https:\/\/kasima.lt\/et\/wp-json\/wp\/v2\/types\/product"}],"wp:featuredmedia":[{"embeddable":true,"href":"https:\/\/kasima.lt\/et\/wp-json\/wp\/v2\/media\/36399"}],"wp:attachment":[{"href":"https:\/\/kasima.lt\/et\/wp-json\/wp\/v2\/media?parent=36418"}],"wp:term":[{"taxonomy":"product_brand","embeddable":true,"href":"https:\/\/kasima.lt\/et\/wp-json\/wp\/v2\/product_brand?post=36418"},{"taxonomy":"product_cat","embeddable":true,"href":"https:\/\/kasima.lt\/et\/wp-json\/wp\/v2\/product_cat?post=36418"},{"taxonomy":"product_tag","embeddable":true,"href":"https:\/\/kasima.lt\/et\/wp-json\/wp\/v2\/product_tag?post=36418"}],"curies":[{"name":"wp","href":"https:\/\/api.w.org\/{rel}","templated":true}]}}