{"id":36273,"date":"2025-02-11T12:38:30","date_gmt":"2025-02-11T12:38:30","guid":{"rendered":"https:\/\/kasima.lt\/produktas\/volvo-ec210blc-sonine-pavara\/"},"modified":"2025-10-29T13:32:43","modified_gmt":"2025-10-29T13:32:43","slug":"volvo-ec210blc-sonine-pavara","status":"publish","type":"product","link":"https:\/\/kasima.lt\/et\/produktas\/volvo-ec210blc-sonine-pavara\/","title":{"rendered":"Volvo EC210BLC l\u00f5ppk\u00e4igukast"},"content":{"rendered":"<p>Kasutatud ehtne ja t\u00e4ielikult toimiv l\u00f5ppk\u00e4igukast, mis tagab optimaalse j\u00f5u\u00fclekande ja masina t\u00f5husa t\u00f6\u00f6.<br \/>\nOsanumbrid:<br \/>\nVOE14528733 &#8211; Ehtne Volvo l\u00f5ppajami osa number.<br \/>\nVOE14533651 &#8211; alternatiivne\/asendusosa number.<br \/>\nSA 7117-30030 &#8211; tootja viitenumber.<br \/>\n3G8710 &#8211; t\u00e4iendav seerianumber.<br \/>\nVOE14880006 &#8211; ajakohastatud \u00fchilduvusviide.<br \/>\nEM140V-82\/140-4 &#8211; Tehnilise kirjelduse kood.<\/p>\n","protected":false},"excerpt":{"rendered":"<p>Hind ilma k\u00e4ibemaksuta<\/p>\n<p>Tootja: VOLVO<br \/>\nMudel: EC210BLC0004<br \/>\nHelista: <a href=\"tel:+37060842988\">+37060842988<\/a><br \/>E-post: <a href=\"mailto:usedparts@kasima.lt\">usedparts@kasima.lt<\/a><\/p>\n","protected":false},"featured_media":36244,"template":"","meta":{"_et_pb_use_builder":"","_et_pb_old_content":"","_et_gb_content_width":"","_monsterinsights_skip_tracking":false,"_monsterinsights_sitenote_active":false,"_monsterinsights_sitenote_note":"","_monsterinsights_sitenote_category":0},"product_brand":[],"product_cat":[397,811,319,684,431,716],"product_tag":[],"class_list":{"0":"post-36273","1":"product","2":"type-product","3":"status-publish","4":"has-post-thumbnail","6":"product_cat-volvo-varuosade","7":"product_cat-ec210blc","8":"product_cat-kasutatud-varuosade","9":"product_cat-ekskavaatori-osad","10":"product_cat-ehitusmasinad-varuosade","11":"product_cat-reduktorid-ja-ajamootorid","13":"first","14":"instock","15":"shipping-taxable","16":"purchasable","17":"product-type-simple"},"aioseo_notices":[],"_links":{"self":[{"href":"https:\/\/kasima.lt\/et\/wp-json\/wp\/v2\/product\/36273","targetHints":{"allow":["GET"]}}],"collection":[{"href":"https:\/\/kasima.lt\/et\/wp-json\/wp\/v2\/product"}],"about":[{"href":"https:\/\/kasima.lt\/et\/wp-json\/wp\/v2\/types\/product"}],"wp:featuredmedia":[{"embeddable":true,"href":"https:\/\/kasima.lt\/et\/wp-json\/wp\/v2\/media\/36244"}],"wp:attachment":[{"href":"https:\/\/kasima.lt\/et\/wp-json\/wp\/v2\/media?parent=36273"}],"wp:term":[{"taxonomy":"product_brand","embeddable":true,"href":"https:\/\/kasima.lt\/et\/wp-json\/wp\/v2\/product_brand?post=36273"},{"taxonomy":"product_cat","embeddable":true,"href":"https:\/\/kasima.lt\/et\/wp-json\/wp\/v2\/product_cat?post=36273"},{"taxonomy":"product_tag","embeddable":true,"href":"https:\/\/kasima.lt\/et\/wp-json\/wp\/v2\/product_tag?post=36273"}],"curies":[{"name":"wp","href":"https:\/\/api.w.org\/{rel}","templated":true}]}}