{"id":36133,"date":"2025-02-10T13:42:55","date_gmt":"2025-02-10T13:42:55","guid":{"rendered":"https:\/\/kasima.lt\/produktas\/kaires-puses-atlas-1604-valdymo-svirtis\/"},"modified":"2025-10-29T13:32:42","modified_gmt":"2025-10-29T13:32:42","slug":"kaires-puses-atlas-1604-valdymo-svirtis","status":"publish","type":"product","link":"https:\/\/kasima.lt\/et\/produktas\/kaires-puses-atlas-1604-valdymo-svirtis\/","title":{"rendered":"Vasakpoolne Joystick Atlas 1604 jaoks"},"content":{"rendered":"<p>Kasutatud, kuid t\u00e4iesti t\u00f6\u00f6korras joystick tagab teie ekskavaatori liikumise sujuva ja t\u00e4pse juhtimise.<br \/>\nOsanumbrid:<br \/>\n5620668 &#8211; originaal Atlas joysticki osa number.<br \/>\nREF 07282400 &#8211; \u00dchilduvuse viitenumber.<br \/>\nS\/N A0303190004 &#8211; Seerianumbri identifitseerimine.<\/p>\n","protected":false},"excerpt":{"rendered":"<p>Hind ilma k\u00e4ibemaksuta<\/p>\n<p>Tootja: ATLAS<br \/>\nMudel: AT16040054<br \/>\nHelista: <a href=\"tel:+37060842988\">+37060842988<\/a><br \/>E-post: <a href=\"mailto:usedparts@kasima.lt\">usedparts@kasima.lt<\/a><\/p>\n","protected":false},"featured_media":36119,"template":"","meta":{"_et_pb_use_builder":"","_et_pb_old_content":"","_et_gb_content_width":"","_monsterinsights_skip_tracking":false,"_monsterinsights_sitenote_active":false,"_monsterinsights_sitenote_note":"","_monsterinsights_sitenote_category":0},"product_brand":[],"product_cat":[871,911,485,491,632,319,684,431],"product_tag":[],"class_list":{"0":"post-36133","1":"product","2":"type-product","3":"status-publish","4":"has-post-thumbnail","6":"product_cat-1604-2003","7":"product_cat-juhtkangid","8":"product_cat-atlas-osad","9":"product_cat-elektroonika-osad","10":"product_cat-hudroventiilid","11":"product_cat-kasutatud-varuosade","12":"product_cat-ekskavaatori-osad","13":"product_cat-ehitusmasinad-varuosade","15":"first","16":"instock","17":"shipping-taxable","18":"purchasable","19":"product-type-simple"},"aioseo_notices":[],"_links":{"self":[{"href":"https:\/\/kasima.lt\/et\/wp-json\/wp\/v2\/product\/36133","targetHints":{"allow":["GET"]}}],"collection":[{"href":"https:\/\/kasima.lt\/et\/wp-json\/wp\/v2\/product"}],"about":[{"href":"https:\/\/kasima.lt\/et\/wp-json\/wp\/v2\/types\/product"}],"wp:featuredmedia":[{"embeddable":true,"href":"https:\/\/kasima.lt\/et\/wp-json\/wp\/v2\/media\/36119"}],"wp:attachment":[{"href":"https:\/\/kasima.lt\/et\/wp-json\/wp\/v2\/media?parent=36133"}],"wp:term":[{"taxonomy":"product_brand","embeddable":true,"href":"https:\/\/kasima.lt\/et\/wp-json\/wp\/v2\/product_brand?post=36133"},{"taxonomy":"product_cat","embeddable":true,"href":"https:\/\/kasima.lt\/et\/wp-json\/wp\/v2\/product_cat?post=36133"},{"taxonomy":"product_tag","embeddable":true,"href":"https:\/\/kasima.lt\/et\/wp-json\/wp\/v2\/product_tag?post=36133"}],"curies":[{"name":"wp","href":"https:\/\/api.w.org\/{rel}","templated":true}]}}