{"id":36087,"date":"2025-02-10T09:16:59","date_gmt":"2025-02-10T09:16:59","guid":{"rendered":"https:\/\/kasima.lt\/produktas\/volvo-ec210blc-alyvos-ausintuvas\/"},"modified":"2025-10-29T13:32:42","modified_gmt":"2025-10-29T13:32:42","slug":"volvo-ec210blc-alyvos-ausintuvas","status":"publish","type":"product","link":"https:\/\/kasima.lt\/et\/produktas\/volvo-ec210blc-alyvos-ausintuvas\/","title":{"rendered":"\u00d5lijahuti Volvo EC210BLC jaoks"},"content":{"rendered":"<p>Kasutatud, kuid t\u00e4iesti t\u00f6\u00f6korras \u00f5lijahuti, mis tagab teie ekskavaatori h\u00fcdraulika- ja mootori\u00f5lis\u00fcsteemide optimaalse jahutuse.<br \/>\nOsa numbrid<br \/>\nVOE 14505920<br \/>\nVOE 14515355<\/p>\n","protected":false},"excerpt":{"rendered":"<p>Hind ilma k\u00e4ibemaksuta<\/p>\n<p>Tootja: VOLVO<br \/>\nMudel: EC210BLC0037<br \/>\nHelista:<a href=\"tel:+37060842988\"> +37060842988<\/a><br \/>E-post: <a href=\"mailto:usedparts@kasima.lt\">usedparts@kasima.lt<\/a><\/p>\n","protected":false},"featured_media":36063,"template":"","meta":{"_et_pb_use_builder":"","_et_pb_old_content":"","_et_gb_content_width":"","_monsterinsights_skip_tracking":false,"_monsterinsights_sitenote_active":false,"_monsterinsights_sitenote_note":"","_monsterinsights_sitenote_category":0},"product_brand":[],"product_cat":[397,811,319,684,431,720,806],"product_tag":[],"class_list":{"0":"post-36087","1":"product","2":"type-product","3":"status-publish","4":"has-post-thumbnail","6":"product_cat-volvo-varuosade","7":"product_cat-ec210blc","8":"product_cat-kasutatud-varuosade","9":"product_cat-ekskavaatori-osad","10":"product_cat-ehitusmasinad-varuosade","11":"product_cat-mootori-osad","12":"product_cat-jahutussusteemid-ja-nende-komponendid","14":"first","15":"instock","16":"shipping-taxable","17":"purchasable","18":"product-type-simple"},"aioseo_notices":[],"_links":{"self":[{"href":"https:\/\/kasima.lt\/et\/wp-json\/wp\/v2\/product\/36087","targetHints":{"allow":["GET"]}}],"collection":[{"href":"https:\/\/kasima.lt\/et\/wp-json\/wp\/v2\/product"}],"about":[{"href":"https:\/\/kasima.lt\/et\/wp-json\/wp\/v2\/types\/product"}],"wp:featuredmedia":[{"embeddable":true,"href":"https:\/\/kasima.lt\/et\/wp-json\/wp\/v2\/media\/36063"}],"wp:attachment":[{"href":"https:\/\/kasima.lt\/et\/wp-json\/wp\/v2\/media?parent=36087"}],"wp:term":[{"taxonomy":"product_brand","embeddable":true,"href":"https:\/\/kasima.lt\/et\/wp-json\/wp\/v2\/product_brand?post=36087"},{"taxonomy":"product_cat","embeddable":true,"href":"https:\/\/kasima.lt\/et\/wp-json\/wp\/v2\/product_cat?post=36087"},{"taxonomy":"product_tag","embeddable":true,"href":"https:\/\/kasima.lt\/et\/wp-json\/wp\/v2\/product_tag?post=36087"}],"curies":[{"name":"wp","href":"https:\/\/api.w.org\/{rel}","templated":true}]}}