{"id":35741,"date":"2025-02-07T06:40:31","date_gmt":"2025-02-07T06:40:31","guid":{"rendered":"https:\/\/kasima.lt\/produktas\/atlas-1604-prietaisu-skydelis-su-mikroschema\/"},"modified":"2025-10-29T13:32:41","modified_gmt":"2025-10-29T13:32:41","slug":"atlas-1604-prietaisu-skydelis-su-mikroschema","status":"publish","type":"product","link":"https:\/\/kasima.lt\/et\/produktas\/atlas-1604-prietaisu-skydelis-su-mikroschema\/","title":{"rendered":"Atlas 1604 armatuurlaud koos mikrokiibiga"},"content":{"rendered":"<p>See kasutatud, kuid t\u00e4ielikult toimiv integreeritud mikrokiibiga armatuurlaud tagab teie ekskavaatori oluliste funktsioonide n\u00f5uetekohase j\u00e4relevalve ja juhtimise.<br \/>\nN\u00e4itab mootori j\u00f5udlust ja s\u00fcsteemi hoiatusi<br \/>\nNumbrid armatuurlaual ja mikrokiibil:<br \/>\n98020942<br \/>\n220302615<br \/>\n4733871<br \/>\n172769<\/p>\n","protected":false},"excerpt":{"rendered":"<p>Hind ilma k\u00e4ibemaksuta<\/p>\n<p>Tootja: ATLAS<br \/>\nMudel: AT16040053<br \/>\nHelista:<a href=\"tel:+37060842988\"> +37060842988<\/a><br \/>E-post: <a href=\"mailto:usedparts@kasima.lt\">usedparts@kasima.lt<\/a><\/p>\n","protected":false},"featured_media":35722,"template":"","meta":{"_et_pb_use_builder":"","_et_pb_old_content":"","_et_gb_content_width":"","_monsterinsights_skip_tracking":false,"_monsterinsights_sitenote_active":false,"_monsterinsights_sitenote_note":"","_monsterinsights_sitenote_category":0},"product_brand":[],"product_cat":[871,932,485,491,604,644,319,684,431],"product_tag":[],"class_list":{"0":"post-35741","1":"product","2":"type-product","3":"status-publish","4":"has-post-thumbnail","6":"product_cat-1604-2003","7":"product_cat-seadmete-monitorid-ja-juhtpaneelid","8":"product_cat-atlas-osad","9":"product_cat-elektroonika-osad","10":"product_cat-juhtplokid","11":"product_cat-kabiinid-ja-osad","12":"product_cat-kasutatud-varuosade","13":"product_cat-ekskavaatori-osad","14":"product_cat-ehitusmasinad-varuosade","16":"first","17":"instock","18":"shipping-taxable","19":"purchasable","20":"product-type-simple"},"aioseo_notices":[],"_links":{"self":[{"href":"https:\/\/kasima.lt\/et\/wp-json\/wp\/v2\/product\/35741","targetHints":{"allow":["GET"]}}],"collection":[{"href":"https:\/\/kasima.lt\/et\/wp-json\/wp\/v2\/product"}],"about":[{"href":"https:\/\/kasima.lt\/et\/wp-json\/wp\/v2\/types\/product"}],"wp:featuredmedia":[{"embeddable":true,"href":"https:\/\/kasima.lt\/et\/wp-json\/wp\/v2\/media\/35722"}],"wp:attachment":[{"href":"https:\/\/kasima.lt\/et\/wp-json\/wp\/v2\/media?parent=35741"}],"wp:term":[{"taxonomy":"product_brand","embeddable":true,"href":"https:\/\/kasima.lt\/et\/wp-json\/wp\/v2\/product_brand?post=35741"},{"taxonomy":"product_cat","embeddable":true,"href":"https:\/\/kasima.lt\/et\/wp-json\/wp\/v2\/product_cat?post=35741"},{"taxonomy":"product_tag","embeddable":true,"href":"https:\/\/kasima.lt\/et\/wp-json\/wp\/v2\/product_tag?post=35741"}],"curies":[{"name":"wp","href":"https:\/\/api.w.org\/{rel}","templated":true}]}}