{"id":34353,"date":"2025-01-16T11:02:48","date_gmt":"2025-01-16T11:02:48","guid":{"rendered":"https:\/\/kasima.lt\/produktas\/bobcat-valdymo-voztuvas\/"},"modified":"2025-10-29T13:32:39","modified_gmt":"2025-10-29T13:32:39","slug":"bobcat-valdymo-voztuvas","status":"publish","type":"product","link":"https:\/\/kasima.lt\/et\/produktas\/bobcat-valdymo-voztuvas\/","title":{"rendered":"Bobcat kontrollventiil"},"content":{"rendered":"<p>Kasutatud juhtklapp, mis on eemaldatud Bobcat T590-st. <br \/>Osa number 7297074<br \/>See ehtne Bobcat komponent sobib mudelitega S510, S530, S550, S570, S590, S595, T550, T590 ja T595.<br \/>Juhtklapp on teie laaduri h\u00fcdraulikas\u00fcsteemi kriitiline osa, mis tagab erinevate funktsioonide t\u00f5rgeteta toimimise ja reageerimisv\u00f5ime. <\/p>\n","protected":false},"excerpt":{"rendered":"<p>Hind ilma k\u00e4ibemaksuta<\/p>\n<p>Tootja: BOBCAT<br \/>Mudel: T590BC0020<br \/>Helista: <a href=\"tel:+37060842988\">+37060842988<\/a><br \/>E-post: <a href=\"mailto:usedparts@kasima.lt\">usedparts@kasima.lt <\/a><\/p>\n","protected":false},"featured_media":34334,"template":"","meta":{"_et_pb_use_builder":"","_et_pb_old_content":"","_et_gb_content_width":"","_monsterinsights_skip_tracking":false,"_monsterinsights_sitenote_active":false,"_monsterinsights_sitenote_note":"","_monsterinsights_sitenote_category":0},"product_brand":[],"product_cat":[405,831,632,319,431],"product_tag":[],"class_list":{"0":"post-34353","1":"product","2":"type-product","3":"status-publish","4":"has-post-thumbnail","6":"product_cat-bobcat-osad","7":"product_cat-t590-2022","8":"product_cat-hudroventiilid","9":"product_cat-kasutatud-varuosade","10":"product_cat-ehitusmasinad-varuosade","12":"first","13":"instock","14":"shipping-taxable","15":"purchasable","16":"product-type-simple"},"aioseo_notices":[],"_links":{"self":[{"href":"https:\/\/kasima.lt\/et\/wp-json\/wp\/v2\/product\/34353","targetHints":{"allow":["GET"]}}],"collection":[{"href":"https:\/\/kasima.lt\/et\/wp-json\/wp\/v2\/product"}],"about":[{"href":"https:\/\/kasima.lt\/et\/wp-json\/wp\/v2\/types\/product"}],"wp:featuredmedia":[{"embeddable":true,"href":"https:\/\/kasima.lt\/et\/wp-json\/wp\/v2\/media\/34334"}],"wp:attachment":[{"href":"https:\/\/kasima.lt\/et\/wp-json\/wp\/v2\/media?parent=34353"}],"wp:term":[{"taxonomy":"product_brand","embeddable":true,"href":"https:\/\/kasima.lt\/et\/wp-json\/wp\/v2\/product_brand?post=34353"},{"taxonomy":"product_cat","embeddable":true,"href":"https:\/\/kasima.lt\/et\/wp-json\/wp\/v2\/product_cat?post=34353"},{"taxonomy":"product_tag","embeddable":true,"href":"https:\/\/kasima.lt\/et\/wp-json\/wp\/v2\/product_tag?post=34353"}],"curies":[{"name":"wp","href":"https:\/\/api.w.org\/{rel}","templated":true}]}}