{"id":33841,"date":"2024-12-23T16:38:23","date_gmt":"2024-12-23T16:38:23","guid":{"rendered":"https:\/\/kasima.lt\/produktas\/asfalto-freza-wirtgen-w200i-2018\/"},"modified":"2025-10-29T13:32:36","modified_gmt":"2025-10-29T13:32:36","slug":"asfalto-freza-wirtgen-w200i-2018","status":"publish","type":"product","link":"https:\/\/kasima.lt\/et\/produktas\/asfalto-freza-wirtgen-w200i-2018\/","title":{"rendered":"Asfaldifreesimismasin Wirtgen W200i, 2018"},"content":{"rendered":"<p>Wirtgen W210i asfaldifreesimismasin, mida ei kasutata Leedus.<\/p>\n<p>Valmistamise aasta 2018.<br \/>Moto tundi 2041.<br \/>Mootor Cummins 447 kw.<br \/>Masina kaal 27850 kg.<br \/>Freesimistrummel FB2200\/HT22\/LA15.<br \/>Freesimiss\u00fcgavus 0-330 mm<br \/>Level Pro juhtpaneel.<br \/>Survepesus\u00fcsteem.<br \/>H\u00fcdrauliliselt kallutatav katus.<br \/>T\u00e4iendav kaal 1700 kg.<br \/>Kokkupandav ja h\u00fcdrauliliselt p\u00f6\u00f6rlev konveier.<br \/>VCS vaakumfreesimise s\u00fcsteem.<br \/>Varustatud jahutuss\u00fcsteemiga freeselementide jaoks, mille veepumpa reguleeritakse vastavalt koormusele.<br \/>H\u00fcdrauliline pump veepaagi t\u00e4itmiseks.<br \/>K\u00f5rgsurvepesus\u00fcsteem k\u00e4sitsi.<br \/>Automatiseeritud freesimiss\u00fcgavuss\u00fcsteem.<br \/>Freesimismasina t\u00f6\u00f6parameetrite monitoorne kontroll.<\/p>\n<p>Kavandatav masin on hooldatud 2000 moto-tundi.<\/p>\n<p><iframe loading=\"lazy\" title=\"Wirtgen W200i, 2018 for sale! 2000 hours only!\" width=\"1080\" height=\"608\" src=\"https:\/\/www.youtube.com\/embed\/6MFYK4JwhFo?feature=oembed\"  allow=\"accelerometer; autoplay; clipboard-write; encrypted-media; gyroscope; picture-in-picture; web-share\" referrerpolicy=\"strict-origin-when-cross-origin\" allowfullscreen><\/iframe><\/p>\n","protected":false},"excerpt":{"rendered":"<p>Hind ilma k\u00e4ibemaksuta<\/p>\n<p>Tootja: Wirtgen<br \/>\nMudel: W200i<br \/>\nHelista: <a href=\"tel:+37067607071\">+37067607071<\/a><br \/>\nE-post: <a href=\"mailto:sales@kasima.lt\">sales@kasima.lt<\/a><\/p>\n","protected":false},"featured_media":33542,"template":"","meta":{"_et_pb_use_builder":"","_et_pb_old_content":"","_et_gb_content_width":"","_monsterinsights_skip_tracking":false,"_monsterinsights_sitenote_active":false,"_monsterinsights_sitenote_note":"","_monsterinsights_sitenote_category":0},"product_brand":[],"product_cat":[196,147],"product_tag":[],"class_list":{"0":"post-33841","1":"product","2":"type-product","3":"status-publish","4":"has-post-thumbnail","6":"product_cat-tee-ehitusmasinad","7":"product_cat-ehitus","9":"first","10":"outofstock","11":"shipping-taxable","12":"product-type-simple"},"aioseo_notices":[],"_links":{"self":[{"href":"https:\/\/kasima.lt\/et\/wp-json\/wp\/v2\/product\/33841","targetHints":{"allow":["GET"]}}],"collection":[{"href":"https:\/\/kasima.lt\/et\/wp-json\/wp\/v2\/product"}],"about":[{"href":"https:\/\/kasima.lt\/et\/wp-json\/wp\/v2\/types\/product"}],"wp:featuredmedia":[{"embeddable":true,"href":"https:\/\/kasima.lt\/et\/wp-json\/wp\/v2\/media\/33542"}],"wp:attachment":[{"href":"https:\/\/kasima.lt\/et\/wp-json\/wp\/v2\/media?parent=33841"}],"wp:term":[{"taxonomy":"product_brand","embeddable":true,"href":"https:\/\/kasima.lt\/et\/wp-json\/wp\/v2\/product_brand?post=33841"},{"taxonomy":"product_cat","embeddable":true,"href":"https:\/\/kasima.lt\/et\/wp-json\/wp\/v2\/product_cat?post=33841"},{"taxonomy":"product_tag","embeddable":true,"href":"https:\/\/kasima.lt\/et\/wp-json\/wp\/v2\/product_tag?post=33841"}],"curies":[{"name":"wp","href":"https:\/\/api.w.org\/{rel}","templated":true}]}}