{"id":33319,"date":"2024-12-17T07:54:38","date_gmt":"2024-12-17T07:54:38","guid":{"rendered":"https:\/\/kasima.lt\/produktas\/atlas-stabdziu-pedalas\/"},"modified":"2025-10-29T13:32:36","modified_gmt":"2025-10-29T13:32:36","slug":"atlas-stabdziu-pedalas","status":"publish","type":"product","link":"https:\/\/kasima.lt\/et\/produktas\/atlas-stabdziu-pedalas\/","title":{"rendered":"Atlas piduripedaal"},"content":{"rendered":"<p>Kasutatud Atlas piduripedaal<br \/>Masina t\u00fc\u00fcp: Atlas ekskavaator (v\u00f5i sarnane rasketehnika): Atlas ekskavaator (v\u00f5i sarnane rasketehnika)<br \/>Kasutatud, funktsionaalne, v\u00e4hese kulumisega, mis vastab kasutamisele<br \/>See Atlase piduripedaal on raskete ehitusmasinate, n\u00e4iteks ekskavaatorite ja laadurite piduris\u00fcsteemide juhtimiseks oluline juhtimiskomponent. See on loodud vastupidavuse ja t\u00e4psuse tagamiseks ning tagab ohutu t\u00f6\u00f6tamise n\u00f5udlikes ehitus- v\u00f5i t\u00f6\u00f6stuskeskkondades. <\/p>\n","protected":false},"excerpt":{"rendered":"<p>Hind ilma k\u00e4ibemaksuta<\/p>\n<p>Tootja: ATLAS<br \/>Mudel: AT16040043<br \/>Helista:<a href=\"tel:+37060842988\"> +37060842988<\/a><br \/>E-post: <a href=\"mailto:usedparts@kasima.lt\">usedparts@kasima.lt <\/a><\/p>\n","protected":false},"featured_media":33315,"template":"","meta":{"_et_pb_use_builder":"","_et_pb_old_content":"","_et_gb_content_width":"","_monsterinsights_skip_tracking":false,"_monsterinsights_sitenote_active":false,"_monsterinsights_sitenote_note":"","_monsterinsights_sitenote_category":0},"product_brand":[],"product_cat":[871,485,644,319,684,431],"product_tag":[],"class_list":{"0":"post-33319","1":"product","2":"type-product","3":"status-publish","4":"has-post-thumbnail","6":"product_cat-1604-2003","7":"product_cat-atlas-osad","8":"product_cat-kabiinid-ja-osad","9":"product_cat-kasutatud-varuosade","10":"product_cat-ekskavaatori-osad","11":"product_cat-ehitusmasinad-varuosade","13":"first","14":"instock","15":"shipping-taxable","16":"purchasable","17":"product-type-simple"},"aioseo_notices":[],"_links":{"self":[{"href":"https:\/\/kasima.lt\/et\/wp-json\/wp\/v2\/product\/33319","targetHints":{"allow":["GET"]}}],"collection":[{"href":"https:\/\/kasima.lt\/et\/wp-json\/wp\/v2\/product"}],"about":[{"href":"https:\/\/kasima.lt\/et\/wp-json\/wp\/v2\/types\/product"}],"wp:featuredmedia":[{"embeddable":true,"href":"https:\/\/kasima.lt\/et\/wp-json\/wp\/v2\/media\/33315"}],"wp:attachment":[{"href":"https:\/\/kasima.lt\/et\/wp-json\/wp\/v2\/media?parent=33319"}],"wp:term":[{"taxonomy":"product_brand","embeddable":true,"href":"https:\/\/kasima.lt\/et\/wp-json\/wp\/v2\/product_brand?post=33319"},{"taxonomy":"product_cat","embeddable":true,"href":"https:\/\/kasima.lt\/et\/wp-json\/wp\/v2\/product_cat?post=33319"},{"taxonomy":"product_tag","embeddable":true,"href":"https:\/\/kasima.lt\/et\/wp-json\/wp\/v2\/product_tag?post=33319"}],"curies":[{"name":"wp","href":"https:\/\/api.w.org\/{rel}","templated":true}]}}