{"id":33213,"date":"2024-12-16T13:32:31","date_gmt":"2024-12-16T13:32:31","guid":{"rendered":"https:\/\/kasima.lt\/produktas\/sauer-danfoss-vairo-valdymo-blokas\/"},"modified":"2025-10-29T13:32:35","modified_gmt":"2025-10-29T13:32:35","slug":"sauer-danfoss-vairo-valdymo-blokas","status":"publish","type":"product","link":"https:\/\/kasima.lt\/et\/produktas\/sauer-danfoss-vairo-valdymo-blokas\/","title":{"rendered":"Sauer-Danfoss h\u00fcdrauliline rooliseadme plokk"},"content":{"rendered":"<p>Kasutatud Sauer-Danfoss h\u00fcdrauliline rooliseadme plokk OSPC 200 ON 150-3008<br \/>Mudeli number: OSPC 200 ON<br \/>Osa number: 150-3008<br \/>Sauer-Danfoss Orbitrol (OSPC 200 ON) on ehitus- ja p\u00f5llumajandusmasinates kasutatav h\u00fcdrauliline roolijuhtimisseade. See v\u00f5imaldab sujuvat, t\u00e4pset ja usaldusv\u00e4\u00e4rset roolijuhtimist, suunates h\u00fcdraulilist voolu juhtimissilindritele.<br \/>Toodab Sauer-Danfoss, mis on \u00fclemaailmselt tuntud ettev\u00f5te, mis on spetsialiseerunud k\u00f5rgekvaliteedilistele h\u00fcdraulilistele ja elektroonilistele komponentidele rasketehnika jaoks.<br \/>Kasutatakse tavaliselt traktorite, laadurite, kahvelt\u00f5stukite ja muude h\u00fcdrauliliste s\u00f5idukite juhtimiss\u00fcsteemides.<br \/>Sobib eriti masinatele, mis n\u00f5uavad voolukiirust 200 cm\u00b3 p\u00f6\u00f6rde kohta, ja avatud keskusega h\u00fcdraulikas\u00fcsteemidele.    <\/p>\n","protected":false},"excerpt":{"rendered":"<p>Hind ilma k\u00e4ibemaksuta<\/p>\n<p>Tootja: SAUER-DANFOSS<br \/>Mudel: AT16040039<br \/>Helista: <a href=\"tel:+37060842988\">+37060842988<\/a><br \/>E-post: <a href=\"mailto:usedparts@kasima.lt\">usedparts@kasima.lt <\/a><\/p>\n","protected":false},"featured_media":33204,"template":"","meta":{"_et_pb_use_builder":"","_et_pb_old_content":"","_et_gb_content_width":"","_monsterinsights_skip_tracking":false,"_monsterinsights_sitenote_active":false,"_monsterinsights_sitenote_note":"","_monsterinsights_sitenote_category":0},"product_brand":[],"product_cat":[485,608,644,319,684,431,676],"product_tag":[],"class_list":{"0":"post-33213","1":"product","2":"type-product","3":"status-publish","4":"has-post-thumbnail","6":"product_cat-atlas-osad","7":"product_cat-hudrosusteemi-osad","8":"product_cat-kabiinid-ja-osad","9":"product_cat-kasutatud-varuosade","10":"product_cat-ekskavaatori-osad","11":"product_cat-ehitusmasinad-varuosade","12":"product_cat-rooliseadmed","14":"first","15":"instock","16":"shipping-taxable","17":"purchasable","18":"product-type-simple"},"aioseo_notices":[],"_links":{"self":[{"href":"https:\/\/kasima.lt\/et\/wp-json\/wp\/v2\/product\/33213","targetHints":{"allow":["GET"]}}],"collection":[{"href":"https:\/\/kasima.lt\/et\/wp-json\/wp\/v2\/product"}],"about":[{"href":"https:\/\/kasima.lt\/et\/wp-json\/wp\/v2\/types\/product"}],"wp:featuredmedia":[{"embeddable":true,"href":"https:\/\/kasima.lt\/et\/wp-json\/wp\/v2\/media\/33204"}],"wp:attachment":[{"href":"https:\/\/kasima.lt\/et\/wp-json\/wp\/v2\/media?parent=33213"}],"wp:term":[{"taxonomy":"product_brand","embeddable":true,"href":"https:\/\/kasima.lt\/et\/wp-json\/wp\/v2\/product_brand?post=33213"},{"taxonomy":"product_cat","embeddable":true,"href":"https:\/\/kasima.lt\/et\/wp-json\/wp\/v2\/product_cat?post=33213"},{"taxonomy":"product_tag","embeddable":true,"href":"https:\/\/kasima.lt\/et\/wp-json\/wp\/v2\/product_tag?post=33213"}],"curies":[{"name":"wp","href":"https:\/\/api.w.org\/{rel}","templated":true}]}}