{"id":33141,"date":"2024-12-13T07:45:50","date_gmt":"2024-12-13T07:45:50","guid":{"rendered":"https:\/\/kasima.lt\/produktas\/kompaktiskas-viksrinis-krautuvas-bobcat-t590\/"},"modified":"2025-10-29T13:32:35","modified_gmt":"2025-10-29T13:32:35","slug":"kompaktiskas-viksrinis-krautuvas-bobcat-t590","status":"publish","type":"product","link":"https:\/\/kasima.lt\/et\/produktas\/kompaktiskas-viksrinis-krautuvas-bobcat-t590\/","title":{"rendered":"Bobcat T590 kompaktne roomiklaadur"},"content":{"rendered":"<p>Bobcat T590 kompaktne roomiklaadur p\u00e4rast tulekahju, m\u00fc\u00fcakse osade kaupa<br \/>Aasta: 2022<br \/>Kabiin Tulekahjus t\u00e4ielikult h\u00e4vinud; p\u00e4\u00e4stetavad osad puuduvad.<br \/>Ajami komponendid n\u00e4itavad kerget kulumist ja on suurep\u00e4rases mehaanilises seisukorras.<br \/>Bobcat T590 osad m\u00fc\u00fcgil  <\/p>\n","protected":false},"excerpt":{"rendered":"<p>Hind ilma k\u00e4ibemaksuta<\/p>\n<p>Tootja: BOBCAT<br \/>Mudel: T590<br \/>Helista: <a href=\"tel:+37060842988\">+37060842988<\/a><br \/>E-post: <a href=\"mailto:usedparts@kasima.lt\">usedparts@kasima.lt <\/a><\/p>\n","protected":false},"featured_media":33132,"template":"","meta":{"_et_pb_use_builder":"","_et_pb_old_content":"","_et_gb_content_width":"","_monsterinsights_skip_tracking":false,"_monsterinsights_sitenote_active":false,"_monsterinsights_sitenote_note":"","_monsterinsights_sitenote_category":0},"product_brand":[],"product_cat":[405,831,608,319,692,431,704,720,744],"product_tag":[],"class_list":{"0":"post-33141","1":"product","2":"type-product","3":"status-publish","4":"has-post-thumbnail","6":"product_cat-bobcat-osad","7":"product_cat-t590-2022","8":"product_cat-hudrosusteemi-osad","9":"product_cat-kasutatud-varuosade","10":"product_cat-mini-laaduri-osad","11":"product_cat-ehitusmasinad-varuosade","12":"product_cat-kaigukasti-osad","13":"product_cat-mootori-osad","14":"product_cat-sassii-osad","16":"first","17":"instock","18":"shipping-taxable","19":"product-type-simple"},"aioseo_notices":[],"_links":{"self":[{"href":"https:\/\/kasima.lt\/et\/wp-json\/wp\/v2\/product\/33141","targetHints":{"allow":["GET"]}}],"collection":[{"href":"https:\/\/kasima.lt\/et\/wp-json\/wp\/v2\/product"}],"about":[{"href":"https:\/\/kasima.lt\/et\/wp-json\/wp\/v2\/types\/product"}],"wp:featuredmedia":[{"embeddable":true,"href":"https:\/\/kasima.lt\/et\/wp-json\/wp\/v2\/media\/33132"}],"wp:attachment":[{"href":"https:\/\/kasima.lt\/et\/wp-json\/wp\/v2\/media?parent=33141"}],"wp:term":[{"taxonomy":"product_brand","embeddable":true,"href":"https:\/\/kasima.lt\/et\/wp-json\/wp\/v2\/product_brand?post=33141"},{"taxonomy":"product_cat","embeddable":true,"href":"https:\/\/kasima.lt\/et\/wp-json\/wp\/v2\/product_cat?post=33141"},{"taxonomy":"product_tag","embeddable":true,"href":"https:\/\/kasima.lt\/et\/wp-json\/wp\/v2\/product_tag?post=33141"}],"curies":[{"name":"wp","href":"https:\/\/api.w.org\/{rel}","templated":true}]}}