{"id":32446,"date":"2024-12-06T08:36:32","date_gmt":"2024-12-06T08:36:32","guid":{"rendered":"https:\/\/kasima.lt\/produktas\/kuro-filtras-hifi\/"},"modified":"2025-10-29T13:32:34","modified_gmt":"2025-10-29T13:32:34","slug":"kuro-filtras-hifi","status":"publish","type":"product","link":"https:\/\/kasima.lt\/et\/produktas\/kuro-filtras-hifi\/","title":{"rendered":"K\u00fctusefilter HIFI"},"content":{"rendered":"<p>Kasutatud t\u00e4iesti t\u00f6\u00f6korras k\u00fctusefiltri koost HIFI SN909030 alates Atlas 1604 ekskavaatorist.<br \/>Tootja: HIFI<br \/> Osa number: SN909030<br \/>T\u00e4ielik k\u00fctusefiltri komplekt, mis on m\u00f5eldud k\u00fctuse puhtuse s\u00e4ilitamiseks, tagades mootori optimaalse j\u00f5udluse raskeveokites nagu Atlas 1604 ekskavaator.<\/p>\n","protected":false},"excerpt":{"rendered":"<p>Hind ilma k\u00e4ibemaksuta<\/p>\n<p>Tootja: HIFI<br \/>Mudel: AT16040035<br \/>Helista: <a href=\"tel:+37060842988\">+37060842988<\/a><br \/>E-post: <a href=\"mailto:usedparts@kasima.lt\">usedparts@kasima.lt <\/a><\/p>\n","protected":false},"featured_media":32427,"template":"","meta":{"_et_pb_use_builder":"","_et_pb_old_content":"","_et_gb_content_width":"","_monsterinsights_skip_tracking":false,"_monsterinsights_sitenote_active":false,"_monsterinsights_sitenote_note":"","_monsterinsights_sitenote_category":0},"product_brand":[],"product_cat":[871,936,485,319,684,431,720],"product_tag":[],"class_list":{"0":"post-32446","1":"product","2":"type-product","3":"status-publish","4":"has-post-thumbnail","6":"product_cat-1604-2003","7":"product_cat-filtrid","8":"product_cat-atlas-osad","9":"product_cat-kasutatud-varuosade","10":"product_cat-ekskavaatori-osad","11":"product_cat-ehitusmasinad-varuosade","12":"product_cat-mootori-osad","14":"first","15":"instock","16":"shipping-taxable","17":"purchasable","18":"product-type-simple"},"aioseo_notices":[],"_links":{"self":[{"href":"https:\/\/kasima.lt\/et\/wp-json\/wp\/v2\/product\/32446","targetHints":{"allow":["GET"]}}],"collection":[{"href":"https:\/\/kasima.lt\/et\/wp-json\/wp\/v2\/product"}],"about":[{"href":"https:\/\/kasima.lt\/et\/wp-json\/wp\/v2\/types\/product"}],"wp:featuredmedia":[{"embeddable":true,"href":"https:\/\/kasima.lt\/et\/wp-json\/wp\/v2\/media\/32427"}],"wp:attachment":[{"href":"https:\/\/kasima.lt\/et\/wp-json\/wp\/v2\/media?parent=32446"}],"wp:term":[{"taxonomy":"product_brand","embeddable":true,"href":"https:\/\/kasima.lt\/et\/wp-json\/wp\/v2\/product_brand?post=32446"},{"taxonomy":"product_cat","embeddable":true,"href":"https:\/\/kasima.lt\/et\/wp-json\/wp\/v2\/product_cat?post=32446"},{"taxonomy":"product_tag","embeddable":true,"href":"https:\/\/kasima.lt\/et\/wp-json\/wp\/v2\/product_tag?post=32446"}],"curies":[{"name":"wp","href":"https:\/\/api.w.org\/{rel}","templated":true}]}}